{"id":685,"date":"2022-07-12T16:25:54","date_gmt":"2022-07-12T19:25:54","guid":{"rendered":"http:\/\/emc.mg.gov.br\/institucional\/?page_id=685"},"modified":"2026-04-17T10:28:25","modified_gmt":"2026-04-17T13:28:25","slug":"quem-e-quem","status":"publish","type":"page","link":"https:\/\/emc.mg.gov.br\/institucional\/quem-e-quem\/","title":{"rendered":"Quem \u00e9 quem"},"content":{"rendered":"\n<p><strong>EMC \u2013 EMPRESA MINEIRA DE COMUNICA\u00c7\u00c3O<\/strong><\/p>\n\n\n\n<p><strong>Diretor-presidente<\/strong>\u00a0| Ike Yagelovic |\u00a0<a href=\"mailto:presidencia@inconfidencia.com.br\">presidencia@inconfidencia.com.br<\/a>\u00a0| (31) 3254-3442<\/p>\n\n\n\n<p><strong>Diretoria Geral<\/strong>&nbsp;| Luciano Correia Gon\u00e7alves |&nbsp;<a href=\"mailto:lucianocorreia@redeminas.mg.gov.br\" target=\"_blank\" rel=\"noreferrer noopener\">lucianocorreia@redeminas.mg.gov.br<\/a>&nbsp;&nbsp;| (31) 3254-3025<\/p>\n\n\n\n<p><strong>Assessoria de TI<\/strong>&nbsp;| Bruno Diniz Silva Neves |&nbsp;<a href=\"mailto:bruno.neves@redeminas.mg.gov.br\">bruno.neves@redeminas.mg.gov.br<\/a>&nbsp;| (31) 3254-3023<\/p>\n\n\n\n<p><strong>Assessoria Jur\u00eddica<\/strong>&nbsp;| Luciana Agda Diniz |&nbsp;&nbsp;<a href=\"mailto:luciana.diniz@emc.mg.gov.br\">luciana.diniz@emc.mg.gov.br<\/a>&nbsp;| (31) 3254-3454<\/p>\n\n\n\n<p><strong>Assessoria de Comunica\u00e7\u00e3o Social<\/strong>&nbsp;| Daniel Pereira Vilela |&nbsp;&nbsp;daniel.vilela@emc.mg.gov.br&nbsp;| (31) 3254-3429<\/p>\n\n\n\n<p><strong>Auditoria Interna<\/strong>&nbsp;| Martha Helena Rodrigues Lima&nbsp; |&nbsp;<a href=\"mailto:martha.lima@emc.mg.gov.br\">martha.lima@emc.mg.gov.br<\/a>&nbsp;| (31) 3254-3474<\/p>\n\n\n\n<hr class=\"wp-block-separator has-alpha-channel-opacity\"\/>\n\n\n\n<p><strong>DIRETORIA DE PLANEJAMENTO, GEST\u00c3O E FINAN\u00c7AS<\/strong><\/p>\n\n\n\n<p><strong>Diretoria de Planejamento, Gest\u00e3o e Finan\u00e7as<\/strong>&nbsp;| Elaine do Carmo Luiz |&nbsp;&nbsp;<a href=\"mailto:elaine.luiz@redeminas.mg.gov.br\">elaine.luiz@redeminas.mg.gov.br<\/a>&nbsp;| (31) 3254-3042<\/p>\n\n\n\n<p><strong>Ger\u00eancia de Gest\u00e3o de Pessoas<\/strong>&nbsp;| Luiz Roberto Gusm\u00e3o |&nbsp;<a rel=\"noreferrer noopener\" href=\"mailto:luiz.gusmao@redeminas.mg.gov.br\" target=\"_blank\">luiz.gusmao@redeminas.mg.gov.br<\/a>&nbsp;| (31) 3254-3073<\/p>\n\n\n\n<p>\u2013<strong>Supervis\u00e3o de Recursos Humanos e Desenvolvimento de Pessoas<\/strong>&nbsp;| Maur\u00edcio Martins Da Paix\u00e3o |&nbsp;<a href=\"mailto:mauricio.paixao@emc.mg.gov.br\" target=\"_blank\" rel=\"noreferrer noopener\">mauricio.paixao@emc.mg.gov.br<\/a>&nbsp;| (31) 3254-3029<\/p>\n\n\n\n<p><strong>Ger\u00eancia de Planejamento, Contabilidade e Finan\u00e7as&nbsp;<\/strong>| Leonardo Souza de Oliveira | <a href=\"mailto:leonardo.souza@emc.mg.gov.br\" target=\"_blank\" rel=\"noreferrer noopener\">leonardo.souza@emc.mg.gov.br<\/a>&nbsp;| (31) 3254-3091<\/p>\n\n\n\n<p><strong>Ger\u00eancia de Log\u00edstica e Patrim\u00f4nio<\/strong>&nbsp;| Stephanie Andressa Marques de Almeida  |&nbsp;<a href=\"mailto:stephanie.almeida@emc.mg.gov.br\" target=\"_blank\" rel=\"noreferrer noopener\">stephanie.almeida@emc.mg.gov.br<\/a>&nbsp;| (31) 3254-3430<\/p>\n\n\n\n<p>\u2013<strong>Supervis\u00e3o de Compras&nbsp;<\/strong>| Matheus Martins de Lima Soares |&nbsp;<a href=\"mailto:matheus.lima@redeminas.mg.gov.br\">matheus.lima@redeminas.mg.gov.br<\/a>&nbsp;| (31) 3254-3439<\/p>\n\n\n\n<p>\u2013<strong>Supervis\u00e3o de Log\u00edstica, Manuten\u00e7\u00e3o e Patrim\u00f4nio<\/strong>&nbsp;| Rodrigo da Concei\u00e7\u00e3o Santos | <a href=\"mailto:rodrigo.conceicao@emc.mg.gov.br\">rodrigo.conceicao@emc.mg.gov.br<\/a>&nbsp;| (31) 3254-3446<\/p>\n\n\n\n<p>\u2013<strong>Supervis\u00e3o de Contratos, Conv\u00eanios, Prest. Cont.<\/strong>&nbsp;| Sofia Elizabeth Silva Albergaria Anuzi |&nbsp;<a href=\"mailto:sofia.anuzi@redeminas.mg.gov.br\">sofia.anuzi@redeminas.mg.gov.br<\/a>&nbsp;| (31) 3254-3461<\/p>\n\n\n\n<hr class=\"wp-block-separator has-alpha-channel-opacity\"\/>\n\n\n\n<p><strong>DIRETORIA DE TECNOLOGIA E POL\u00cdTICAS DE TELECOMUNICA\u00c7\u00d5ES<\/strong><\/p>\n\n\n\n<p><strong>Diretoria de Tecnologia e Pol\u00edticas de Telecomunica\u00e7\u00f5es<\/strong>&nbsp;| Caroline Cristina dos Santos | <a href=\"mailto:caroline.santos@emc.mg.gov.br\" target=\"_blank\" rel=\"noreferrer noopener\">caroline.santos@emc.mg.gov.br<\/a> | (31) 3254-3039<\/p>\n\n\n\n<p><strong>Ger\u00eancia de Manuten\u00e7\u00e3o e Opera\u00e7\u00f5es&nbsp;<\/strong>| Pedro Velasquez Santos |&nbsp;<a rel=\"noreferrer noopener\" href=\"mailto:pedro.velasquez@redeminas.mg.gov.br\" target=\"_blank\">pedro.velasquez@redeminas.mg.gov.br<\/a>&nbsp;| (31) 3254-3452<\/p>\n\n\n\n<p>\u2013<strong>Supervis\u00e3o de Opera\u00e7\u00f5es de R\u00e1dio e TV<\/strong>&nbsp;| Gleison Emilio Ferreira |&nbsp;<a href=\"mailto:gleisonferreira@inconfidencia.com.br\" target=\"_blank\" rel=\"noreferrer noopener\">gleisonferreira@inconfidencia.com.br<\/a>&nbsp;| (31) 3254-3041<\/p>\n\n\n\n<p>\u2013<strong>Supervis\u00e3o de Manuten\u00e7\u00e3o de TI de TV e R\u00e1dio<\/strong>&nbsp;| Charleston Fernandes de Oliveira |&nbsp;<a href=\"mailto:charleston.oliveira@emc.mg.gov.br\" target=\"_blank\" rel=\"noreferrer noopener\">charleston.oliveira@emc.mg.gov.br<\/a>&nbsp;| (31) 3254-3051<\/p>\n\n\n\n<p><strong>Ger\u00eancia de Telecomunica\u00e7\u00f5es<\/strong>&nbsp;| Vanessa Porto Vial |&nbsp;<a href=\"mailto:vanessa.vial@redeminas.mg.gov.br\" target=\"_blank\" rel=\"noreferrer noopener\">vanessa.vial@redeminas.mg.gov.br<\/a>&nbsp;| (31) 3254-3007<\/p>\n\n\n\n<p>\u2013<strong>Supervis\u00e3o de Projetos de Engenharia e Expans\u00e3o<\/strong>&nbsp;| Pedro Guilherme Lauria Vaz |&nbsp;<a href=\"mailto:pedro.vaz@emc.mg.gov.br\" target=\"_blank\" rel=\"noreferrer noopener\">pedro.vaz@emc.mg.gov.br<\/a>&nbsp;| (31) 3254-3491<\/p>\n\n\n\n<p>\u2013<strong>Supervis\u00e3o de Radiodifus\u00e3o e Opera\u00e7\u00f5es do Interior<\/strong>&nbsp;| Enos Marcos da Mota Bastos |&nbsp;<a href=\"mailto:eno.bastos@redeminas.mg.gov.br\" target=\"_blank\" rel=\"noreferrer noopener\">eno.bastos@redeminas.mg.gov.br<\/a>&nbsp;| (31) 3254-3451<\/p>\n\n\n\n<hr class=\"wp-block-separator has-alpha-channel-opacity\"\/>\n\n\n\n<p><strong>DIRETORIA DE CONTE\u00daDO E PROGRAMA\u00c7\u00c3O<\/strong><\/p>\n\n\n\n<p><strong>Diretoria de Conte\u00fado e Programa\u00e7\u00e3o<\/strong>&nbsp;| Leonardo Vitor | <a href=\"mailto:leonardo.oliveira@emc.mg.gov.br\" target=\"_blank\" rel=\"noreferrer noopener\">leonardo.oliveira@emc.mg.gov.br<\/a> | (31) 3254-3481<\/p>\n\n\n\n<p><strong>Ger\u00eancia de Programa\u00e7\u00e3o de TV<\/strong>&nbsp;| Gerusa Coelho dos Anjos |&nbsp;<a href=\"mailto:gerusa@redeminas.mg.gov.br\" target=\"_blank\" rel=\"noreferrer noopener\">gerusa@redeminas.mg.gov.br<\/a>&nbsp;| (31) 3254-3410<\/p>\n\n\n\n<p>\u2013<strong>Supervis\u00e3o de Programa\u00e7\u00e3o de R\u00e1dio e TV&nbsp;<\/strong>| Graciele Maria Lima Sousa Sena |&nbsp;<a href=\"mailto:graciele.sena@emc.mg.gov.br\" target=\"_blank\" rel=\"noreferrer noopener\">graciele.sena@emc.mg.gov.br<\/a>&nbsp;| (31) 3254-3078<\/p>\n\n\n\n<p>\u2013<strong>Supervis\u00e3o de Arte<\/strong>&nbsp;| Arnaldo C\u00e9sar Duarte |&nbsp;<a href=\"mailto:arnaldo@redeminas.mg.gov.br\" target=\"_blank\" rel=\"noreferrer noopener\">arnaldo@redeminas.mg.gov.br<\/a>&nbsp;| (31) 3254-3046<\/p>\n\n\n\n<p>\u2013<strong>Supervis\u00e3o de Chamadas<\/strong>&nbsp;| Fernando Tiburcio de Oliveira |&nbsp;<a href=\"mailto:fernandotiburcio@redeminas.mg.gov.br\" target=\"_blank\" rel=\"noreferrer noopener\">fernandotiburcio@redeminas.mg.gov.br<\/a>&nbsp;| (31) 3254-3408<\/p>\n\n\n\n<p><strong>Ger\u00eancia de Produ\u00e7\u00e3o<\/strong>&nbsp;| Marina Sueli Cunha Mendes |&nbsp;<a href=\"mailto:marinamendes@redeminas.mg.gov.br\" target=\"_blank\" rel=\"noreferrer noopener\">marinamendes@redeminas.mg.gov.br<\/a>&nbsp;| (31) 3254-3079<\/p>\n\n\n\n<p>\u2013<strong>Supervis\u00e3o de Produ\u00e7\u00e3o TV e R\u00e1dio<\/strong>&nbsp;| Larissa Gabrielle Mendes Pimenta |&nbsp;<a href=\"mailto:marinamendes@redeminas.mg.gov.br\" target=\"_blank\" rel=\"noreferrer noopener\">larissa.pimenta@emc.mg.gov.br<\/a>&nbsp;| (31) 3254-3076<\/p>\n\n\n\n<p>\u2013<strong>Supervis\u00e3o de Grava\u00e7\u00e3o em Externas<\/strong>&nbsp;| Geraldo Magela Santos Cardoso |&nbsp;<a href=\"mailto:magelacardoso@redeminas.mg.gov.br\" target=\"_blank\" rel=\"noreferrer noopener\">magelacardoso<\/a><a href=\"mailto:marinamendes@redeminas.mg.gov.br\" target=\"_blank\" rel=\"noreferrer noopener\">@redeminas.mg.gov.br<\/a>&nbsp;| (31) 3254-3402<\/p>\n\n\n\n<p>\u2013<strong>Supervis\u00e3o de Acervo e Gest\u00e3o de M\u00eddias Digitais&nbsp;<\/strong>| Luciana Duarte Barbosa |&nbsp;<a href=\"mailto:ludbarbosa@redeminas.mg.gov.br\" target=\"_blank\" rel=\"noreferrer noopener\">ludbarbosa@redeminas.mg.gov.br<\/a>&nbsp;| (31) 3254-3077<\/p>\n\n\n\n<p><strong>Ger\u00eancia de Jornalismo e Esportes<\/strong>&nbsp;| Rodrigo Balbino de Carvalho |&nbsp;<a href=\"mailto:rodrigo.carvalho@redeminas.mg.gov.br\" target=\"_blank\" rel=\"noreferrer noopener\">rodrigo.carvalho@redeminas.mg.gov.br<\/a>&nbsp;| (31)3254-3459<\/p>\n\n\n\n<p>\u2013<strong>Supervis\u00e3o de Jornalismo e Esportes&nbsp;<\/strong>| Leonardo Souza Avelino |&nbsp;<a href=\"mailto:leonardo.avelino@redeminas.mg.gov.br\" target=\"_blank\" rel=\"noreferrer noopener\">leonardo.avelino@redeminas.mg.gov.br<\/a>&nbsp;| (31) 3254-3434<\/p>\n\n\n\n<p><strong>Ger\u00eancia Art\u00edstica<\/strong>&nbsp;| Ailton Jos\u00e9 Machado |&nbsp;<a href=\"mailto:ailtonmachado@inconfidencia.com.br\" target=\"_blank\" rel=\"noreferrer noopener\">ailtonmachado@inconfidencia.com.br<\/a>&nbsp;| (31) 3254-3003<\/p>\n\n\n\n<hr class=\"wp-block-separator has-alpha-channel-opacity\"\/>\n\n\n\n<p><strong>DIRETORIA DE MARKETING E PROJETOS<\/strong><\/p>\n\n\n\n<p><strong>Diretoria de Marketing e Projetos<\/strong>&nbsp;| Rejane Pelluci Duarte |&nbsp;<a href=\"mailto:rejane.duarte@emc.mg.gov.br\" target=\"_blank\" rel=\"noreferrer noopener\">rejane.duarte@emc.mg.gov.br<\/a> | (31) 3254-3083<\/p>\n\n\n\n<p><strong>Ger\u00eancia de Marketing e Comercial<\/strong>&nbsp;| Fabiana Soares Rosa |&nbsp;<a href=\"mailto:abiana.rosa@emc.mg.gov.br\" target=\"_blank\" rel=\"noreferrer noopener\">fabiana.rosa@emc.mg.gov.br<\/a>&nbsp;| (31) 3254-3093<\/p>\n\n\n\n<p><strong>Ger\u00eancia de Parcerias e Projetos<\/strong>&nbsp;|  |&nbsp;&nbsp;| (31) 3254-3093<\/p>\n\n\n\n<hr class=\"wp-block-separator has-alpha-channel-opacity\"\/>\n\n\n\n<p><strong>DIRETORIA DE AUDIOVISUAL E PRODUTOS DIGITAIS<\/strong><\/p>\n\n\n\n<p><strong>Diretoria do Audiovisual e Produtos Digitais<\/strong>&nbsp;| Pablo Soares Pires |&nbsp;<a href=\"mailto:pablo.pires@emc.mg.gov.br\" target=\"_blank\" rel=\"noreferrer noopener\">pablo.pires@emc.mg.gov.br<\/a>&nbsp;&nbsp;| (31) 3254-3478<\/p>\n\n\n\n<p><strong>Ger\u00eancia de Produ\u00e7\u00e3o e Programa\u00e7\u00e3o Audiovisual Multiplataformas<\/strong>&nbsp;| Bruno Sales de Azevedo | <a href=\"mailto:bruno.sales@emc.mg.gov.br\" target=\"_blank\" rel=\"noreferrer noopener\">bruno.sales@emc.mg.gov.br<\/a> | (31) 3254-3022<\/p>\n\n\n\n<p>\u2013<strong>Supervis\u00e3o de Produ\u00e7\u00e3o e Programa\u00e7\u00e3o de Conte\u00fado para Web e outras m\u00eddias<\/strong>&nbsp;| Charles Douglas Lopes dos Santos |&nbsp;<a href=\"mailto:charles.santos@inconfidencia.com.br\">charles.santos@emc.mg.gov.br<\/a>&nbsp;| (31) 3254-3485<\/p>\n","protected":false},"excerpt":{"rendered":"<p>EMC \u2013 EMPRESA MINEIRA DE COMUNICA\u00c7\u00c3O Diretor-presidente\u00a0| Ike Yagelovic |\u00a0presidencia@inconfidencia.com.br\u00a0| (31) 3254-3442 Diretoria Geral&nbsp;| Luciano Correia Gon\u00e7alves |&nbsp;lucianocorreia@redeminas.mg.gov.br&nbsp;&nbsp;| (31) 3254-3025 Assessoria de TI&nbsp;| Bruno Diniz Silva Neves |&nbsp;bruno.neves@redeminas.mg.gov.br&nbsp;| (31) 3254-3023 Assessoria Jur\u00eddica&nbsp;| Luciana Agda Diniz |&nbsp;&nbsp;luciana.diniz@emc.mg.gov.br&nbsp;| (31) 3254-3454 Assessoria de Comunica\u00e7\u00e3o Social&nbsp;| Daniel Pereira Vilela |&nbsp;&nbsp;daniel.vilela@emc.mg.gov.br&nbsp;| (31) 3254-3429 Auditoria Interna&nbsp;| Martha Helena Rodrigues Lima&nbsp; |&nbsp;martha.lima@emc.mg.gov.br&nbsp;| [&hellip;]<\/p>\n","protected":false},"author":1,"featured_media":0,"parent":0,"menu_order":0,"comment_status":"closed","ping_status":"closed","template":"","meta":{"ub_ctt_via":""},"featured_image_src":null,"yoast_head":"<!-- This site is optimized with the Yoast SEO plugin v19.5.1 - https:\/\/yoast.com\/wordpress\/plugins\/seo\/ -->\n<title>Quem \u00e9 quem - EMC<\/title>\n<meta name=\"robots\" content=\"index, follow, max-snippet:-1, max-image-preview:large, max-video-preview:-1\" \/>\n<link rel=\"canonical\" href=\"http:\/\/emc.mg.gov.br\/institucional\/quem-e-quem\/\" \/>\n<meta property=\"og:locale\" content=\"pt_BR\" \/>\n<meta property=\"og:type\" content=\"article\" \/>\n<meta property=\"og:title\" content=\"Quem \u00e9 quem - EMC\" \/>\n<meta property=\"og:description\" content=\"EMC \u2013 EMPRESA MINEIRA DE COMUNICA\u00c7\u00c3O Diretor-presidente\u00a0| Ike Yagelovic |\u00a0presidencia@inconfidencia.com.br\u00a0| (31) 3254-3442 Diretoria Geral&nbsp;| Luciano Correia Gon\u00e7alves |&nbsp;lucianocorreia@redeminas.mg.gov.br&nbsp;&nbsp;| (31) 3254-3025 Assessoria de TI&nbsp;| Bruno Diniz Silva Neves |&nbsp;bruno.neves@redeminas.mg.gov.br&nbsp;| (31) 3254-3023 Assessoria Jur\u00eddica&nbsp;| Luciana Agda Diniz |&nbsp;&nbsp;luciana.diniz@emc.mg.gov.br&nbsp;| (31) 3254-3454 Assessoria de Comunica\u00e7\u00e3o Social&nbsp;| Daniel Pereira Vilela |&nbsp;&nbsp;daniel.vilela@emc.mg.gov.br&nbsp;| (31) 3254-3429 Auditoria Interna&nbsp;| Martha Helena Rodrigues Lima&nbsp; |&nbsp;martha.lima@emc.mg.gov.br&nbsp;| [&hellip;]\" \/>\n<meta property=\"og:url\" content=\"http:\/\/emc.mg.gov.br\/institucional\/quem-e-quem\/\" \/>\n<meta property=\"og:site_name\" content=\"EMC\" \/>\n<meta property=\"article:modified_time\" content=\"2026-04-17T13:28:25+00:00\" \/>\n<meta name=\"twitter:card\" content=\"summary_large_image\" \/>\n<meta name=\"twitter:label1\" content=\"Est. tempo de leitura\" \/>\n\t<meta name=\"twitter:data1\" content=\"4 minutos\" \/>\n<script type=\"application\/ld+json\" class=\"yoast-schema-graph\">{\"@context\":\"https:\/\/schema.org\",\"@graph\":[{\"@type\":\"WebPage\",\"@id\":\"http:\/\/emc.mg.gov.br\/institucional\/quem-e-quem\/\",\"url\":\"http:\/\/emc.mg.gov.br\/institucional\/quem-e-quem\/\",\"name\":\"Quem \u00e9 quem - EMC\",\"isPartOf\":{\"@id\":\"https:\/\/emc.mg.gov.br\/institucional\/#website\"},\"datePublished\":\"2022-07-12T19:25:54+00:00\",\"dateModified\":\"2026-04-17T13:28:25+00:00\",\"breadcrumb\":{\"@id\":\"http:\/\/emc.mg.gov.br\/institucional\/quem-e-quem\/#breadcrumb\"},\"inLanguage\":\"pt-BR\",\"potentialAction\":[{\"@type\":\"ReadAction\",\"target\":[\"http:\/\/emc.mg.gov.br\/institucional\/quem-e-quem\/\"]}]},{\"@type\":\"BreadcrumbList\",\"@id\":\"http:\/\/emc.mg.gov.br\/institucional\/quem-e-quem\/#breadcrumb\",\"itemListElement\":[{\"@type\":\"ListItem\",\"position\":1,\"name\":\"In\u00edcio\",\"item\":\"https:\/\/emc.mg.gov.br\/institucional\/\"},{\"@type\":\"ListItem\",\"position\":2,\"name\":\"Quem \u00e9 quem\"}]},{\"@type\":\"WebSite\",\"@id\":\"https:\/\/emc.mg.gov.br\/institucional\/#website\",\"url\":\"https:\/\/emc.mg.gov.br\/institucional\/\",\"name\":\"EMC\",\"description\":\"Empresa Mineira de Comunica\u00e7\u00e3o\",\"publisher\":{\"@id\":\"https:\/\/emc.mg.gov.br\/institucional\/#organization\"},\"potentialAction\":[{\"@type\":\"SearchAction\",\"target\":{\"@type\":\"EntryPoint\",\"urlTemplate\":\"https:\/\/emc.mg.gov.br\/institucional\/?s={search_term_string}\"},\"query-input\":\"required name=search_term_string\"}],\"inLanguage\":\"pt-BR\"},{\"@type\":\"Organization\",\"@id\":\"https:\/\/emc.mg.gov.br\/institucional\/#organization\",\"name\":\"EMC\",\"url\":\"https:\/\/emc.mg.gov.br\/institucional\/\",\"sameAs\":[],\"logo\":{\"@type\":\"ImageObject\",\"inLanguage\":\"pt-BR\",\"@id\":\"https:\/\/emc.mg.gov.br\/institucional\/#\/schema\/logo\/image\/\",\"url\":\"https:\/\/emc.mg.gov.br\/institucional\/wp-content\/uploads\/2022\/06\/EMCmarca.png\",\"contentUrl\":\"https:\/\/emc.mg.gov.br\/institucional\/wp-content\/uploads\/2022\/06\/EMCmarca.png\",\"width\":133,\"height\":89,\"caption\":\"EMC \"},\"image\":{\"@id\":\"https:\/\/emc.mg.gov.br\/institucional\/#\/schema\/logo\/image\/\"}}]}<\/script>\n<!-- \/ Yoast SEO plugin. -->","yoast_head_json":{"title":"Quem \u00e9 quem - EMC","robots":{"index":"index","follow":"follow","max-snippet":"max-snippet:-1","max-image-preview":"max-image-preview:large","max-video-preview":"max-video-preview:-1"},"canonical":"http:\/\/emc.mg.gov.br\/institucional\/quem-e-quem\/","og_locale":"pt_BR","og_type":"article","og_title":"Quem \u00e9 quem - EMC","og_description":"EMC \u2013 EMPRESA MINEIRA DE COMUNICA\u00c7\u00c3O Diretor-presidente\u00a0| Ike Yagelovic |\u00a0presidencia@inconfidencia.com.br\u00a0| (31) 3254-3442 Diretoria Geral&nbsp;| Luciano Correia Gon\u00e7alves |&nbsp;lucianocorreia@redeminas.mg.gov.br&nbsp;&nbsp;| (31) 3254-3025 Assessoria de TI&nbsp;| Bruno Diniz Silva Neves |&nbsp;bruno.neves@redeminas.mg.gov.br&nbsp;| (31) 3254-3023 Assessoria Jur\u00eddica&nbsp;| Luciana Agda Diniz |&nbsp;&nbsp;luciana.diniz@emc.mg.gov.br&nbsp;| (31) 3254-3454 Assessoria de Comunica\u00e7\u00e3o Social&nbsp;| Daniel Pereira Vilela |&nbsp;&nbsp;daniel.vilela@emc.mg.gov.br&nbsp;| (31) 3254-3429 Auditoria Interna&nbsp;| Martha Helena Rodrigues Lima&nbsp; |&nbsp;martha.lima@emc.mg.gov.br&nbsp;| [&hellip;]","og_url":"http:\/\/emc.mg.gov.br\/institucional\/quem-e-quem\/","og_site_name":"EMC","article_modified_time":"2026-04-17T13:28:25+00:00","twitter_card":"summary_large_image","twitter_misc":{"Est. tempo de leitura":"4 minutos"},"schema":{"@context":"https:\/\/schema.org","@graph":[{"@type":"WebPage","@id":"http:\/\/emc.mg.gov.br\/institucional\/quem-e-quem\/","url":"http:\/\/emc.mg.gov.br\/institucional\/quem-e-quem\/","name":"Quem \u00e9 quem - EMC","isPartOf":{"@id":"https:\/\/emc.mg.gov.br\/institucional\/#website"},"datePublished":"2022-07-12T19:25:54+00:00","dateModified":"2026-04-17T13:28:25+00:00","breadcrumb":{"@id":"http:\/\/emc.mg.gov.br\/institucional\/quem-e-quem\/#breadcrumb"},"inLanguage":"pt-BR","potentialAction":[{"@type":"ReadAction","target":["http:\/\/emc.mg.gov.br\/institucional\/quem-e-quem\/"]}]},{"@type":"BreadcrumbList","@id":"http:\/\/emc.mg.gov.br\/institucional\/quem-e-quem\/#breadcrumb","itemListElement":[{"@type":"ListItem","position":1,"name":"In\u00edcio","item":"https:\/\/emc.mg.gov.br\/institucional\/"},{"@type":"ListItem","position":2,"name":"Quem \u00e9 quem"}]},{"@type":"WebSite","@id":"https:\/\/emc.mg.gov.br\/institucional\/#website","url":"https:\/\/emc.mg.gov.br\/institucional\/","name":"EMC","description":"Empresa Mineira de Comunica\u00e7\u00e3o","publisher":{"@id":"https:\/\/emc.mg.gov.br\/institucional\/#organization"},"potentialAction":[{"@type":"SearchAction","target":{"@type":"EntryPoint","urlTemplate":"https:\/\/emc.mg.gov.br\/institucional\/?s={search_term_string}"},"query-input":"required name=search_term_string"}],"inLanguage":"pt-BR"},{"@type":"Organization","@id":"https:\/\/emc.mg.gov.br\/institucional\/#organization","name":"EMC","url":"https:\/\/emc.mg.gov.br\/institucional\/","sameAs":[],"logo":{"@type":"ImageObject","inLanguage":"pt-BR","@id":"https:\/\/emc.mg.gov.br\/institucional\/#\/schema\/logo\/image\/","url":"https:\/\/emc.mg.gov.br\/institucional\/wp-content\/uploads\/2022\/06\/EMCmarca.png","contentUrl":"https:\/\/emc.mg.gov.br\/institucional\/wp-content\/uploads\/2022\/06\/EMCmarca.png","width":133,"height":89,"caption":"EMC "},"image":{"@id":"https:\/\/emc.mg.gov.br\/institucional\/#\/schema\/logo\/image\/"}}]}},"_links":{"self":[{"href":"https:\/\/emc.mg.gov.br\/institucional\/wp-json\/wp\/v2\/pages\/685"}],"collection":[{"href":"https:\/\/emc.mg.gov.br\/institucional\/wp-json\/wp\/v2\/pages"}],"about":[{"href":"https:\/\/emc.mg.gov.br\/institucional\/wp-json\/wp\/v2\/types\/page"}],"author":[{"embeddable":true,"href":"https:\/\/emc.mg.gov.br\/institucional\/wp-json\/wp\/v2\/users\/1"}],"replies":[{"embeddable":true,"href":"https:\/\/emc.mg.gov.br\/institucional\/wp-json\/wp\/v2\/comments?post=685"}],"version-history":[{"count":49,"href":"https:\/\/emc.mg.gov.br\/institucional\/wp-json\/wp\/v2\/pages\/685\/revisions"}],"predecessor-version":[{"id":4191,"href":"https:\/\/emc.mg.gov.br\/institucional\/wp-json\/wp\/v2\/pages\/685\/revisions\/4191"}],"wp:attachment":[{"href":"https:\/\/emc.mg.gov.br\/institucional\/wp-json\/wp\/v2\/media?parent=685"}],"curies":[{"name":"wp","href":"https:\/\/api.w.org\/{rel}","templated":true}]}}