{"id":2860,"date":"2024-06-25T10:42:00","date_gmt":"2024-06-25T13:42:00","guid":{"rendered":"https:\/\/emc.mg.gov.br\/institucional\/?page_id=2860"},"modified":"2024-10-30T12:55:11","modified_gmt":"2024-10-30T15:55:11","slug":"edital-premio-de-exibicao-emc-2024","status":"publish","type":"page","link":"https:\/\/emc.mg.gov.br\/institucional\/edital-premio-de-exibicao-emc-2024\/","title":{"rendered":"Edital Pr\u00eamio de exibi\u00e7\u00e3o EMC 2024"},"content":{"rendered":"\n<div class=\"wp-container-4 wp-block-columns\">\n<div class=\"wp-container-1 wp-block-column\" style=\"flex-basis:66.66%\">\n<p>A Empresa Mineira de Comunica\u00e7\u00e3o divulga o EDITAL EMC 01\/2024 &#8211; PR\u00caMIO DE EXIBI\u00c7\u00c3O EMC 2024, organizado e executado pela Empresa Mineira de Comunica\u00e7\u00e3o para a sele\u00e7\u00e3o e premia\u00e7\u00e3o de obras audiovisuais nos formatos de curta-metragem, longa-metragem e obra seriada de diversas linguagens como fic\u00e7\u00e3o, document\u00e1rio e anima\u00e7\u00e3o, e g\u00eaneros variados, que passar\u00e3o a compor o cat\u00e1logo da plataforma p\u00fablica de streaming da Empresa Mineira de Comunica\u00e7\u00e3o e a programa\u00e7\u00e3o da Rede Minas, de acordo com a oportunidade e conveni\u00eancia.<\/p>\n\n\n\n<p><strong>Inscri\u00e7\u00f5es de 25\/06\/2024 at\u00e9 27\/08\/2024.<\/strong><\/p>\n\n\n\n<p><a href=\"http:\/\/emc.mg.gov.br\/institucional\/wp-content\/uploads\/2024\/06\/EDITAL-EMC-01-2024-PREMIO-DE-EXIBICAO-EMC-2024.pdf\" target=\"_blank\" rel=\"noreferrer noopener\">Confira o edital completo aqui<\/a>.<\/p>\n\n\n\n<div class=\"wp-block-file\"><object class=\"wp-block-file__embed\" data=\"https:\/\/emc.mg.gov.br\/institucional\/wp-content\/uploads\/2024\/06\/EDITALEMC012024.pdf\" type=\"application\/pdf\" style=\"width:100%;height:600px\" aria-label=\"Incorporado de EDITAL EMC 01-2024.\"><\/object><a id=\"wp-block-file--media-23389179-8308-4166-a230-365f24a9a2eb\" href=\"https:\/\/emc.mg.gov.br\/institucional\/wp-content\/uploads\/2024\/06\/EDITALEMC012024.pdf\" target=\"_blank\" rel=\"noreferrer noopener\">EDITAL EMC 01-2024<\/a><a href=\"https:\/\/emc.mg.gov.br\/institucional\/wp-content\/uploads\/2024\/06\/EDITALEMC012024.pdf\" class=\"wp-block-file__button\" download aria-describedby=\"wp-block-file--media-23389179-8308-4166-a230-365f24a9a2eb\">[.pdf 488kb]<\/a><\/div>\n<\/div>\n\n\n\n<div class=\"wp-container-3 wp-block-column\" style=\"flex-basis:33.33%\">\n<div class=\"wp-container-2 wp-block-buttons\">\n<div class=\"wp-block-button has-custom-font-size is-style-fill has-medium-font-size\"><a class=\"wp-block-button__link has-vivid-red-background-color has-background\" href=\"http:\/\/emc.mg.gov.br\/institucional\/wp-content\/uploads\/2024\/10\/RESULTADO-FINAL-EDITAL-PREMIO-EMC-01_2024_atualizado.pdf\" style=\"border-radius:0px\" target=\"_blank\" rel=\"noreferrer noopener\"><strong>Resultado Final <\/strong>do EDITAL EMC 01\/2024 \u2013 PR\u00caMIO DE EXIBI\u00c7\u00c3O EMC 2024<\/a><\/div>\n\n\n\n<div class=\"wp-block-button has-custom-font-size is-style-fill has-medium-font-size\"><a class=\"wp-block-button__link has-cyan-bluish-gray-background-color has-background\" href=\"http:\/\/emc.mg.gov.br\/institucional\/wp-content\/uploads\/2024\/10\/RESULTADO-PRELIMINAR-EDITAL-PREMIO-EMC-01_2024.pdf\" style=\"border-radius:0px\" target=\"_blank\" rel=\"noreferrer noopener\"><strong>Resultado Preliminar<\/strong> do EDITAL EMC 01\/2024 \u2013 PR\u00caMIO DE EXIBI\u00c7\u00c3O EMC 2024<\/a><\/div>\n<\/div>\n\n\n\n<div style=\"height:34px\" aria-hidden=\"true\" class=\"wp-block-spacer\"><\/div>\n\n\n\n<p class=\"has-medium-font-size\"><strong>Anexos:<\/strong><\/p>\n\n\n\n<div class=\"wp-block-file\"><a id=\"wp-block-file--media-3ff1e351-a37e-401c-b62c-89e0d823db04\" href=\"https:\/\/emc.mg.gov.br\/institucional\/wp-content\/uploads\/2024\/06\/ANEXO-I-DECLARAC\u0327A\u0303O-DE-IMPEDIMENTOS.pdf\" target=\"_blank\" rel=\"noreferrer noopener\">ANEXO-I-DECLARAC\u0327A\u0303O-DE-IMPEDIMENTOS<\/a><a href=\"https:\/\/emc.mg.gov.br\/institucional\/wp-content\/uploads\/2024\/06\/ANEXO-I-DECLARAC\u0327A\u0303O-DE-IMPEDIMENTOS.pdf\" class=\"wp-block-file__button\" download aria-describedby=\"wp-block-file--media-3ff1e351-a37e-401c-b62c-89e0d823db04\">[.pdf 30kb]<\/a><\/div>\n\n\n\n<div class=\"wp-block-file\"><a id=\"wp-block-file--media-921f09a1-3530-46c7-a7c9-356878173f0b\" href=\"https:\/\/emc.mg.gov.br\/institucional\/wp-content\/uploads\/2024\/06\/ANEXO-II-FORMULA\u0301RIO-DE-RECURSO.pdf\" target=\"_blank\" rel=\"noreferrer noopener\">ANEXO-II-FORMULA\u0301RIO-DE-RECURSO<\/a><a href=\"https:\/\/emc.mg.gov.br\/institucional\/wp-content\/uploads\/2024\/06\/ANEXO-II-FORMULA\u0301RIO-DE-RECURSO.pdf\" class=\"wp-block-file__button\" download aria-describedby=\"wp-block-file--media-921f09a1-3530-46c7-a7c9-356878173f0b\">[.pdf 27kb]<\/a><\/div>\n\n\n\n<div class=\"wp-block-file\"><a id=\"wp-block-file--media-14901646-e720-4cc6-abd3-2b8321ffddf2\" href=\"https:\/\/emc.mg.gov.br\/institucional\/wp-content\/uploads\/2024\/06\/ANEXO-III-TERMO-DE-COMPROMISSO.pdf\" target=\"_blank\" rel=\"noreferrer noopener\">ANEXO-III-TERMO-DE-COMPROMISSO<\/a><a href=\"https:\/\/emc.mg.gov.br\/institucional\/wp-content\/uploads\/2024\/06\/ANEXO-III-TERMO-DE-COMPROMISSO.pdf\" class=\"wp-block-file__button\" download aria-describedby=\"wp-block-file--media-14901646-e720-4cc6-abd3-2b8321ffddf2\">[.pdf 51kb]<\/a><\/div>\n\n\n\n<div class=\"wp-block-file\"><a id=\"wp-block-file--media-8a7d4588-3ab4-4fe3-a456-e364831f743c\" href=\"https:\/\/emc.mg.gov.br\/institucional\/wp-content\/uploads\/2024\/06\/ANEXO-IV-TERMO-DE-LICENCIAMENTO.pdf\" target=\"_blank\" rel=\"noreferrer noopener\">ANEXO-IV-TERMO-DE-LICENCIAMENTO<\/a><a href=\"https:\/\/emc.mg.gov.br\/institucional\/wp-content\/uploads\/2024\/06\/ANEXO-IV-TERMO-DE-LICENCIAMENTO.pdf\" class=\"wp-block-file__button\" download aria-describedby=\"wp-block-file--media-8a7d4588-3ab4-4fe3-a456-e364831f743c\">[.pdf 54kb]<\/a><\/div>\n\n\n\n<div class=\"wp-block-file\"><a id=\"wp-block-file--media-6e2f38b9-7bc2-45b7-8bcd-22c32854772b\" href=\"http:\/\/emc.mg.gov.br\/institucional\/wp-content\/uploads\/2024\/10\/ANEXO-V-CRONOGRAMA-ATUALIZADO.pdf\" target=\"_blank\" rel=\"noreferrer noopener\">ANEXO V &#8211; CRONOGRAMA<\/a><a href=\"http:\/\/emc.mg.gov.br\/institucional\/wp-content\/uploads\/2024\/10\/ANEXO-V-CRONOGRAMA-ATUALIZADO.pdf\" class=\"wp-block-file__button\" download aria-describedby=\"wp-block-file--media-6e2f38b9-7bc2-45b7-8bcd-22c32854772b\">[.pdf 37kb]<\/a><\/div>\n\n\n\n<p><\/p>\n<\/div>\n<\/div>\n","protected":false},"excerpt":{"rendered":"<p>A Empresa Mineira de Comunica\u00e7\u00e3o divulga o EDITAL EMC 01\/2024 &#8211; PR\u00caMIO DE EXIBI\u00c7\u00c3O EMC 2024, organizado e executado pela Empresa Mineira de Comunica\u00e7\u00e3o para a sele\u00e7\u00e3o e premia\u00e7\u00e3o de obras audiovisuais nos formatos de curta-metragem, longa-metragem e obra seriada de diversas linguagens como fic\u00e7\u00e3o, document\u00e1rio e anima\u00e7\u00e3o, e g\u00eaneros variados, que passar\u00e3o a compor [&hellip;]<\/p>\n","protected":false},"author":2,"featured_media":0,"parent":0,"menu_order":0,"comment_status":"closed","ping_status":"closed","template":"","meta":{"ub_ctt_via":""},"featured_image_src":null,"yoast_head":"<!-- This site is optimized with the Yoast SEO plugin v19.5.1 - https:\/\/yoast.com\/wordpress\/plugins\/seo\/ -->\n<title>Edital Pr\u00eamio de exibi\u00e7\u00e3o EMC 2024 - EMC<\/title>\n<meta name=\"robots\" content=\"index, follow, max-snippet:-1, max-image-preview:large, max-video-preview:-1\" \/>\n<link rel=\"canonical\" href=\"https:\/\/emc.mg.gov.br\/institucional\/edital-premio-de-exibicao-emc-2024\/\" \/>\n<meta property=\"og:locale\" content=\"pt_BR\" \/>\n<meta property=\"og:type\" content=\"article\" \/>\n<meta property=\"og:title\" content=\"Edital Pr\u00eamio de exibi\u00e7\u00e3o EMC 2024 - EMC\" \/>\n<meta property=\"og:description\" content=\"A Empresa Mineira de Comunica\u00e7\u00e3o divulga o EDITAL EMC 01\/2024 &#8211; PR\u00caMIO DE EXIBI\u00c7\u00c3O EMC 2024, organizado e executado pela Empresa Mineira de Comunica\u00e7\u00e3o para a sele\u00e7\u00e3o e premia\u00e7\u00e3o de obras audiovisuais nos formatos de curta-metragem, longa-metragem e obra seriada de diversas linguagens como fic\u00e7\u00e3o, document\u00e1rio e anima\u00e7\u00e3o, e g\u00eaneros variados, que passar\u00e3o a compor [&hellip;]\" \/>\n<meta property=\"og:url\" content=\"https:\/\/emc.mg.gov.br\/institucional\/edital-premio-de-exibicao-emc-2024\/\" \/>\n<meta property=\"og:site_name\" content=\"EMC\" \/>\n<meta property=\"article:modified_time\" content=\"2024-10-30T15:55:11+00:00\" \/>\n<meta name=\"twitter:card\" content=\"summary_large_image\" \/>\n<meta name=\"twitter:label1\" content=\"Est. tempo de leitura\" \/>\n\t<meta name=\"twitter:data1\" content=\"1 minuto\" \/>\n<script type=\"application\/ld+json\" class=\"yoast-schema-graph\">{\"@context\":\"https:\/\/schema.org\",\"@graph\":[{\"@type\":\"WebPage\",\"@id\":\"https:\/\/emc.mg.gov.br\/institucional\/edital-premio-de-exibicao-emc-2024\/\",\"url\":\"https:\/\/emc.mg.gov.br\/institucional\/edital-premio-de-exibicao-emc-2024\/\",\"name\":\"Edital Pr\u00eamio de exibi\u00e7\u00e3o EMC 2024 - EMC\",\"isPartOf\":{\"@id\":\"https:\/\/emc.mg.gov.br\/institucional\/#website\"},\"datePublished\":\"2024-06-25T13:42:00+00:00\",\"dateModified\":\"2024-10-30T15:55:11+00:00\",\"breadcrumb\":{\"@id\":\"https:\/\/emc.mg.gov.br\/institucional\/edital-premio-de-exibicao-emc-2024\/#breadcrumb\"},\"inLanguage\":\"pt-BR\",\"potentialAction\":[{\"@type\":\"ReadAction\",\"target\":[\"https:\/\/emc.mg.gov.br\/institucional\/edital-premio-de-exibicao-emc-2024\/\"]}]},{\"@type\":\"BreadcrumbList\",\"@id\":\"https:\/\/emc.mg.gov.br\/institucional\/edital-premio-de-exibicao-emc-2024\/#breadcrumb\",\"itemListElement\":[{\"@type\":\"ListItem\",\"position\":1,\"name\":\"In\u00edcio\",\"item\":\"https:\/\/emc.mg.gov.br\/institucional\/\"},{\"@type\":\"ListItem\",\"position\":2,\"name\":\"Edital Pr\u00eamio de exibi\u00e7\u00e3o EMC 2024\"}]},{\"@type\":\"WebSite\",\"@id\":\"https:\/\/emc.mg.gov.br\/institucional\/#website\",\"url\":\"https:\/\/emc.mg.gov.br\/institucional\/\",\"name\":\"EMC\",\"description\":\"Empresa Mineira de Comunica\u00e7\u00e3o\",\"publisher\":{\"@id\":\"https:\/\/emc.mg.gov.br\/institucional\/#organization\"},\"potentialAction\":[{\"@type\":\"SearchAction\",\"target\":{\"@type\":\"EntryPoint\",\"urlTemplate\":\"https:\/\/emc.mg.gov.br\/institucional\/?s={search_term_string}\"},\"query-input\":\"required name=search_term_string\"}],\"inLanguage\":\"pt-BR\"},{\"@type\":\"Organization\",\"@id\":\"https:\/\/emc.mg.gov.br\/institucional\/#organization\",\"name\":\"EMC\",\"url\":\"https:\/\/emc.mg.gov.br\/institucional\/\",\"sameAs\":[],\"logo\":{\"@type\":\"ImageObject\",\"inLanguage\":\"pt-BR\",\"@id\":\"https:\/\/emc.mg.gov.br\/institucional\/#\/schema\/logo\/image\/\",\"url\":\"https:\/\/emc.mg.gov.br\/institucional\/wp-content\/uploads\/2022\/06\/EMCmarca.png\",\"contentUrl\":\"https:\/\/emc.mg.gov.br\/institucional\/wp-content\/uploads\/2022\/06\/EMCmarca.png\",\"width\":133,\"height\":89,\"caption\":\"EMC \"},\"image\":{\"@id\":\"https:\/\/emc.mg.gov.br\/institucional\/#\/schema\/logo\/image\/\"}}]}<\/script>\n<!-- \/ Yoast SEO plugin. -->","yoast_head_json":{"title":"Edital Pr\u00eamio de exibi\u00e7\u00e3o EMC 2024 - EMC","robots":{"index":"index","follow":"follow","max-snippet":"max-snippet:-1","max-image-preview":"max-image-preview:large","max-video-preview":"max-video-preview:-1"},"canonical":"https:\/\/emc.mg.gov.br\/institucional\/edital-premio-de-exibicao-emc-2024\/","og_locale":"pt_BR","og_type":"article","og_title":"Edital Pr\u00eamio de exibi\u00e7\u00e3o EMC 2024 - EMC","og_description":"A Empresa Mineira de Comunica\u00e7\u00e3o divulga o EDITAL EMC 01\/2024 &#8211; PR\u00caMIO DE EXIBI\u00c7\u00c3O EMC 2024, organizado e executado pela Empresa Mineira de Comunica\u00e7\u00e3o para a sele\u00e7\u00e3o e premia\u00e7\u00e3o de obras audiovisuais nos formatos de curta-metragem, longa-metragem e obra seriada de diversas linguagens como fic\u00e7\u00e3o, document\u00e1rio e anima\u00e7\u00e3o, e g\u00eaneros variados, que passar\u00e3o a compor [&hellip;]","og_url":"https:\/\/emc.mg.gov.br\/institucional\/edital-premio-de-exibicao-emc-2024\/","og_site_name":"EMC","article_modified_time":"2024-10-30T15:55:11+00:00","twitter_card":"summary_large_image","twitter_misc":{"Est. tempo de leitura":"1 minuto"},"schema":{"@context":"https:\/\/schema.org","@graph":[{"@type":"WebPage","@id":"https:\/\/emc.mg.gov.br\/institucional\/edital-premio-de-exibicao-emc-2024\/","url":"https:\/\/emc.mg.gov.br\/institucional\/edital-premio-de-exibicao-emc-2024\/","name":"Edital Pr\u00eamio de exibi\u00e7\u00e3o EMC 2024 - EMC","isPartOf":{"@id":"https:\/\/emc.mg.gov.br\/institucional\/#website"},"datePublished":"2024-06-25T13:42:00+00:00","dateModified":"2024-10-30T15:55:11+00:00","breadcrumb":{"@id":"https:\/\/emc.mg.gov.br\/institucional\/edital-premio-de-exibicao-emc-2024\/#breadcrumb"},"inLanguage":"pt-BR","potentialAction":[{"@type":"ReadAction","target":["https:\/\/emc.mg.gov.br\/institucional\/edital-premio-de-exibicao-emc-2024\/"]}]},{"@type":"BreadcrumbList","@id":"https:\/\/emc.mg.gov.br\/institucional\/edital-premio-de-exibicao-emc-2024\/#breadcrumb","itemListElement":[{"@type":"ListItem","position":1,"name":"In\u00edcio","item":"https:\/\/emc.mg.gov.br\/institucional\/"},{"@type":"ListItem","position":2,"name":"Edital Pr\u00eamio de exibi\u00e7\u00e3o EMC 2024"}]},{"@type":"WebSite","@id":"https:\/\/emc.mg.gov.br\/institucional\/#website","url":"https:\/\/emc.mg.gov.br\/institucional\/","name":"EMC","description":"Empresa Mineira de Comunica\u00e7\u00e3o","publisher":{"@id":"https:\/\/emc.mg.gov.br\/institucional\/#organization"},"potentialAction":[{"@type":"SearchAction","target":{"@type":"EntryPoint","urlTemplate":"https:\/\/emc.mg.gov.br\/institucional\/?s={search_term_string}"},"query-input":"required name=search_term_string"}],"inLanguage":"pt-BR"},{"@type":"Organization","@id":"https:\/\/emc.mg.gov.br\/institucional\/#organization","name":"EMC","url":"https:\/\/emc.mg.gov.br\/institucional\/","sameAs":[],"logo":{"@type":"ImageObject","inLanguage":"pt-BR","@id":"https:\/\/emc.mg.gov.br\/institucional\/#\/schema\/logo\/image\/","url":"https:\/\/emc.mg.gov.br\/institucional\/wp-content\/uploads\/2022\/06\/EMCmarca.png","contentUrl":"https:\/\/emc.mg.gov.br\/institucional\/wp-content\/uploads\/2022\/06\/EMCmarca.png","width":133,"height":89,"caption":"EMC "},"image":{"@id":"https:\/\/emc.mg.gov.br\/institucional\/#\/schema\/logo\/image\/"}}]}},"_links":{"self":[{"href":"https:\/\/emc.mg.gov.br\/institucional\/wp-json\/wp\/v2\/pages\/2860"}],"collection":[{"href":"https:\/\/emc.mg.gov.br\/institucional\/wp-json\/wp\/v2\/pages"}],"about":[{"href":"https:\/\/emc.mg.gov.br\/institucional\/wp-json\/wp\/v2\/types\/page"}],"author":[{"embeddable":true,"href":"https:\/\/emc.mg.gov.br\/institucional\/wp-json\/wp\/v2\/users\/2"}],"replies":[{"embeddable":true,"href":"https:\/\/emc.mg.gov.br\/institucional\/wp-json\/wp\/v2\/comments?post=2860"}],"version-history":[{"count":22,"href":"https:\/\/emc.mg.gov.br\/institucional\/wp-json\/wp\/v2\/pages\/2860\/revisions"}],"predecessor-version":[{"id":3191,"href":"https:\/\/emc.mg.gov.br\/institucional\/wp-json\/wp\/v2\/pages\/2860\/revisions\/3191"}],"wp:attachment":[{"href":"https:\/\/emc.mg.gov.br\/institucional\/wp-json\/wp\/v2\/media?parent=2860"}],"curies":[{"name":"wp","href":"https:\/\/api.w.org\/{rel}","templated":true}]}}