{"id":2700,"date":"2024-04-30T11:21:47","date_gmt":"2024-04-30T14:21:47","guid":{"rendered":"https:\/\/emc.mg.gov.br\/institucional\/?page_id=2700"},"modified":"2024-07-11T13:01:43","modified_gmt":"2024-07-11T16:01:43","slug":"editalpeci","status":"publish","type":"page","link":"https:\/\/emc.mg.gov.br\/institucional\/editalpeci\/","title":{"rendered":"Edital pr\u00eamio de exibi\u00e7\u00e3o de curtas do interior"},"content":{"rendered":"\n<div class=\"wp-container-3 wp-block-columns\">\n<div class=\"wp-container-1 wp-block-column\" style=\"flex-basis:66.66%\">\n<div class=\"wp-block-file\"><object class=\"wp-block-file__embed\" data=\"https:\/\/emc.mg.gov.br\/institucional\/wp-content\/uploads\/2024\/04\/EDITAL-PREMIO-DE-EXIBICAO-DE-CURTAS-DO-INTERIOR-FTVM-01-2024.pdf\" type=\"application\/pdf\" style=\"width:100%;height:600px\" aria-label=\"Incorporado de EDITAL PREMIO DE EXIBICAO DE CURTAS DO INTERIOR 2024.\"><\/object><a id=\"wp-block-file--media-a528e74c-8813-47cc-ae3c-03ea34ffa169\" href=\"https:\/\/emc.mg.gov.br\/institucional\/wp-content\/uploads\/2024\/04\/EDITAL-PREMIO-DE-EXIBICAO-DE-CURTAS-DO-INTERIOR-FTVM-01-2024.pdf\">EDITAL PREMIO DE EXIBICAO DE CURTAS DO INTERIOR 2024<\/a><a href=\"https:\/\/emc.mg.gov.br\/institucional\/wp-content\/uploads\/2024\/04\/EDITAL-PREMIO-DE-EXIBICAO-DE-CURTAS-DO-INTERIOR-FTVM-01-2024.pdf\" class=\"wp-block-file__button\" download aria-describedby=\"wp-block-file--media-a528e74c-8813-47cc-ae3c-03ea34ffa169\">[.pdf 144kb]<\/a><\/div>\n<\/div>\n\n\n\n<div class=\"wp-container-2 wp-block-column\" style=\"flex-basis:33.33%\">\n<figure class=\"wp-block-image size-full\"><img loading=\"lazy\" width=\"331\" height=\"283\" src=\"http:\/\/emc.mg.gov.br\/institucional\/wp-content\/uploads\/2024\/04\/edital.jpg\" alt=\"\" class=\"wp-image-2698\" srcset=\"https:\/\/emc.mg.gov.br\/institucional\/wp-content\/uploads\/2024\/04\/edital.jpg 331w, https:\/\/emc.mg.gov.br\/institucional\/wp-content\/uploads\/2024\/04\/edital-300x256.jpg 300w\" sizes=\"(max-width: 331px) 100vw, 331px\" \/><\/figure>\n\n\n\n<h2>Anexos:<\/h2>\n\n\n\n<div class=\"wp-block-file\"><a id=\"wp-block-file--media-6dc5ca79-52ed-499c-8436-044ddafa6154\" href=\"https:\/\/emc.mg.gov.br\/institucional\/wp-content\/uploads\/2024\/04\/ANEXO-I-DECLARACAO-DE-IMPEDIMENTOS.docx\">ANEXO I DECLARACAO DE IMPEDIMENTOS<br><\/a><a href=\"https:\/\/emc.mg.gov.br\/institucional\/wp-content\/uploads\/2024\/04\/ANEXO-I-DECLARACAO-DE-IMPEDIMENTOS.docx\" class=\"wp-block-file__button\" download aria-describedby=\"wp-block-file--media-6dc5ca79-52ed-499c-8436-044ddafa6154\">[<strong>.docx<\/strong> 18kb]<\/a><\/div>\n\n\n\n<div class=\"wp-block-file\"><a id=\"wp-block-file--media-8033532d-acb1-41c3-9ee7-b4c4d789dd6e\" href=\"https:\/\/emc.mg.gov.br\/institucional\/wp-content\/uploads\/2024\/04\/ANEXO-II-FORMULARIO-DE-RECURSO.docx\">ANEXO II FORMULARIO DE RECURSO<br><\/a><a href=\"https:\/\/emc.mg.gov.br\/institucional\/wp-content\/uploads\/2024\/04\/ANEXO-II-FORMULARIO-DE-RECURSO.docx\" class=\"wp-block-file__button\" download aria-describedby=\"wp-block-file--media-8033532d-acb1-41c3-9ee7-b4c4d789dd6e\">[<strong>.docx<\/strong> 18kb]<\/a><\/div>\n<\/div>\n<\/div>\n\n\n\n<h2><\/h2>\n\n\n\n<div class=\"wp-block-file\"><a id=\"wp-block-file--media-a2d81f19-1899-4fda-b7b6-8a2e122120e0\" href=\"http:\/\/emc.mg.gov.br\/institucional\/wp-content\/uploads\/2024\/07\/RESULTADO-PRELIMINAR-EDITAL-FTVM-01_2024.pdf\" target=\"_blank\" rel=\"noreferrer noopener\">RESULTADO PRELIMINAR EDITAL FTVM 01_2024<\/a><a href=\"http:\/\/emc.mg.gov.br\/institucional\/wp-content\/uploads\/2024\/07\/RESULTADO-PRELIMINAR-EDITAL-FTVM-01_2024.pdf\" class=\"wp-block-file__button\" download aria-describedby=\"wp-block-file--media-a2d81f19-1899-4fda-b7b6-8a2e122120e0\">[.pdf 97kb]<\/a><\/div>\n\n\n\n<div class=\"wp-block-file\"><a id=\"wp-block-file--media-a2d81f19-1899-4fda-b7b6-8a2e122120e0\" href=\"http:\/\/emc.mg.gov.br\/institucional\/wp-content\/uploads\/2024\/07\/RESULTADO-FINAL-EDITAL-FTVM-01_2024.pdf\" target=\"_blank\" rel=\"noreferrer noopener\">RESULTADO FINAL EDITAL FTVM 01_2024<\/a><a href=\"http:\/\/emc.mg.gov.br\/institucional\/wp-content\/uploads\/2024\/07\/RESULTADO-FINAL-EDITAL-FTVM-01_2024.pdf\" class=\"wp-block-file__button\" download aria-describedby=\"wp-block-file--media-a2d81f19-1899-4fda-b7b6-8a2e122120e0\">[.pdf 97kb]<\/a><\/div>\n","protected":false},"excerpt":{"rendered":"<p>Anexos:<\/p>\n","protected":false},"author":2,"featured_media":0,"parent":0,"menu_order":0,"comment_status":"closed","ping_status":"closed","template":"","meta":{"ub_ctt_via":""},"featured_image_src":null,"yoast_head":"<!-- This site is optimized with the Yoast SEO plugin v19.5.1 - https:\/\/yoast.com\/wordpress\/plugins\/seo\/ -->\n<title>Edital pr\u00eamio de exibi\u00e7\u00e3o de curtas do interior - EMC<\/title>\n<meta name=\"robots\" content=\"index, follow, max-snippet:-1, max-image-preview:large, max-video-preview:-1\" \/>\n<link rel=\"canonical\" href=\"https:\/\/emc.mg.gov.br\/institucional\/editalpeci\/\" \/>\n<meta property=\"og:locale\" content=\"pt_BR\" \/>\n<meta property=\"og:type\" content=\"article\" \/>\n<meta property=\"og:title\" content=\"Edital pr\u00eamio de exibi\u00e7\u00e3o de curtas do interior - EMC\" \/>\n<meta property=\"og:description\" content=\"Anexos:\" \/>\n<meta property=\"og:url\" content=\"https:\/\/emc.mg.gov.br\/institucional\/editalpeci\/\" \/>\n<meta property=\"og:site_name\" content=\"EMC\" \/>\n<meta property=\"article:modified_time\" content=\"2024-07-11T16:01:43+00:00\" \/>\n<meta property=\"og:image\" content=\"http:\/\/emc.mg.gov.br\/institucional\/wp-content\/uploads\/2024\/04\/edital.jpg\" \/>\n<meta name=\"twitter:card\" content=\"summary_large_image\" \/>\n<script type=\"application\/ld+json\" class=\"yoast-schema-graph\">{\"@context\":\"https:\/\/schema.org\",\"@graph\":[{\"@type\":\"WebPage\",\"@id\":\"https:\/\/emc.mg.gov.br\/institucional\/editalpeci\/\",\"url\":\"https:\/\/emc.mg.gov.br\/institucional\/editalpeci\/\",\"name\":\"Edital pr\u00eamio de exibi\u00e7\u00e3o de curtas do interior - EMC\",\"isPartOf\":{\"@id\":\"https:\/\/emc.mg.gov.br\/institucional\/#website\"},\"datePublished\":\"2024-04-30T14:21:47+00:00\",\"dateModified\":\"2024-07-11T16:01:43+00:00\",\"breadcrumb\":{\"@id\":\"https:\/\/emc.mg.gov.br\/institucional\/editalpeci\/#breadcrumb\"},\"inLanguage\":\"pt-BR\",\"potentialAction\":[{\"@type\":\"ReadAction\",\"target\":[\"https:\/\/emc.mg.gov.br\/institucional\/editalpeci\/\"]}]},{\"@type\":\"BreadcrumbList\",\"@id\":\"https:\/\/emc.mg.gov.br\/institucional\/editalpeci\/#breadcrumb\",\"itemListElement\":[{\"@type\":\"ListItem\",\"position\":1,\"name\":\"In\u00edcio\",\"item\":\"https:\/\/emc.mg.gov.br\/institucional\/\"},{\"@type\":\"ListItem\",\"position\":2,\"name\":\"Edital pr\u00eamio de exibi\u00e7\u00e3o de curtas do interior\"}]},{\"@type\":\"WebSite\",\"@id\":\"https:\/\/emc.mg.gov.br\/institucional\/#website\",\"url\":\"https:\/\/emc.mg.gov.br\/institucional\/\",\"name\":\"EMC\",\"description\":\"Empresa Mineira de Comunica\u00e7\u00e3o\",\"publisher\":{\"@id\":\"https:\/\/emc.mg.gov.br\/institucional\/#organization\"},\"potentialAction\":[{\"@type\":\"SearchAction\",\"target\":{\"@type\":\"EntryPoint\",\"urlTemplate\":\"https:\/\/emc.mg.gov.br\/institucional\/?s={search_term_string}\"},\"query-input\":\"required name=search_term_string\"}],\"inLanguage\":\"pt-BR\"},{\"@type\":\"Organization\",\"@id\":\"https:\/\/emc.mg.gov.br\/institucional\/#organization\",\"name\":\"EMC\",\"url\":\"https:\/\/emc.mg.gov.br\/institucional\/\",\"sameAs\":[],\"logo\":{\"@type\":\"ImageObject\",\"inLanguage\":\"pt-BR\",\"@id\":\"https:\/\/emc.mg.gov.br\/institucional\/#\/schema\/logo\/image\/\",\"url\":\"https:\/\/emc.mg.gov.br\/institucional\/wp-content\/uploads\/2022\/06\/EMCmarca.png\",\"contentUrl\":\"https:\/\/emc.mg.gov.br\/institucional\/wp-content\/uploads\/2022\/06\/EMCmarca.png\",\"width\":133,\"height\":89,\"caption\":\"EMC \"},\"image\":{\"@id\":\"https:\/\/emc.mg.gov.br\/institucional\/#\/schema\/logo\/image\/\"}}]}<\/script>\n<!-- \/ Yoast SEO plugin. -->","yoast_head_json":{"title":"Edital pr\u00eamio de exibi\u00e7\u00e3o de curtas do interior - EMC","robots":{"index":"index","follow":"follow","max-snippet":"max-snippet:-1","max-image-preview":"max-image-preview:large","max-video-preview":"max-video-preview:-1"},"canonical":"https:\/\/emc.mg.gov.br\/institucional\/editalpeci\/","og_locale":"pt_BR","og_type":"article","og_title":"Edital pr\u00eamio de exibi\u00e7\u00e3o de curtas do interior - EMC","og_description":"Anexos:","og_url":"https:\/\/emc.mg.gov.br\/institucional\/editalpeci\/","og_site_name":"EMC","article_modified_time":"2024-07-11T16:01:43+00:00","og_image":[{"url":"http:\/\/emc.mg.gov.br\/institucional\/wp-content\/uploads\/2024\/04\/edital.jpg"}],"twitter_card":"summary_large_image","schema":{"@context":"https:\/\/schema.org","@graph":[{"@type":"WebPage","@id":"https:\/\/emc.mg.gov.br\/institucional\/editalpeci\/","url":"https:\/\/emc.mg.gov.br\/institucional\/editalpeci\/","name":"Edital pr\u00eamio de exibi\u00e7\u00e3o de curtas do interior - EMC","isPartOf":{"@id":"https:\/\/emc.mg.gov.br\/institucional\/#website"},"datePublished":"2024-04-30T14:21:47+00:00","dateModified":"2024-07-11T16:01:43+00:00","breadcrumb":{"@id":"https:\/\/emc.mg.gov.br\/institucional\/editalpeci\/#breadcrumb"},"inLanguage":"pt-BR","potentialAction":[{"@type":"ReadAction","target":["https:\/\/emc.mg.gov.br\/institucional\/editalpeci\/"]}]},{"@type":"BreadcrumbList","@id":"https:\/\/emc.mg.gov.br\/institucional\/editalpeci\/#breadcrumb","itemListElement":[{"@type":"ListItem","position":1,"name":"In\u00edcio","item":"https:\/\/emc.mg.gov.br\/institucional\/"},{"@type":"ListItem","position":2,"name":"Edital pr\u00eamio de exibi\u00e7\u00e3o de curtas do interior"}]},{"@type":"WebSite","@id":"https:\/\/emc.mg.gov.br\/institucional\/#website","url":"https:\/\/emc.mg.gov.br\/institucional\/","name":"EMC","description":"Empresa Mineira de Comunica\u00e7\u00e3o","publisher":{"@id":"https:\/\/emc.mg.gov.br\/institucional\/#organization"},"potentialAction":[{"@type":"SearchAction","target":{"@type":"EntryPoint","urlTemplate":"https:\/\/emc.mg.gov.br\/institucional\/?s={search_term_string}"},"query-input":"required name=search_term_string"}],"inLanguage":"pt-BR"},{"@type":"Organization","@id":"https:\/\/emc.mg.gov.br\/institucional\/#organization","name":"EMC","url":"https:\/\/emc.mg.gov.br\/institucional\/","sameAs":[],"logo":{"@type":"ImageObject","inLanguage":"pt-BR","@id":"https:\/\/emc.mg.gov.br\/institucional\/#\/schema\/logo\/image\/","url":"https:\/\/emc.mg.gov.br\/institucional\/wp-content\/uploads\/2022\/06\/EMCmarca.png","contentUrl":"https:\/\/emc.mg.gov.br\/institucional\/wp-content\/uploads\/2022\/06\/EMCmarca.png","width":133,"height":89,"caption":"EMC "},"image":{"@id":"https:\/\/emc.mg.gov.br\/institucional\/#\/schema\/logo\/image\/"}}]}},"_links":{"self":[{"href":"https:\/\/emc.mg.gov.br\/institucional\/wp-json\/wp\/v2\/pages\/2700"}],"collection":[{"href":"https:\/\/emc.mg.gov.br\/institucional\/wp-json\/wp\/v2\/pages"}],"about":[{"href":"https:\/\/emc.mg.gov.br\/institucional\/wp-json\/wp\/v2\/types\/page"}],"author":[{"embeddable":true,"href":"https:\/\/emc.mg.gov.br\/institucional\/wp-json\/wp\/v2\/users\/2"}],"replies":[{"embeddable":true,"href":"https:\/\/emc.mg.gov.br\/institucional\/wp-json\/wp\/v2\/comments?post=2700"}],"version-history":[{"count":13,"href":"https:\/\/emc.mg.gov.br\/institucional\/wp-json\/wp\/v2\/pages\/2700\/revisions"}],"predecessor-version":[{"id":2949,"href":"https:\/\/emc.mg.gov.br\/institucional\/wp-json\/wp\/v2\/pages\/2700\/revisions\/2949"}],"wp:attachment":[{"href":"https:\/\/emc.mg.gov.br\/institucional\/wp-json\/wp\/v2\/media?parent=2700"}],"curies":[{"name":"wp","href":"https:\/\/api.w.org\/{rel}","templated":true}]}}