{"id":1233,"date":"2022-10-07T11:12:28","date_gmt":"2022-10-07T14:12:28","guid":{"rendered":"http:\/\/emc.mg.gov.br\/institucional\/?page_id=1233"},"modified":"2025-05-26T14:14:29","modified_gmt":"2025-05-26T17:14:29","slug":"regulamento","status":"publish","type":"page","link":"https:\/\/emc.mg.gov.br\/institucional\/regulamento\/","title":{"rendered":"Regulamento"},"content":{"rendered":"\n<p>Regulamento Interno de Licita\u00e7\u00f5es e Contratos da Empresa Mineira de Comunica\u00e7\u00e3o \u2013 EMC aprovado pelo Conselho de Administra\u00e7\u00e3o:<\/p>\n\n\n\n<p><a href=\"http:\/\/emc.mg.gov.br\/institucional\/wp-content\/uploads\/2025\/04\/Instruc\u0327a\u0303o-Normativa-n\u00b0-0012023.pdf\" target=\"_blank\" rel=\"noreferrer noopener\">Instru\u00e7\u00e3o Normativa n\u00b0 001\/2023<\/a> [.pdf 153kb]<\/p>\n\n\n\n<p><a href=\"http:\/\/emc.mg.gov.br\/institucional\/wp-content\/uploads\/2023\/12\/SEI_79047722_Regulamento_Interno_de_Licitacoes_e_Contartos___revisao__1.pdf\">Regulamento Interno de Licita\u00e7\u00f5es e Contratos Revis\u00e3o 1<\/a>[.pdf 490kb]<\/p>\n\n\n\n<p><a href=\"http:\/\/emc.mg.gov.br\/institucional\/wp-content\/uploads\/2022\/08\/RegulamentoCompras.pdf\" target=\"_blank\" rel=\"noreferrer noopener\">Regulamento Interno de Licita\u00e7\u00f5es e Contratos<\/a> [.pdf 490kb]<\/p>\n\n\n\n<p><a href=\"http:\/\/emc.mg.gov.br\/institucional\/wp-content\/uploads\/2025\/05\/Fluxograma-PAP-Fornecedores-e-Prestadores-de-Servicos-Lei-13.303-1.pdf\" target=\"_blank\" rel=\"noreferrer noopener\">Fluxograma PAP &#8211; Fornecedores e Prestadores de Servi\u00e7os<\/a> [.pdf 74kb]<\/p>\n","protected":false},"excerpt":{"rendered":"<p>Regulamento Interno de Licita\u00e7\u00f5es e Contratos da Empresa Mineira de Comunica\u00e7\u00e3o \u2013 EMC aprovado pelo Conselho de Administra\u00e7\u00e3o: Instru\u00e7\u00e3o Normativa n\u00b0 001\/2023 [.pdf 153kb] Regulamento Interno de Licita\u00e7\u00f5es e Contratos Revis\u00e3o 1[.pdf 490kb] Regulamento Interno de Licita\u00e7\u00f5es e Contratos [.pdf 490kb] Fluxograma PAP &#8211; Fornecedores e Prestadores de Servi\u00e7os [.pdf 74kb]<\/p>\n","protected":false},"author":2,"featured_media":0,"parent":0,"menu_order":0,"comment_status":"closed","ping_status":"closed","template":"","meta":{"ub_ctt_via":""},"featured_image_src":null,"yoast_head":"<!-- This site is optimized with the Yoast SEO plugin v19.5.1 - https:\/\/yoast.com\/wordpress\/plugins\/seo\/ -->\n<title>Regulamento - EMC<\/title>\n<meta name=\"robots\" content=\"index, follow, max-snippet:-1, max-image-preview:large, max-video-preview:-1\" \/>\n<link rel=\"canonical\" href=\"https:\/\/emc.mg.gov.br\/institucional\/regulamento\/\" \/>\n<meta property=\"og:locale\" content=\"pt_BR\" \/>\n<meta property=\"og:type\" content=\"article\" \/>\n<meta property=\"og:title\" content=\"Regulamento - EMC\" \/>\n<meta property=\"og:description\" content=\"Regulamento Interno de Licita\u00e7\u00f5es e Contratos da Empresa Mineira de Comunica\u00e7\u00e3o \u2013 EMC aprovado pelo Conselho de Administra\u00e7\u00e3o: Instru\u00e7\u00e3o Normativa n\u00b0 001\/2023 [.pdf 153kb] Regulamento Interno de Licita\u00e7\u00f5es e Contratos Revis\u00e3o 1[.pdf 490kb] Regulamento Interno de Licita\u00e7\u00f5es e Contratos [.pdf 490kb] Fluxograma PAP &#8211; Fornecedores e Prestadores de Servi\u00e7os [.pdf 74kb]\" \/>\n<meta property=\"og:url\" content=\"https:\/\/emc.mg.gov.br\/institucional\/regulamento\/\" \/>\n<meta property=\"og:site_name\" content=\"EMC\" \/>\n<meta property=\"article:modified_time\" content=\"2025-05-26T17:14:29+00:00\" \/>\n<meta name=\"twitter:card\" content=\"summary_large_image\" \/>\n<script type=\"application\/ld+json\" class=\"yoast-schema-graph\">{\"@context\":\"https:\/\/schema.org\",\"@graph\":[{\"@type\":\"WebPage\",\"@id\":\"https:\/\/emc.mg.gov.br\/institucional\/regulamento\/\",\"url\":\"https:\/\/emc.mg.gov.br\/institucional\/regulamento\/\",\"name\":\"Regulamento - EMC\",\"isPartOf\":{\"@id\":\"https:\/\/emc.mg.gov.br\/institucional\/#website\"},\"datePublished\":\"2022-10-07T14:12:28+00:00\",\"dateModified\":\"2025-05-26T17:14:29+00:00\",\"breadcrumb\":{\"@id\":\"https:\/\/emc.mg.gov.br\/institucional\/regulamento\/#breadcrumb\"},\"inLanguage\":\"pt-BR\",\"potentialAction\":[{\"@type\":\"ReadAction\",\"target\":[\"https:\/\/emc.mg.gov.br\/institucional\/regulamento\/\"]}]},{\"@type\":\"BreadcrumbList\",\"@id\":\"https:\/\/emc.mg.gov.br\/institucional\/regulamento\/#breadcrumb\",\"itemListElement\":[{\"@type\":\"ListItem\",\"position\":1,\"name\":\"In\u00edcio\",\"item\":\"https:\/\/emc.mg.gov.br\/institucional\/\"},{\"@type\":\"ListItem\",\"position\":2,\"name\":\"Regulamento\"}]},{\"@type\":\"WebSite\",\"@id\":\"https:\/\/emc.mg.gov.br\/institucional\/#website\",\"url\":\"https:\/\/emc.mg.gov.br\/institucional\/\",\"name\":\"EMC\",\"description\":\"Empresa Mineira de Comunica\u00e7\u00e3o\",\"publisher\":{\"@id\":\"https:\/\/emc.mg.gov.br\/institucional\/#organization\"},\"potentialAction\":[{\"@type\":\"SearchAction\",\"target\":{\"@type\":\"EntryPoint\",\"urlTemplate\":\"https:\/\/emc.mg.gov.br\/institucional\/?s={search_term_string}\"},\"query-input\":\"required name=search_term_string\"}],\"inLanguage\":\"pt-BR\"},{\"@type\":\"Organization\",\"@id\":\"https:\/\/emc.mg.gov.br\/institucional\/#organization\",\"name\":\"EMC\",\"url\":\"https:\/\/emc.mg.gov.br\/institucional\/\",\"sameAs\":[],\"logo\":{\"@type\":\"ImageObject\",\"inLanguage\":\"pt-BR\",\"@id\":\"https:\/\/emc.mg.gov.br\/institucional\/#\/schema\/logo\/image\/\",\"url\":\"https:\/\/emc.mg.gov.br\/institucional\/wp-content\/uploads\/2022\/06\/EMCmarca.png\",\"contentUrl\":\"https:\/\/emc.mg.gov.br\/institucional\/wp-content\/uploads\/2022\/06\/EMCmarca.png\",\"width\":133,\"height\":89,\"caption\":\"EMC \"},\"image\":{\"@id\":\"https:\/\/emc.mg.gov.br\/institucional\/#\/schema\/logo\/image\/\"}}]}<\/script>\n<!-- \/ Yoast SEO plugin. -->","yoast_head_json":{"title":"Regulamento - EMC","robots":{"index":"index","follow":"follow","max-snippet":"max-snippet:-1","max-image-preview":"max-image-preview:large","max-video-preview":"max-video-preview:-1"},"canonical":"https:\/\/emc.mg.gov.br\/institucional\/regulamento\/","og_locale":"pt_BR","og_type":"article","og_title":"Regulamento - EMC","og_description":"Regulamento Interno de Licita\u00e7\u00f5es e Contratos da Empresa Mineira de Comunica\u00e7\u00e3o \u2013 EMC aprovado pelo Conselho de Administra\u00e7\u00e3o: Instru\u00e7\u00e3o Normativa n\u00b0 001\/2023 [.pdf 153kb] Regulamento Interno de Licita\u00e7\u00f5es e Contratos Revis\u00e3o 1[.pdf 490kb] Regulamento Interno de Licita\u00e7\u00f5es e Contratos [.pdf 490kb] Fluxograma PAP &#8211; Fornecedores e Prestadores de Servi\u00e7os [.pdf 74kb]","og_url":"https:\/\/emc.mg.gov.br\/institucional\/regulamento\/","og_site_name":"EMC","article_modified_time":"2025-05-26T17:14:29+00:00","twitter_card":"summary_large_image","schema":{"@context":"https:\/\/schema.org","@graph":[{"@type":"WebPage","@id":"https:\/\/emc.mg.gov.br\/institucional\/regulamento\/","url":"https:\/\/emc.mg.gov.br\/institucional\/regulamento\/","name":"Regulamento - EMC","isPartOf":{"@id":"https:\/\/emc.mg.gov.br\/institucional\/#website"},"datePublished":"2022-10-07T14:12:28+00:00","dateModified":"2025-05-26T17:14:29+00:00","breadcrumb":{"@id":"https:\/\/emc.mg.gov.br\/institucional\/regulamento\/#breadcrumb"},"inLanguage":"pt-BR","potentialAction":[{"@type":"ReadAction","target":["https:\/\/emc.mg.gov.br\/institucional\/regulamento\/"]}]},{"@type":"BreadcrumbList","@id":"https:\/\/emc.mg.gov.br\/institucional\/regulamento\/#breadcrumb","itemListElement":[{"@type":"ListItem","position":1,"name":"In\u00edcio","item":"https:\/\/emc.mg.gov.br\/institucional\/"},{"@type":"ListItem","position":2,"name":"Regulamento"}]},{"@type":"WebSite","@id":"https:\/\/emc.mg.gov.br\/institucional\/#website","url":"https:\/\/emc.mg.gov.br\/institucional\/","name":"EMC","description":"Empresa Mineira de Comunica\u00e7\u00e3o","publisher":{"@id":"https:\/\/emc.mg.gov.br\/institucional\/#organization"},"potentialAction":[{"@type":"SearchAction","target":{"@type":"EntryPoint","urlTemplate":"https:\/\/emc.mg.gov.br\/institucional\/?s={search_term_string}"},"query-input":"required name=search_term_string"}],"inLanguage":"pt-BR"},{"@type":"Organization","@id":"https:\/\/emc.mg.gov.br\/institucional\/#organization","name":"EMC","url":"https:\/\/emc.mg.gov.br\/institucional\/","sameAs":[],"logo":{"@type":"ImageObject","inLanguage":"pt-BR","@id":"https:\/\/emc.mg.gov.br\/institucional\/#\/schema\/logo\/image\/","url":"https:\/\/emc.mg.gov.br\/institucional\/wp-content\/uploads\/2022\/06\/EMCmarca.png","contentUrl":"https:\/\/emc.mg.gov.br\/institucional\/wp-content\/uploads\/2022\/06\/EMCmarca.png","width":133,"height":89,"caption":"EMC "},"image":{"@id":"https:\/\/emc.mg.gov.br\/institucional\/#\/schema\/logo\/image\/"}}]}},"_links":{"self":[{"href":"https:\/\/emc.mg.gov.br\/institucional\/wp-json\/wp\/v2\/pages\/1233"}],"collection":[{"href":"https:\/\/emc.mg.gov.br\/institucional\/wp-json\/wp\/v2\/pages"}],"about":[{"href":"https:\/\/emc.mg.gov.br\/institucional\/wp-json\/wp\/v2\/types\/page"}],"author":[{"embeddable":true,"href":"https:\/\/emc.mg.gov.br\/institucional\/wp-json\/wp\/v2\/users\/2"}],"replies":[{"embeddable":true,"href":"https:\/\/emc.mg.gov.br\/institucional\/wp-json\/wp\/v2\/comments?post=1233"}],"version-history":[{"count":7,"href":"https:\/\/emc.mg.gov.br\/institucional\/wp-json\/wp\/v2\/pages\/1233\/revisions"}],"predecessor-version":[{"id":3586,"href":"https:\/\/emc.mg.gov.br\/institucional\/wp-json\/wp\/v2\/pages\/1233\/revisions\/3586"}],"wp:attachment":[{"href":"https:\/\/emc.mg.gov.br\/institucional\/wp-json\/wp\/v2\/media?parent=1233"}],"curies":[{"name":"wp","href":"https:\/\/api.w.org\/{rel}","templated":true}]}}