{"id":1204,"date":"2022-10-07T10:31:20","date_gmt":"2022-10-07T13:31:20","guid":{"rendered":"http:\/\/emc.mg.gov.br\/institucional\/?page_id=1204"},"modified":"2026-02-20T13:03:54","modified_gmt":"2026-02-20T16:03:54","slug":"relatorios","status":"publish","type":"page","link":"https:\/\/emc.mg.gov.br\/institucional\/governanca\/relatorios\/","title":{"rendered":"Relat\u00f3rios"},"content":{"rendered":"\n<div class=\"wp-container-3 wp-block-columns\">\n<div class=\"wp-container-1 wp-block-column\">\n<p><strong>Relat\u00f3rios Trimestrais da Administra\u00e7\u00e3o<\/strong><\/p>\n\n\n\n<ul><li><a href=\"http:\/\/emc.mg.gov.br\/institucional\/wp-content\/uploads\/2025\/06\/Relatorio-4o-Trimestre-2024-30052025.pdf\">Relat\u00f3rio &#8211; 4\u00ba trimestre 2024<\/a>[.pdf 1mb]<\/li><li><a href=\"http:\/\/emc.mg.gov.br\/institucional\/wp-content\/uploads\/2024\/12\/Relatorio-Gerencial-4o-trimestre-2023.pdf\" target=\"_blank\" rel=\"noreferrer noopener\">Relat\u00f3rio &#8211; 3\u00ba trimestre 2024<\/a>[.pdf 1mb]<\/li><li><a href=\"http:\/\/emc.mg.gov.br\/institucional\/wp-content\/uploads\/2024\/12\/Relatorio-Gerencial-2o-Trimestre-2024.pdf\" target=\"_blank\" rel=\"noreferrer noopener\">Relat\u00f3rio &#8211; 2\u00ba trimestre 2024<\/a>[.pdf 2mb]<\/li><li><a href=\"http:\/\/emc.mg.gov.br\/institucional\/wp-content\/uploads\/2024\/12\/Relatorio-Gerencial-1o-Trimestre-2024.pdf\" target=\"_blank\" rel=\"noreferrer noopener\">Relat\u00f3rio &#8211; 1\u00ba trimestre 2024<\/a> [.pdf 2mb]<\/li><li><a href=\"http:\/\/emc.mg.gov.br\/institucional\/wp-content\/uploads\/2023\/12\/Relatorio_3_trimestre_2023_compressed.pdf\">Relat\u00f3rio &#8211; 3\u00ba trimestre 2023<\/a>[.pdf 864kb]<\/li><li><a href=\"http:\/\/emc.mg.gov.br\/institucional\/wp-content\/uploads\/2023\/09\/Relatorio-1o-e-2o-trimestres-2023.pdf\" target=\"_blank\" rel=\"noreferrer noopener\">Relat\u00f3rio &#8211; 1\u00ba e 2\u00ba trimestres 2023<\/a>[.pdf 757kb]<\/li><li><a href=\"http:\/\/emc.mg.gov.br\/institucional\/wp-content\/uploads\/2023\/01\/Relatorio-3o-trimestre-2022_-out.pdf\">Relat\u00f3rio \u2013 3\u00b0 trimestre 2022<\/a>[.pdf 2mb]<\/li><li><a href=\"http:\/\/emc.mg.gov.br\/institucional\/wp-content\/uploads\/2022\/08\/Relatorio-2o-trimestre-2022_18.08.22.pdf\">Relat\u00f3rio \u2013 2\u00b0 trimestre 2022<\/a>[.pdf 2mb]<\/li><li><a href=\"http:\/\/emc.mg.gov.br\/institucional\/wp-content\/uploads\/2022\/07\/Relatorio_1_trimestre_2022.pdf\" target=\"_blank\" rel=\"noreferrer noopener\">Relat\u00f3rio \u2013 1\u00b0 trimestre 2022<\/a>[.pdf 1mb]<\/li><li><a href=\"http:\/\/emc.mg.gov.br\/institucional\/wp-content\/uploads\/2022\/07\/Relatorio_-4_trimestre_2021.pdf\" target=\"_blank\" rel=\"noreferrer noopener\">Relat\u00f3rio \u2013 4\u00b0 trimestre 2021<\/a>[.pdf 1mb]<\/li><li><a href=\"http:\/\/emc.mg.gov.br\/institucional\/wp-content\/uploads\/2022\/07\/Relatorio_-3_trimestre_2021.pdf\" target=\"_blank\" rel=\"noreferrer noopener\">Relat\u00f3rio \u2013 3\u00b0 trimestre 2021<\/a>[.pdf 1mb]<\/li><li><a href=\"http:\/\/emc.mg.gov.br\/institucional\/wp-content\/uploads\/2022\/07\/Relatorio_2_trimestre_2021.pdf\" target=\"_blank\" rel=\"noreferrer noopener\">Relat\u00f3rio \u2013 2\u00b0 trimestre 2021<\/a>[.pdf 1mb]<\/li><li><a href=\"http:\/\/emc.mg.gov.br\/institucional\/wp-content\/uploads\/2022\/07\/Relatorio_1_trimestre_2021.pdf\" target=\"_blank\" rel=\"noreferrer noopener\">Relat\u00f3rio \u2013 1\u00b0 trimestre 2021<\/a>[.pdf 1mb]<\/li><\/ul>\n<\/div>\n\n\n\n<div class=\"wp-container-2 wp-block-column\">\n<p><strong>Relat\u00f3rios de Sustentabilidade<\/strong><\/p>\n\n\n\n<ul><li><a href=\"http:\/\/emc.mg.gov.br\/institucional\/wp-content\/uploads\/2026\/02\/RelatorioSustentabilidadeanobase2024-1.pdf\" target=\"_blank\" rel=\"noreferrer noopener\">Relat\u00f3rio de Sustentabilidade 2024<\/a> [.pdf 1,8 mb]<\/li><li><a href=\"http:\/\/emc.mg.gov.br\/institucional\/wp-content\/uploads\/2024\/05\/relatorioSustentabilidadeEMC2024compacta-1.pdf\" target=\"_blank\" rel=\"noreferrer noopener\">Relat\u00f3rio de Sustentabilidade 2023<\/a> [.pdf 2mb]<\/li><li><a href=\"http:\/\/emc.mg.gov.br\/institucional\/wp-content\/uploads\/2023\/06\/relatorioSustentabilidadeEMC2022_2023_compressed-compactado.pdf\" target=\"_blank\" rel=\"noreferrer noopener\">Relat\u00f3rio de Sustentabilidade 2022<\/a> [.pdf 2mb]<\/li><li><a href=\"http:\/\/emc.mg.gov.br\/institucional\/wp-content\/uploads\/2022\/07\/relatorioSustentabilidade_2021.pdf\" target=\"_blank\" rel=\"noreferrer noopener\">Relat\u00f3rio de Sustentabilidade 2021 <\/a>[.pdf 1mb]<\/li><li><a href=\"http:\/\/emc.mg.gov.br\/institucional\/wp-content\/uploads\/2022\/08\/RelatorioSustentabilidade_2020.pdf\" target=\"_blank\" rel=\"noreferrer noopener\">Relat\u00f3rio de Sustentabilidade 2020<\/a> [.pdf 2mb]<\/li><\/ul>\n<\/div>\n<\/div>\n","protected":false},"excerpt":{"rendered":"<p>Relat\u00f3rios Trimestrais da Administra\u00e7\u00e3o Relat\u00f3rio &#8211; 4\u00ba trimestre 2024[.pdf 1mb] Relat\u00f3rio &#8211; 3\u00ba trimestre 2024[.pdf 1mb] Relat\u00f3rio &#8211; 2\u00ba trimestre 2024[.pdf 2mb] Relat\u00f3rio &#8211; 1\u00ba trimestre 2024 [.pdf 2mb] Relat\u00f3rio &#8211; 3\u00ba trimestre 2023[.pdf 864kb] Relat\u00f3rio &#8211; 1\u00ba e 2\u00ba trimestres 2023[.pdf 757kb] Relat\u00f3rio \u2013 3\u00b0 trimestre 2022[.pdf 2mb] Relat\u00f3rio \u2013 2\u00b0 trimestre 2022[.pdf 2mb] [&hellip;]<\/p>\n","protected":false},"author":2,"featured_media":0,"parent":610,"menu_order":0,"comment_status":"closed","ping_status":"closed","template":"","meta":{"ub_ctt_via":""},"featured_image_src":null,"yoast_head":"<!-- This site is optimized with the Yoast SEO plugin v19.5.1 - https:\/\/yoast.com\/wordpress\/plugins\/seo\/ -->\n<title>Relat\u00f3rios - EMC<\/title>\n<meta name=\"robots\" content=\"index, follow, max-snippet:-1, max-image-preview:large, max-video-preview:-1\" \/>\n<link rel=\"canonical\" href=\"http:\/\/emc.mg.gov.br\/institucional\/governanca\/relatorios\/\" \/>\n<meta property=\"og:locale\" content=\"pt_BR\" \/>\n<meta property=\"og:type\" content=\"article\" \/>\n<meta property=\"og:title\" content=\"Relat\u00f3rios - EMC\" \/>\n<meta property=\"og:description\" content=\"Relat\u00f3rios Trimestrais da Administra\u00e7\u00e3o Relat\u00f3rio &#8211; 4\u00ba trimestre 2024[.pdf 1mb] Relat\u00f3rio &#8211; 3\u00ba trimestre 2024[.pdf 1mb] Relat\u00f3rio &#8211; 2\u00ba trimestre 2024[.pdf 2mb] Relat\u00f3rio &#8211; 1\u00ba trimestre 2024 [.pdf 2mb] Relat\u00f3rio &#8211; 3\u00ba trimestre 2023[.pdf 864kb] Relat\u00f3rio &#8211; 1\u00ba e 2\u00ba trimestres 2023[.pdf 757kb] Relat\u00f3rio \u2013 3\u00b0 trimestre 2022[.pdf 2mb] Relat\u00f3rio \u2013 2\u00b0 trimestre 2022[.pdf 2mb] [&hellip;]\" \/>\n<meta property=\"og:url\" content=\"http:\/\/emc.mg.gov.br\/institucional\/governanca\/relatorios\/\" \/>\n<meta property=\"og:site_name\" content=\"EMC\" \/>\n<meta property=\"article:modified_time\" content=\"2026-02-20T16:03:54+00:00\" \/>\n<meta name=\"twitter:card\" content=\"summary_large_image\" \/>\n<meta name=\"twitter:label1\" content=\"Est. tempo de leitura\" \/>\n\t<meta name=\"twitter:data1\" content=\"1 minuto\" \/>\n<script type=\"application\/ld+json\" class=\"yoast-schema-graph\">{\"@context\":\"https:\/\/schema.org\",\"@graph\":[{\"@type\":\"WebPage\",\"@id\":\"http:\/\/emc.mg.gov.br\/institucional\/governanca\/relatorios\/\",\"url\":\"http:\/\/emc.mg.gov.br\/institucional\/governanca\/relatorios\/\",\"name\":\"Relat\u00f3rios - EMC\",\"isPartOf\":{\"@id\":\"https:\/\/emc.mg.gov.br\/institucional\/#website\"},\"datePublished\":\"2022-10-07T13:31:20+00:00\",\"dateModified\":\"2026-02-20T16:03:54+00:00\",\"breadcrumb\":{\"@id\":\"http:\/\/emc.mg.gov.br\/institucional\/governanca\/relatorios\/#breadcrumb\"},\"inLanguage\":\"pt-BR\",\"potentialAction\":[{\"@type\":\"ReadAction\",\"target\":[\"http:\/\/emc.mg.gov.br\/institucional\/governanca\/relatorios\/\"]}]},{\"@type\":\"BreadcrumbList\",\"@id\":\"http:\/\/emc.mg.gov.br\/institucional\/governanca\/relatorios\/#breadcrumb\",\"itemListElement\":[{\"@type\":\"ListItem\",\"position\":1,\"name\":\"In\u00edcio\",\"item\":\"https:\/\/emc.mg.gov.br\/institucional\/\"},{\"@type\":\"ListItem\",\"position\":2,\"name\":\"Governan\u00e7a\",\"item\":\"https:\/\/emc.mg.gov.br\/institucional\/governanca\/\"},{\"@type\":\"ListItem\",\"position\":3,\"name\":\"Relat\u00f3rios\"}]},{\"@type\":\"WebSite\",\"@id\":\"https:\/\/emc.mg.gov.br\/institucional\/#website\",\"url\":\"https:\/\/emc.mg.gov.br\/institucional\/\",\"name\":\"EMC\",\"description\":\"Empresa Mineira de Comunica\u00e7\u00e3o\",\"publisher\":{\"@id\":\"https:\/\/emc.mg.gov.br\/institucional\/#organization\"},\"potentialAction\":[{\"@type\":\"SearchAction\",\"target\":{\"@type\":\"EntryPoint\",\"urlTemplate\":\"https:\/\/emc.mg.gov.br\/institucional\/?s={search_term_string}\"},\"query-input\":\"required name=search_term_string\"}],\"inLanguage\":\"pt-BR\"},{\"@type\":\"Organization\",\"@id\":\"https:\/\/emc.mg.gov.br\/institucional\/#organization\",\"name\":\"EMC\",\"url\":\"https:\/\/emc.mg.gov.br\/institucional\/\",\"sameAs\":[],\"logo\":{\"@type\":\"ImageObject\",\"inLanguage\":\"pt-BR\",\"@id\":\"https:\/\/emc.mg.gov.br\/institucional\/#\/schema\/logo\/image\/\",\"url\":\"https:\/\/emc.mg.gov.br\/institucional\/wp-content\/uploads\/2022\/06\/EMCmarca.png\",\"contentUrl\":\"https:\/\/emc.mg.gov.br\/institucional\/wp-content\/uploads\/2022\/06\/EMCmarca.png\",\"width\":133,\"height\":89,\"caption\":\"EMC \"},\"image\":{\"@id\":\"https:\/\/emc.mg.gov.br\/institucional\/#\/schema\/logo\/image\/\"}}]}<\/script>\n<!-- \/ Yoast SEO plugin. -->","yoast_head_json":{"title":"Relat\u00f3rios - EMC","robots":{"index":"index","follow":"follow","max-snippet":"max-snippet:-1","max-image-preview":"max-image-preview:large","max-video-preview":"max-video-preview:-1"},"canonical":"http:\/\/emc.mg.gov.br\/institucional\/governanca\/relatorios\/","og_locale":"pt_BR","og_type":"article","og_title":"Relat\u00f3rios - EMC","og_description":"Relat\u00f3rios Trimestrais da Administra\u00e7\u00e3o Relat\u00f3rio &#8211; 4\u00ba trimestre 2024[.pdf 1mb] Relat\u00f3rio &#8211; 3\u00ba trimestre 2024[.pdf 1mb] Relat\u00f3rio &#8211; 2\u00ba trimestre 2024[.pdf 2mb] Relat\u00f3rio &#8211; 1\u00ba trimestre 2024 [.pdf 2mb] Relat\u00f3rio &#8211; 3\u00ba trimestre 2023[.pdf 864kb] Relat\u00f3rio &#8211; 1\u00ba e 2\u00ba trimestres 2023[.pdf 757kb] Relat\u00f3rio \u2013 3\u00b0 trimestre 2022[.pdf 2mb] Relat\u00f3rio \u2013 2\u00b0 trimestre 2022[.pdf 2mb] [&hellip;]","og_url":"http:\/\/emc.mg.gov.br\/institucional\/governanca\/relatorios\/","og_site_name":"EMC","article_modified_time":"2026-02-20T16:03:54+00:00","twitter_card":"summary_large_image","twitter_misc":{"Est. tempo de leitura":"1 minuto"},"schema":{"@context":"https:\/\/schema.org","@graph":[{"@type":"WebPage","@id":"http:\/\/emc.mg.gov.br\/institucional\/governanca\/relatorios\/","url":"http:\/\/emc.mg.gov.br\/institucional\/governanca\/relatorios\/","name":"Relat\u00f3rios - EMC","isPartOf":{"@id":"https:\/\/emc.mg.gov.br\/institucional\/#website"},"datePublished":"2022-10-07T13:31:20+00:00","dateModified":"2026-02-20T16:03:54+00:00","breadcrumb":{"@id":"http:\/\/emc.mg.gov.br\/institucional\/governanca\/relatorios\/#breadcrumb"},"inLanguage":"pt-BR","potentialAction":[{"@type":"ReadAction","target":["http:\/\/emc.mg.gov.br\/institucional\/governanca\/relatorios\/"]}]},{"@type":"BreadcrumbList","@id":"http:\/\/emc.mg.gov.br\/institucional\/governanca\/relatorios\/#breadcrumb","itemListElement":[{"@type":"ListItem","position":1,"name":"In\u00edcio","item":"https:\/\/emc.mg.gov.br\/institucional\/"},{"@type":"ListItem","position":2,"name":"Governan\u00e7a","item":"https:\/\/emc.mg.gov.br\/institucional\/governanca\/"},{"@type":"ListItem","position":3,"name":"Relat\u00f3rios"}]},{"@type":"WebSite","@id":"https:\/\/emc.mg.gov.br\/institucional\/#website","url":"https:\/\/emc.mg.gov.br\/institucional\/","name":"EMC","description":"Empresa Mineira de Comunica\u00e7\u00e3o","publisher":{"@id":"https:\/\/emc.mg.gov.br\/institucional\/#organization"},"potentialAction":[{"@type":"SearchAction","target":{"@type":"EntryPoint","urlTemplate":"https:\/\/emc.mg.gov.br\/institucional\/?s={search_term_string}"},"query-input":"required name=search_term_string"}],"inLanguage":"pt-BR"},{"@type":"Organization","@id":"https:\/\/emc.mg.gov.br\/institucional\/#organization","name":"EMC","url":"https:\/\/emc.mg.gov.br\/institucional\/","sameAs":[],"logo":{"@type":"ImageObject","inLanguage":"pt-BR","@id":"https:\/\/emc.mg.gov.br\/institucional\/#\/schema\/logo\/image\/","url":"https:\/\/emc.mg.gov.br\/institucional\/wp-content\/uploads\/2022\/06\/EMCmarca.png","contentUrl":"https:\/\/emc.mg.gov.br\/institucional\/wp-content\/uploads\/2022\/06\/EMCmarca.png","width":133,"height":89,"caption":"EMC "},"image":{"@id":"https:\/\/emc.mg.gov.br\/institucional\/#\/schema\/logo\/image\/"}}]}},"_links":{"self":[{"href":"https:\/\/emc.mg.gov.br\/institucional\/wp-json\/wp\/v2\/pages\/1204"}],"collection":[{"href":"https:\/\/emc.mg.gov.br\/institucional\/wp-json\/wp\/v2\/pages"}],"about":[{"href":"https:\/\/emc.mg.gov.br\/institucional\/wp-json\/wp\/v2\/types\/page"}],"author":[{"embeddable":true,"href":"https:\/\/emc.mg.gov.br\/institucional\/wp-json\/wp\/v2\/users\/2"}],"replies":[{"embeddable":true,"href":"https:\/\/emc.mg.gov.br\/institucional\/wp-json\/wp\/v2\/comments?post=1204"}],"version-history":[{"count":16,"href":"https:\/\/emc.mg.gov.br\/institucional\/wp-json\/wp\/v2\/pages\/1204\/revisions"}],"predecessor-version":[{"id":4092,"href":"https:\/\/emc.mg.gov.br\/institucional\/wp-json\/wp\/v2\/pages\/1204\/revisions\/4092"}],"up":[{"embeddable":true,"href":"https:\/\/emc.mg.gov.br\/institucional\/wp-json\/wp\/v2\/pages\/610"}],"wp:attachment":[{"href":"https:\/\/emc.mg.gov.br\/institucional\/wp-json\/wp\/v2\/media?parent=1204"}],"curies":[{"name":"wp","href":"https:\/\/api.w.org\/{rel}","templated":true}]}}