{"id":1196,"date":"2022-10-07T10:25:17","date_gmt":"2022-10-07T13:25:17","guid":{"rendered":"http:\/\/emc.mg.gov.br\/institucional\/?page_id=1196"},"modified":"2026-03-09T12:26:11","modified_gmt":"2026-03-09T15:26:11","slug":"planos-politicas-acoes","status":"publish","type":"page","link":"https:\/\/emc.mg.gov.br\/institucional\/governanca\/planos-politicas-acoes\/","title":{"rendered":"Planos, pol\u00edticas, a\u00e7\u00f5es"},"content":{"rendered":"\n<p>A EMC \u2013 Empresa Mineira de Comunica\u00e7\u00e3o disponibiliza informa\u00e7\u00f5es sobre os planos, as pol\u00edticas e as a\u00e7\u00f5es. Qualquer d\u00favida, entre em contato por meio do\u00a0<a href=\"http:\/\/emc.mg.gov.br\/institucional\/?page_id=166\">Fale Conosco<\/a>.<\/p>\n\n\n\n<p><a href=\"http:\/\/emc.mg.gov.br\/institucional\/wp-content\/uploads\/2026\/03\/Versao-aprovada-pelo-Conselho-para-publicacao-Politica-Corporativa-de-Due-Diligence-EMC-2025.pdf\" target=\"_blank\" rel=\"noreferrer noopener\">Pol\u00edtica Corporativa de Due Diligence &#8211; EMC 2025<\/a> [.pdf 370kb]<\/p>\n\n\n\n<p><a href=\"http:\/\/emc.mg.gov.br\/institucional\/wp-content\/uploads\/2023\/05\/PCSC-2023-_mai_2023.pdf\">Plano de Cargos, Sal\u00e1rios e Carreiras<\/a>&nbsp;[.pdf 2mb]<\/p>\n\n\n\n<p><a href=\"http:\/\/emc.mg.gov.br\/institucional\/wp-content\/uploads\/2024\/10\/Nova-Edicao-do-Plano-de-Integridade-2024.pdf\">Plano de Integridade<\/a>&nbsp;[.pdf 1mb]<\/p>\n\n\n\n<p><a href=\"http:\/\/emc.mg.gov.br\/institucional\/wp-content\/uploads\/2026\/03\/Versao-aprovada-pelo-Conselho-para-publicacao-Politica-de-Gestao-de-Riscos-EMC-2025.pdf\" target=\"_blank\" rel=\"noreferrer noopener\">Pol\u00edtica de Gest\u00e3o de Riscos &#8211; Atualizada\u00a0<\/a>[.pdf 430kb]<\/p>\n\n\n\n<p><a href=\"http:\/\/emc.mg.gov.br\/institucional\/wp-content\/uploads\/2022\/07\/GestaoRiscosEMC.pdf\" target=\"_blank\" rel=\"noreferrer noopener\">Pol\u00edtica de Gest\u00e3o de Riscos 2021\u00a0<\/a>[.pdf 1mb]<\/p>\n\n\n\n<p><a href=\"http:\/\/emc.mg.gov.br\/institucional\/wp-content\/uploads\/2025\/05\/PlanejamentoEstrategicoEMC_compressed.pdf\" target=\"_blank\" rel=\"noreferrer noopener\">Planejamento Estrat\u00e9gico<\/a>&nbsp;[.pdf 1m]<\/p>\n\n\n\n<p><a href=\"http:\/\/emc.mg.gov.br\/institucional\/wp-content\/uploads\/2022\/08\/Politica-de-Gestao-de-Pessoas-EMC.pdf\" target=\"_blank\" rel=\"noreferrer noopener\">Pol\u00edtica de Gest\u00e3o de Pessoas<\/a>&nbsp;[.pdf 65kb]<\/p>\n\n\n\n<p><a href=\"http:\/\/emc.mg.gov.br\/institucional\/wp-content\/uploads\/2025\/10\/Politica-de-Governanca-Corporativa-Versao-aprovada-EMC-2025.pdf\" target=\"_blank\" rel=\"noreferrer noopener\">Pol\u00edtica de Governan\u00e7a Corporativa<\/a> [.pdf 722kb]<\/p>\n\n\n\n<p><a href=\"http:\/\/emc.mg.gov.br\/institucional\/wp-content\/uploads\/2025\/10\/Politica-de-Transacoes-com-Partes-Relacionadas-Versao-aprovada-EMC-2025.pdf\" target=\"_blank\" rel=\"noreferrer noopener\">Pol\u00edtica Corporativa de transa\u00e7\u00f5es com partes relacionadas<\/a> [.pdf 427kb]<\/p>\n\n\n\n<p><a href=\"http:\/\/emc.mg.gov.br\/institucional\/wp-content\/uploads\/2025\/10\/Politica-de-Distribuicao-de-Brindes-Cortesias-e-Premios-Versao-aprovada-EMC-2025.pdf\" target=\"_blank\" rel=\"noreferrer noopener\">Pol\u00edtica Corporativa de Governan\u00e7a de distribui\u00e7\u00e3o de brindes, cortesias e pr\u00eamios<\/a> [.pdf 442kb]<\/p>\n","protected":false},"excerpt":{"rendered":"<p>A EMC \u2013 Empresa Mineira de Comunica\u00e7\u00e3o disponibiliza informa\u00e7\u00f5es sobre os planos, as pol\u00edticas e as a\u00e7\u00f5es. Qualquer d\u00favida, entre em contato por meio do\u00a0Fale Conosco. Pol\u00edtica Corporativa de Due Diligence &#8211; EMC 2025 [.pdf 370kb] Plano de Cargos, Sal\u00e1rios e Carreiras&nbsp;[.pdf 2mb] Plano de Integridade&nbsp;[.pdf 1mb] Pol\u00edtica de Gest\u00e3o de Riscos &#8211; Atualizada\u00a0[.pdf 430kb] [&hellip;]<\/p>\n","protected":false},"author":2,"featured_media":0,"parent":610,"menu_order":0,"comment_status":"closed","ping_status":"closed","template":"","meta":{"ub_ctt_via":""},"featured_image_src":null,"yoast_head":"<!-- This site is optimized with the Yoast SEO plugin v19.5.1 - https:\/\/yoast.com\/wordpress\/plugins\/seo\/ -->\n<title>Planos, pol\u00edticas, a\u00e7\u00f5es - EMC<\/title>\n<meta name=\"robots\" content=\"index, follow, max-snippet:-1, max-image-preview:large, max-video-preview:-1\" \/>\n<link rel=\"canonical\" href=\"https:\/\/emc.mg.gov.br\/institucional\/governanca\/planos-politicas-acoes\/\" \/>\n<meta property=\"og:locale\" content=\"pt_BR\" \/>\n<meta property=\"og:type\" content=\"article\" \/>\n<meta property=\"og:title\" content=\"Planos, pol\u00edticas, a\u00e7\u00f5es - EMC\" \/>\n<meta property=\"og:description\" content=\"A EMC \u2013 Empresa Mineira de Comunica\u00e7\u00e3o disponibiliza informa\u00e7\u00f5es sobre os planos, as pol\u00edticas e as a\u00e7\u00f5es. Qualquer d\u00favida, entre em contato por meio do\u00a0Fale Conosco. Pol\u00edtica Corporativa de Due Diligence &#8211; EMC 2025 [.pdf 370kb] Plano de Cargos, Sal\u00e1rios e Carreiras&nbsp;[.pdf 2mb] Plano de Integridade&nbsp;[.pdf 1mb] Pol\u00edtica de Gest\u00e3o de Riscos &#8211; Atualizada\u00a0[.pdf 430kb] [&hellip;]\" \/>\n<meta property=\"og:url\" content=\"https:\/\/emc.mg.gov.br\/institucional\/governanca\/planos-politicas-acoes\/\" \/>\n<meta property=\"og:site_name\" content=\"EMC\" \/>\n<meta property=\"article:modified_time\" content=\"2026-03-09T15:26:11+00:00\" \/>\n<meta name=\"twitter:card\" content=\"summary_large_image\" \/>\n<meta name=\"twitter:label1\" content=\"Est. tempo de leitura\" \/>\n\t<meta name=\"twitter:data1\" content=\"1 minuto\" \/>\n<script type=\"application\/ld+json\" class=\"yoast-schema-graph\">{\"@context\":\"https:\/\/schema.org\",\"@graph\":[{\"@type\":\"WebPage\",\"@id\":\"https:\/\/emc.mg.gov.br\/institucional\/governanca\/planos-politicas-acoes\/\",\"url\":\"https:\/\/emc.mg.gov.br\/institucional\/governanca\/planos-politicas-acoes\/\",\"name\":\"Planos, pol\u00edticas, a\u00e7\u00f5es - EMC\",\"isPartOf\":{\"@id\":\"https:\/\/emc.mg.gov.br\/institucional\/#website\"},\"datePublished\":\"2022-10-07T13:25:17+00:00\",\"dateModified\":\"2026-03-09T15:26:11+00:00\",\"breadcrumb\":{\"@id\":\"https:\/\/emc.mg.gov.br\/institucional\/governanca\/planos-politicas-acoes\/#breadcrumb\"},\"inLanguage\":\"pt-BR\",\"potentialAction\":[{\"@type\":\"ReadAction\",\"target\":[\"https:\/\/emc.mg.gov.br\/institucional\/governanca\/planos-politicas-acoes\/\"]}]},{\"@type\":\"BreadcrumbList\",\"@id\":\"https:\/\/emc.mg.gov.br\/institucional\/governanca\/planos-politicas-acoes\/#breadcrumb\",\"itemListElement\":[{\"@type\":\"ListItem\",\"position\":1,\"name\":\"In\u00edcio\",\"item\":\"https:\/\/emc.mg.gov.br\/institucional\/\"},{\"@type\":\"ListItem\",\"position\":2,\"name\":\"Governan\u00e7a\",\"item\":\"https:\/\/emc.mg.gov.br\/institucional\/governanca\/\"},{\"@type\":\"ListItem\",\"position\":3,\"name\":\"Planos, pol\u00edticas, a\u00e7\u00f5es\"}]},{\"@type\":\"WebSite\",\"@id\":\"https:\/\/emc.mg.gov.br\/institucional\/#website\",\"url\":\"https:\/\/emc.mg.gov.br\/institucional\/\",\"name\":\"EMC\",\"description\":\"Empresa Mineira de Comunica\u00e7\u00e3o\",\"publisher\":{\"@id\":\"https:\/\/emc.mg.gov.br\/institucional\/#organization\"},\"potentialAction\":[{\"@type\":\"SearchAction\",\"target\":{\"@type\":\"EntryPoint\",\"urlTemplate\":\"https:\/\/emc.mg.gov.br\/institucional\/?s={search_term_string}\"},\"query-input\":\"required name=search_term_string\"}],\"inLanguage\":\"pt-BR\"},{\"@type\":\"Organization\",\"@id\":\"https:\/\/emc.mg.gov.br\/institucional\/#organization\",\"name\":\"EMC\",\"url\":\"https:\/\/emc.mg.gov.br\/institucional\/\",\"sameAs\":[],\"logo\":{\"@type\":\"ImageObject\",\"inLanguage\":\"pt-BR\",\"@id\":\"https:\/\/emc.mg.gov.br\/institucional\/#\/schema\/logo\/image\/\",\"url\":\"https:\/\/emc.mg.gov.br\/institucional\/wp-content\/uploads\/2022\/06\/EMCmarca.png\",\"contentUrl\":\"https:\/\/emc.mg.gov.br\/institucional\/wp-content\/uploads\/2022\/06\/EMCmarca.png\",\"width\":133,\"height\":89,\"caption\":\"EMC \"},\"image\":{\"@id\":\"https:\/\/emc.mg.gov.br\/institucional\/#\/schema\/logo\/image\/\"}}]}<\/script>\n<!-- \/ Yoast SEO plugin. -->","yoast_head_json":{"title":"Planos, pol\u00edticas, a\u00e7\u00f5es - EMC","robots":{"index":"index","follow":"follow","max-snippet":"max-snippet:-1","max-image-preview":"max-image-preview:large","max-video-preview":"max-video-preview:-1"},"canonical":"https:\/\/emc.mg.gov.br\/institucional\/governanca\/planos-politicas-acoes\/","og_locale":"pt_BR","og_type":"article","og_title":"Planos, pol\u00edticas, a\u00e7\u00f5es - EMC","og_description":"A EMC \u2013 Empresa Mineira de Comunica\u00e7\u00e3o disponibiliza informa\u00e7\u00f5es sobre os planos, as pol\u00edticas e as a\u00e7\u00f5es. Qualquer d\u00favida, entre em contato por meio do\u00a0Fale Conosco. Pol\u00edtica Corporativa de Due Diligence &#8211; EMC 2025 [.pdf 370kb] Plano de Cargos, Sal\u00e1rios e Carreiras&nbsp;[.pdf 2mb] Plano de Integridade&nbsp;[.pdf 1mb] Pol\u00edtica de Gest\u00e3o de Riscos &#8211; Atualizada\u00a0[.pdf 430kb] [&hellip;]","og_url":"https:\/\/emc.mg.gov.br\/institucional\/governanca\/planos-politicas-acoes\/","og_site_name":"EMC","article_modified_time":"2026-03-09T15:26:11+00:00","twitter_card":"summary_large_image","twitter_misc":{"Est. tempo de leitura":"1 minuto"},"schema":{"@context":"https:\/\/schema.org","@graph":[{"@type":"WebPage","@id":"https:\/\/emc.mg.gov.br\/institucional\/governanca\/planos-politicas-acoes\/","url":"https:\/\/emc.mg.gov.br\/institucional\/governanca\/planos-politicas-acoes\/","name":"Planos, pol\u00edticas, a\u00e7\u00f5es - EMC","isPartOf":{"@id":"https:\/\/emc.mg.gov.br\/institucional\/#website"},"datePublished":"2022-10-07T13:25:17+00:00","dateModified":"2026-03-09T15:26:11+00:00","breadcrumb":{"@id":"https:\/\/emc.mg.gov.br\/institucional\/governanca\/planos-politicas-acoes\/#breadcrumb"},"inLanguage":"pt-BR","potentialAction":[{"@type":"ReadAction","target":["https:\/\/emc.mg.gov.br\/institucional\/governanca\/planos-politicas-acoes\/"]}]},{"@type":"BreadcrumbList","@id":"https:\/\/emc.mg.gov.br\/institucional\/governanca\/planos-politicas-acoes\/#breadcrumb","itemListElement":[{"@type":"ListItem","position":1,"name":"In\u00edcio","item":"https:\/\/emc.mg.gov.br\/institucional\/"},{"@type":"ListItem","position":2,"name":"Governan\u00e7a","item":"https:\/\/emc.mg.gov.br\/institucional\/governanca\/"},{"@type":"ListItem","position":3,"name":"Planos, pol\u00edticas, a\u00e7\u00f5es"}]},{"@type":"WebSite","@id":"https:\/\/emc.mg.gov.br\/institucional\/#website","url":"https:\/\/emc.mg.gov.br\/institucional\/","name":"EMC","description":"Empresa Mineira de Comunica\u00e7\u00e3o","publisher":{"@id":"https:\/\/emc.mg.gov.br\/institucional\/#organization"},"potentialAction":[{"@type":"SearchAction","target":{"@type":"EntryPoint","urlTemplate":"https:\/\/emc.mg.gov.br\/institucional\/?s={search_term_string}"},"query-input":"required name=search_term_string"}],"inLanguage":"pt-BR"},{"@type":"Organization","@id":"https:\/\/emc.mg.gov.br\/institucional\/#organization","name":"EMC","url":"https:\/\/emc.mg.gov.br\/institucional\/","sameAs":[],"logo":{"@type":"ImageObject","inLanguage":"pt-BR","@id":"https:\/\/emc.mg.gov.br\/institucional\/#\/schema\/logo\/image\/","url":"https:\/\/emc.mg.gov.br\/institucional\/wp-content\/uploads\/2022\/06\/EMCmarca.png","contentUrl":"https:\/\/emc.mg.gov.br\/institucional\/wp-content\/uploads\/2022\/06\/EMCmarca.png","width":133,"height":89,"caption":"EMC "},"image":{"@id":"https:\/\/emc.mg.gov.br\/institucional\/#\/schema\/logo\/image\/"}}]}},"_links":{"self":[{"href":"https:\/\/emc.mg.gov.br\/institucional\/wp-json\/wp\/v2\/pages\/1196"}],"collection":[{"href":"https:\/\/emc.mg.gov.br\/institucional\/wp-json\/wp\/v2\/pages"}],"about":[{"href":"https:\/\/emc.mg.gov.br\/institucional\/wp-json\/wp\/v2\/types\/page"}],"author":[{"embeddable":true,"href":"https:\/\/emc.mg.gov.br\/institucional\/wp-json\/wp\/v2\/users\/2"}],"replies":[{"embeddable":true,"href":"https:\/\/emc.mg.gov.br\/institucional\/wp-json\/wp\/v2\/comments?post=1196"}],"version-history":[{"count":11,"href":"https:\/\/emc.mg.gov.br\/institucional\/wp-json\/wp\/v2\/pages\/1196\/revisions"}],"predecessor-version":[{"id":4120,"href":"https:\/\/emc.mg.gov.br\/institucional\/wp-json\/wp\/v2\/pages\/1196\/revisions\/4120"}],"up":[{"embeddable":true,"href":"https:\/\/emc.mg.gov.br\/institucional\/wp-json\/wp\/v2\/pages\/610"}],"wp:attachment":[{"href":"https:\/\/emc.mg.gov.br\/institucional\/wp-json\/wp\/v2\/media?parent=1196"}],"curies":[{"name":"wp","href":"https:\/\/api.w.org\/{rel}","templated":true}]}}