{"id":452,"date":"2022-06-29T14:55:37","date_gmt":"2022-06-29T17:55:37","guid":{"rendered":"http:\/\/emc.mg.gov.br\/institucional\/?page_id=452"},"modified":"2024-11-28T08:33:22","modified_gmt":"2024-11-28T11:33:22","slug":"portarias-emc","status":"publish","type":"page","link":"http:\/\/emc.mg.gov.br\/institucional\/governanca\/portarias-emc\/","title":{"rendered":"Portarias EMC"},"content":{"rendered":"\n<p><strong>2024<\/strong><\/p>\n\n\n\n<div class=\"wp-block-file\"><a id=\"wp-block-file--media-f8c25bba-73df-4ddf-ab12-829ecbda6079\" href=\"http:\/\/emc.mg.gov.br\/institucional\/wp-content\/uploads\/2024\/11\/PORTARIA-EMC-N\u00b0-2-DE-22-DE-NOVEMBRO-DE-2024-compressed.pdf\" target=\"_blank\" rel=\"noreferrer noopener\">PORTARIA EMC N\u00b02 DE 22 DE NOVEMBRO DE 2024(Institui as Comiss\u00f5es Especiais encarregadas de promover os invent\u00e1rios f\u00edsicos e financeiros dos valores em esp\u00e9cie em caixa e documentos convers\u00edveis em disponibilidade&#8230;)<\/a><a href=\"http:\/\/emc.mg.gov.br\/institucional\/wp-content\/uploads\/2024\/11\/PORTARIA-EMC-N\u00b0-2-DE-22-DE-NOVEMBRO-DE-2024-compressed.pdf\" class=\"wp-block-file__button\" download aria-describedby=\"wp-block-file--media-f8c25bba-73df-4ddf-ab12-829ecbda6079\">514 &#8211; Baixar<\/a><\/div>\n\n\n\n<hr class=\"wp-block-separator has-alpha-channel-opacity\"\/>\n\n\n\n<p><strong>2022<\/strong><\/p>\n\n\n\n<div class=\"wp-block-file\"><a id=\"wp-block-file--media-81c0f321-9643-4ef6-bd49-bbc4bd285470\" href=\"http:\/\/emc.mg.gov.br\/institucional\/wp-content\/uploads\/2022\/06\/PORTARIA-EMC-N001-DE-31-DE-MARC\u0327O-DE-2022-Plano-de-Cargos-Sala\u0301rios-e-Carreiras.pdf\" target=\"_blank\" rel=\"noreferrer noopener\">PORTARIA EMC N001, DE 31 DE MARC\u0327O DE 2022 (Plano de Cargos, Sala\u0301rios e Carreiras)<\/a><a href=\"http:\/\/emc.mg.gov.br\/institucional\/wp-content\/uploads\/2022\/06\/PORTARIA-EMC-N001-DE-31-DE-MARC\u0327O-DE-2022-Plano-de-Cargos-Sala\u0301rios-e-Carreiras.pdf\" class=\"wp-block-file__button\" download aria-describedby=\"wp-block-file--media-81c0f321-9643-4ef6-bd49-bbc4bd285470\">152kb &#8211; Baixar<\/a><\/div>\n\n\n\n<hr class=\"wp-block-separator has-alpha-channel-opacity\"\/>\n\n\n\n<p><strong>2021<\/strong><\/p>\n\n\n\n<div class=\"wp-block-file\"><a id=\"wp-block-file--media-81c0f321-9643-4ef6-bd49-bbc4bd285470\" href=\"http:\/\/emc.mg.gov.br\/institucional\/wp-content\/uploads\/2022\/06\/PORTARIA-EMC-N01-DE-09-DE-AGOSTO-DE-2021-Constitui-a-comissa\u0303o-eleitoral-da-CIPA.pdf\" target=\"_blank\" rel=\"noreferrer noopener\">PORTARIA EMC N01, DE 09 DE AGOSTO DE 2021 (Constitui a comissa\u0303o eleitoral da CIPA)<\/a><a href=\"http:\/\/emc.mg.gov.br\/institucional\/wp-content\/uploads\/2022\/06\/PORTARIA-EMC-N01-DE-09-DE-AGOSTO-DE-2021-Constitui-a-comissa\u0303o-eleitoral-da-CIPA.pdf\" class=\"wp-block-file__button\" download aria-describedby=\"wp-block-file--media-81c0f321-9643-4ef6-bd49-bbc4bd285470\">157kb &#8211; Baixar<\/a><\/div>\n\n\n\n<div class=\"wp-block-file\"><a id=\"wp-block-file--media-81c0f321-9643-4ef6-bd49-bbc4bd285470\" href=\"http:\/\/emc.mg.gov.br\/institucional\/wp-content\/uploads\/2022\/06\/PORTARIA-EMC-N02-DE-20-DE-SETEMBRO-DE-2021-Institui-os-membros-para-composic\u0327a\u0303o-da-CIPA.pdf\" target=\"_blank\" rel=\"noreferrer noopener\">PORTARIA EMC N02, DE 20 DE SETEMBRO DE 2021 (Institui os membros para composic\u0327a\u0303o da CIPA)<\/a><a href=\"http:\/\/emc.mg.gov.br\/institucional\/wp-content\/uploads\/2022\/06\/PORTARIA-EMC-N02-DE-20-DE-SETEMBRO-DE-2021-Institui-os-membros-para-composic\u0327a\u0303o-da-CIPA.pdf\" class=\"wp-block-file__button\" download aria-describedby=\"wp-block-file--media-81c0f321-9643-4ef6-bd49-bbc4bd285470\">150kb &#8211; Baixar<\/a><\/div>\n\n\n\n<div class=\"wp-block-file\"><a id=\"wp-block-file--media-81c0f321-9643-4ef6-bd49-bbc4bd285470\" href=\"http:\/\/emc.mg.gov.br\/institucional\/wp-content\/uploads\/2022\/06\/PORTARIA-EMC-N03-DE-12-DE-NOVEMBRO-DE-2021-Estabelece-a-poli\u0301tica-de-descontos-e-outros-processos-relacionados-a-venda-de-espac\u0327o-para-anu\u0301ncios-comerciais.pdf\" target=\"_blank\" rel=\"noreferrer noopener\">PORTARIA EMC N03, DE 12 DE NOVEMBRO DE 2021 (Estabelece a poli\u0301tica de descontos e outros processos relacionados a venda de espac\u0327o para anu\u0301ncios comerciais)<\/a><a href=\"http:\/\/emc.mg.gov.br\/institucional\/wp-content\/uploads\/2022\/06\/PORTARIA-EMC-N03-DE-12-DE-NOVEMBRO-DE-2021-Estabelece-a-poli\u0301tica-de-descontos-e-outros-processos-relacionados-a-venda-de-espac\u0327o-para-anu\u0301ncios-comerciais.pdf\" class=\"wp-block-file__button\" download aria-describedby=\"wp-block-file--media-81c0f321-9643-4ef6-bd49-bbc4bd285470\">205kb &#8211; Baixar<\/a><\/div>\n\n\n\n<div class=\"wp-block-file\"><a id=\"wp-block-file--media-81c0f321-9643-4ef6-bd49-bbc4bd285470\" href=\"http:\/\/emc.mg.gov.br\/institucional\/wp-content\/uploads\/2022\/06\/PORTARIA-EMC-N04-DE-25-DE-NOVEMBRO-DE-2021-Institui-as-comisso\u0303es-especiais-escarregadas-de-promover-o-levantamento-do-inventa\u0301rios-fisicos-e-financeiros-da-tesouraria-almoxarifado.pdf\" target=\"_blank\" rel=\"noreferrer noopener\">PORTARIA EMC N04, DE 25 DE NOVEMBRO DE 2021 (Institui as comisso\u0303es especiais escarregadas de promover o levantamento do inventa\u0301rios fisicos e financeiros da tesouraria, almoxarifado)<\/a><a href=\"http:\/\/emc.mg.gov.br\/institucional\/wp-content\/uploads\/2022\/06\/PORTARIA-EMC-N04-DE-25-DE-NOVEMBRO-DE-2021-Institui-as-comisso\u0303es-especiais-escarregadas-de-promover-o-levantamento-do-inventa\u0301rios-fisicos-e-financeiros-da-tesouraria-almoxarifado.pdf\" class=\"wp-block-file__button\" download aria-describedby=\"wp-block-file--media-81c0f321-9643-4ef6-bd49-bbc4bd285470\">159kb &#8211; Baixar<\/a><\/div>\n\n\n\n<p><\/p>\n\n\n\n<hr class=\"wp-block-separator has-alpha-channel-opacity\"\/>\n\n\n\n<p><strong>2020<\/strong><\/p>\n\n\n\n<div class=\"wp-block-file\"><a id=\"wp-block-file--media-81c0f321-9643-4ef6-bd49-bbc4bd285470\" href=\"http:\/\/emc.mg.gov.br\/institucional\/wp-content\/uploads\/2022\/06\/PORTARIA-ECM-N02-DE-14-DE-MARC\u0327O-DE-2020-Constitui-a-comissa\u0303o-julgadora-do-pre\u0302mio-da-mu\u0301sica-popular-mineira.pdf\" target=\"_blank\" rel=\"noreferrer noopener\">PORTARIA ECM N02, DE 14 DE MARC\u0327O DE 2020 (Constitui a comissa\u0303o julgadora do pre\u0302mio da mu\u0301sica popular mineira)<\/a><a href=\"http:\/\/emc.mg.gov.br\/institucional\/wp-content\/uploads\/2022\/06\/PORTARIA-ECM-N02-DE-14-DE-MARC\u0327O-DE-2020-Constitui-a-comissa\u0303o-julgadora-do-pre\u0302mio-da-mu\u0301sica-popular-mineira.pdf\" class=\"wp-block-file__button\" download aria-describedby=\"wp-block-file--media-81c0f321-9643-4ef6-bd49-bbc4bd285470\">149kb &#8211; Baixar<\/a><\/div>\n\n\n\n<div class=\"wp-block-file\"><a id=\"wp-block-file--media-5e603748-6b5c-40bd-8991-d5ec72162a85\" href=\"http:\/\/emc.mg.gov.br\/institucional\/wp-content\/uploads\/2022\/06\/PORTARIA-EMC-N03-DE-17-DE-JUNHO-DE-2020-Constitui-a-comissa\u0303o-eleitoral-da-CIPA.pdf\" target=\"_blank\" rel=\"noreferrer noopener\">PORTARIA EMC N03, DE 17 DE JUNHO DE 2020 (Constitui a comissa\u0303o eleitoral da CIPA)<\/a><a href=\"http:\/\/emc.mg.gov.br\/institucional\/wp-content\/uploads\/2022\/06\/PORTARIA-EMC-N03-DE-17-DE-JUNHO-DE-2020-Constitui-a-comissa\u0303o-eleitoral-da-CIPA.pdf\" class=\"wp-block-file__button\" download aria-describedby=\"wp-block-file--media-5e603748-6b5c-40bd-8991-d5ec72162a85\">145kb &#8211; Baixar<\/a><\/div>\n\n\n\n<div class=\"wp-block-file\"><a id=\"wp-block-file--media-5e603748-6b5c-40bd-8991-d5ec72162a85\" href=\"http:\/\/emc.mg.gov.br\/institucional\/wp-content\/uploads\/2022\/06\/PORTARIA-ECM-N04-DE-22-DE-JULHO-DE-2020-Constitui-a-comissa\u0303o-julgadora-do-pre\u0302mio-da-mu\u0301sica-popular-mineira.pdf\" target=\"_blank\" rel=\"noreferrer noopener\">PORTARIA ECM N04, DE 22 DE JULHO DE 2020 (Constitui a comissa\u0303o julgadora do pre\u0302mio da mu\u0301sica popular mineira)<\/a><a href=\"http:\/\/emc.mg.gov.br\/institucional\/wp-content\/uploads\/2022\/06\/PORTARIA-ECM-N04-DE-22-DE-JULHO-DE-2020-Constitui-a-comissa\u0303o-julgadora-do-pre\u0302mio-da-mu\u0301sica-popular-mineira.pdf\" class=\"wp-block-file__button\" download aria-describedby=\"wp-block-file--media-5e603748-6b5c-40bd-8991-d5ec72162a85\">147kb &#8211; Baixar<\/a><\/div>\n\n\n\n<div class=\"wp-block-file\"><a id=\"wp-block-file--media-5e603748-6b5c-40bd-8991-d5ec72162a85\" href=\"http:\/\/emc.mg.gov.br\/institucional\/wp-content\/uploads\/2022\/06\/PORTARIA-EMC-N05-DE-31-DE-JULHO-DE-2020-Dispo\u0303e-sobre-delegac\u0327a\u0303o-de-compete\u0302ncia.pdf\" target=\"_blank\" rel=\"noreferrer noopener\">PORTARIA EMC N05 DE 31 DE JULHO DE 2020 (Dispo\u0303e sobre delegac\u0327a\u0303o de compete\u0302ncia)<\/a><a href=\"http:\/\/emc.mg.gov.br\/institucional\/wp-content\/uploads\/2022\/06\/PORTARIA-EMC-N05-DE-31-DE-JULHO-DE-2020-Dispo\u0303e-sobre-delegac\u0327a\u0303o-de-compete\u0302ncia.pdf\" class=\"wp-block-file__button\" download aria-describedby=\"wp-block-file--media-5e603748-6b5c-40bd-8991-d5ec72162a85\">164kb &#8211; Baixar<\/a><\/div>\n\n\n\n<div class=\"wp-block-file\"><a id=\"wp-block-file--media-5e603748-6b5c-40bd-8991-d5ec72162a85\" href=\"http:\/\/emc.mg.gov.br\/institucional\/wp-content\/uploads\/2022\/06\/PORTARIA-ECM-N06-DE-19-DE-NOVEMBRO-DE-2020-Institui-as-comisso\u0303es-especiais-encarregadas-de-promover-o-levantamento-dos-inventa\u0301rios-fi\u0301sicos-e-financeiros-da-tesouraria-almoxarifado.pdf\" target=\"_blank\" rel=\"noreferrer noopener\">PORTARIA ECM N06, DE 19 DE NOVEMBRO DE 2020 (Institui as comisso\u0303es especiais encarregadas de promover o levantamento dos inventa\u0301rios fi\u0301sicos e financeiros da tesouraria, almoxarifado)<\/a><a href=\"http:\/\/emc.mg.gov.br\/institucional\/wp-content\/uploads\/2022\/06\/PORTARIA-ECM-N06-DE-19-DE-NOVEMBRO-DE-2020-Institui-as-comisso\u0303es-especiais-encarregadas-de-promover-o-levantamento-dos-inventa\u0301rios-fi\u0301sicos-e-financeiros-da-tesouraria-almoxarifado.pdf\" class=\"wp-block-file__button\" download aria-describedby=\"wp-block-file--media-5e603748-6b5c-40bd-8991-d5ec72162a85\">161kb &#8211; Baixar<\/a><\/div>\n\n\n\n<hr class=\"wp-block-separator has-alpha-channel-opacity\"\/>\n","protected":false},"excerpt":{"rendered":"<p>2024 2022 2021 2020<\/p>\n","protected":false},"author":1,"featured_media":0,"parent":610,"menu_order":0,"comment_status":"closed","ping_status":"closed","template":"","meta":{"ub_ctt_via":""},"featured_image_src":null,"yoast_head":"<!-- This site is optimized with the Yoast SEO plugin v19.5.1 - https:\/\/yoast.com\/wordpress\/plugins\/seo\/ -->\n<title>Portarias EMC - EMC<\/title>\n<meta name=\"robots\" content=\"index, follow, max-snippet:-1, max-image-preview:large, max-video-preview:-1\" \/>\n<link rel=\"canonical\" href=\"http:\/\/emc.mg.gov.br\/institucional\/governanca\/portarias-emc\/\" \/>\n<meta property=\"og:locale\" content=\"pt_BR\" \/>\n<meta property=\"og:type\" content=\"article\" \/>\n<meta property=\"og:title\" content=\"Portarias EMC - EMC\" \/>\n<meta property=\"og:description\" content=\"2024 2022 2021 2020\" \/>\n<meta property=\"og:url\" content=\"http:\/\/emc.mg.gov.br\/institucional\/governanca\/portarias-emc\/\" \/>\n<meta property=\"og:site_name\" content=\"EMC\" \/>\n<meta property=\"article:modified_time\" content=\"2024-11-28T11:33:22+00:00\" \/>\n<meta name=\"twitter:card\" content=\"summary_large_image\" \/>\n<meta name=\"twitter:label1\" content=\"Est. tempo de leitura\" \/>\n\t<meta name=\"twitter:data1\" content=\"1 minuto\" \/>\n<script type=\"application\/ld+json\" class=\"yoast-schema-graph\">{\"@context\":\"https:\/\/schema.org\",\"@graph\":[{\"@type\":\"WebPage\",\"@id\":\"http:\/\/emc.mg.gov.br\/institucional\/governanca\/portarias-emc\/\",\"url\":\"http:\/\/emc.mg.gov.br\/institucional\/governanca\/portarias-emc\/\",\"name\":\"Portarias EMC - EMC\",\"isPartOf\":{\"@id\":\"https:\/\/emc.mg.gov.br\/institucional\/#website\"},\"datePublished\":\"2022-06-29T17:55:37+00:00\",\"dateModified\":\"2024-11-28T11:33:22+00:00\",\"breadcrumb\":{\"@id\":\"http:\/\/emc.mg.gov.br\/institucional\/governanca\/portarias-emc\/#breadcrumb\"},\"inLanguage\":\"pt-BR\",\"potentialAction\":[{\"@type\":\"ReadAction\",\"target\":[\"http:\/\/emc.mg.gov.br\/institucional\/governanca\/portarias-emc\/\"]}]},{\"@type\":\"BreadcrumbList\",\"@id\":\"http:\/\/emc.mg.gov.br\/institucional\/governanca\/portarias-emc\/#breadcrumb\",\"itemListElement\":[{\"@type\":\"ListItem\",\"position\":1,\"name\":\"In\u00edcio\",\"item\":\"https:\/\/emc.mg.gov.br\/institucional\/\"},{\"@type\":\"ListItem\",\"position\":2,\"name\":\"Governan\u00e7a\",\"item\":\"https:\/\/emc.mg.gov.br\/institucional\/governanca\/\"},{\"@type\":\"ListItem\",\"position\":3,\"name\":\"Portarias EMC\"}]},{\"@type\":\"WebSite\",\"@id\":\"https:\/\/emc.mg.gov.br\/institucional\/#website\",\"url\":\"https:\/\/emc.mg.gov.br\/institucional\/\",\"name\":\"EMC\",\"description\":\"Empresa Mineira de Comunica\u00e7\u00e3o\",\"publisher\":{\"@id\":\"https:\/\/emc.mg.gov.br\/institucional\/#organization\"},\"potentialAction\":[{\"@type\":\"SearchAction\",\"target\":{\"@type\":\"EntryPoint\",\"urlTemplate\":\"https:\/\/emc.mg.gov.br\/institucional\/?s={search_term_string}\"},\"query-input\":\"required name=search_term_string\"}],\"inLanguage\":\"pt-BR\"},{\"@type\":\"Organization\",\"@id\":\"https:\/\/emc.mg.gov.br\/institucional\/#organization\",\"name\":\"EMC\",\"url\":\"https:\/\/emc.mg.gov.br\/institucional\/\",\"sameAs\":[],\"logo\":{\"@type\":\"ImageObject\",\"inLanguage\":\"pt-BR\",\"@id\":\"https:\/\/emc.mg.gov.br\/institucional\/#\/schema\/logo\/image\/\",\"url\":\"http:\/\/emc.mg.gov.br\/institucional\/wp-content\/uploads\/2022\/06\/EMCmarca.png\",\"contentUrl\":\"http:\/\/emc.mg.gov.br\/institucional\/wp-content\/uploads\/2022\/06\/EMCmarca.png\",\"width\":133,\"height\":89,\"caption\":\"EMC \"},\"image\":{\"@id\":\"https:\/\/emc.mg.gov.br\/institucional\/#\/schema\/logo\/image\/\"}}]}<\/script>\n<!-- \/ Yoast SEO plugin. -->","yoast_head_json":{"title":"Portarias EMC - EMC","robots":{"index":"index","follow":"follow","max-snippet":"max-snippet:-1","max-image-preview":"max-image-preview:large","max-video-preview":"max-video-preview:-1"},"canonical":"http:\/\/emc.mg.gov.br\/institucional\/governanca\/portarias-emc\/","og_locale":"pt_BR","og_type":"article","og_title":"Portarias EMC - EMC","og_description":"2024 2022 2021 2020","og_url":"http:\/\/emc.mg.gov.br\/institucional\/governanca\/portarias-emc\/","og_site_name":"EMC","article_modified_time":"2024-11-28T11:33:22+00:00","twitter_card":"summary_large_image","twitter_misc":{"Est. tempo de leitura":"1 minuto"},"schema":{"@context":"https:\/\/schema.org","@graph":[{"@type":"WebPage","@id":"http:\/\/emc.mg.gov.br\/institucional\/governanca\/portarias-emc\/","url":"http:\/\/emc.mg.gov.br\/institucional\/governanca\/portarias-emc\/","name":"Portarias EMC - EMC","isPartOf":{"@id":"https:\/\/emc.mg.gov.br\/institucional\/#website"},"datePublished":"2022-06-29T17:55:37+00:00","dateModified":"2024-11-28T11:33:22+00:00","breadcrumb":{"@id":"http:\/\/emc.mg.gov.br\/institucional\/governanca\/portarias-emc\/#breadcrumb"},"inLanguage":"pt-BR","potentialAction":[{"@type":"ReadAction","target":["http:\/\/emc.mg.gov.br\/institucional\/governanca\/portarias-emc\/"]}]},{"@type":"BreadcrumbList","@id":"http:\/\/emc.mg.gov.br\/institucional\/governanca\/portarias-emc\/#breadcrumb","itemListElement":[{"@type":"ListItem","position":1,"name":"In\u00edcio","item":"https:\/\/emc.mg.gov.br\/institucional\/"},{"@type":"ListItem","position":2,"name":"Governan\u00e7a","item":"https:\/\/emc.mg.gov.br\/institucional\/governanca\/"},{"@type":"ListItem","position":3,"name":"Portarias EMC"}]},{"@type":"WebSite","@id":"https:\/\/emc.mg.gov.br\/institucional\/#website","url":"https:\/\/emc.mg.gov.br\/institucional\/","name":"EMC","description":"Empresa Mineira de Comunica\u00e7\u00e3o","publisher":{"@id":"https:\/\/emc.mg.gov.br\/institucional\/#organization"},"potentialAction":[{"@type":"SearchAction","target":{"@type":"EntryPoint","urlTemplate":"https:\/\/emc.mg.gov.br\/institucional\/?s={search_term_string}"},"query-input":"required name=search_term_string"}],"inLanguage":"pt-BR"},{"@type":"Organization","@id":"https:\/\/emc.mg.gov.br\/institucional\/#organization","name":"EMC","url":"https:\/\/emc.mg.gov.br\/institucional\/","sameAs":[],"logo":{"@type":"ImageObject","inLanguage":"pt-BR","@id":"https:\/\/emc.mg.gov.br\/institucional\/#\/schema\/logo\/image\/","url":"http:\/\/emc.mg.gov.br\/institucional\/wp-content\/uploads\/2022\/06\/EMCmarca.png","contentUrl":"http:\/\/emc.mg.gov.br\/institucional\/wp-content\/uploads\/2022\/06\/EMCmarca.png","width":133,"height":89,"caption":"EMC "},"image":{"@id":"https:\/\/emc.mg.gov.br\/institucional\/#\/schema\/logo\/image\/"}}]}},"_links":{"self":[{"href":"http:\/\/emc.mg.gov.br\/institucional\/wp-json\/wp\/v2\/pages\/452"}],"collection":[{"href":"http:\/\/emc.mg.gov.br\/institucional\/wp-json\/wp\/v2\/pages"}],"about":[{"href":"http:\/\/emc.mg.gov.br\/institucional\/wp-json\/wp\/v2\/types\/page"}],"author":[{"embeddable":true,"href":"http:\/\/emc.mg.gov.br\/institucional\/wp-json\/wp\/v2\/users\/1"}],"replies":[{"embeddable":true,"href":"http:\/\/emc.mg.gov.br\/institucional\/wp-json\/wp\/v2\/comments?post=452"}],"version-history":[{"count":8,"href":"http:\/\/emc.mg.gov.br\/institucional\/wp-json\/wp\/v2\/pages\/452\/revisions"}],"predecessor-version":[{"id":3229,"href":"http:\/\/emc.mg.gov.br\/institucional\/wp-json\/wp\/v2\/pages\/452\/revisions\/3229"}],"up":[{"embeddable":true,"href":"http:\/\/emc.mg.gov.br\/institucional\/wp-json\/wp\/v2\/pages\/610"}],"wp:attachment":[{"href":"http:\/\/emc.mg.gov.br\/institucional\/wp-json\/wp\/v2\/media?parent=452"}],"curies":[{"name":"wp","href":"https:\/\/api.w.org\/{rel}","templated":true}]}}