{"id":1974,"date":"2023-02-27T09:53:16","date_gmt":"2023-02-27T12:53:16","guid":{"rendered":"http:\/\/emc.mg.gov.br\/institucional\/?page_id=1974"},"modified":"2023-02-28T15:35:26","modified_gmt":"2023-02-28T18:35:26","slug":"licitacoes-e-contratos","status":"publish","type":"page","link":"http:\/\/emc.mg.gov.br\/institucional\/licitacoes-e-contratos\/","title":{"rendered":"Licita\u00e7\u00f5es e contratos"},"content":{"rendered":"\n<hr class=\"wp-block-separator has-alpha-channel-opacity\"\/>\n\n\n\n<div class=\"wp-container-7 wp-block-columns\">\n<div class=\"wp-container-2 wp-block-column\">\n<div class=\"wp-container-1 wp-block-buttons\">\n<div class=\"wp-block-button aligncenter has-custom-width wp-block-button__width-50 is-style-outline\"><a class=\"wp-block-button__link\" href=\"http:\/\/emc.mg.gov.br\/institucional\/regulamento\/\">Regulamento<\/a><\/div>\n<\/div>\n<\/div>\n\n\n\n<div class=\"wp-container-4 wp-block-column\">\n<div class=\"wp-container-3 wp-block-buttons\">\n<div class=\"wp-block-button aligncenter has-custom-width wp-block-button__width-75 is-style-outline\"><a class=\"wp-block-button__link\" href=\"http:\/\/emc.mg.gov.br\/institucional\/licitacoes-compras\/\">Licita\u00e7\u00f5es e compras<\/a><\/div>\n<\/div>\n<\/div>\n\n\n\n<div class=\"wp-container-6 wp-block-column\">\n<div class=\"wp-container-5 wp-block-buttons\">\n<div class=\"wp-block-button aligncenter has-custom-width wp-block-button__width-50 is-style-outline\"><a class=\"wp-block-button__link\" href=\"http:\/\/emc.mg.gov.br\/institucional\/contratos\/\">Contratos<\/a><\/div>\n<\/div>\n<\/div>\n<\/div>\n\n\n\n<hr class=\"wp-block-separator has-alpha-channel-opacity\"\/>\n\n\n\n<h2>Documentos complementares de processos de compras<\/h2>\n\n\n\n<p><strong>Preg\u00e3o Eletr\u00f4nico:<\/strong> <a href=\"https:\/\/www1.compras.mg.gov.br\/processocompra\/pregao\/consulta\/dados\/abaDadosPregao.html?interfaceModal=true&amp;metodo=visualizar&amp;id=150833&amp;estado=tabConsultaPregoes_paginaCorrente%3d1%26tabConsultaPregoes_ordenacao%3d1-1%2c2-1%26descricaoLoteOpcaoEOu%3dE%26numeroProcessoCompra%3d037%26anoProcessoCompra%3d2022%26objetoLicitacaoPlanejamentoOpcaoEOu%3dE%26localEntregaItemOpcaoEOu%3dE%26descricaoMaterialServicoOpcaoEOu%3dE%26especificacaoItemMaterialServicoOpcaoEOu%3dE%26metodo%3dpesquisar%26objetoLicitacaoProcessoOpcaoEOu%3dE%26tipoPregao%3dPREGAO&amp;idPregao=150833\" target=\"_blank\" rel=\"noreferrer noopener\">3151005 037\/2022<\/a><br>\u200b\u200b\u200b\u200b\u200b<strong>Objeto:<\/strong>\u00a0<em>Contrata\u00e7\u00e3o de empresa especializada na presta\u00e7\u00e3o de servi\u00e7o de seguran\u00e7a eletr\u00f4nica, monitoramento, com instala\u00e7\u00e3o, configura\u00e7\u00e3o e manuten\u00e7\u00e3o de um sistema de Circuito Fechado de TV (CFTV) Digital, fechadura eletromagn\u00e9tica e alarme, com fornecimento de equipamentos em regime de comodato, conforme especifica\u00e7\u00f5es, exig\u00eancias e quantidades estabelecidas neste Edital e em seus Anexos.<\/em><\/p>\n\n\n\n<p class=\"has-small-font-size\">Cumprimento do item&nbsp;7.4. do Termo de Refer\u00eancia &#8211; Anexo I do Edital:<br><em>7.4&nbsp;A crit\u00e9rio da administra\u00e7\u00e3o, poder\u00e3o ser solicitados prospectos, cat\u00e1logos, folders, fichas t\u00e9cnicas ou outros documentos para comprova\u00e7\u00e3o de que o servi\u00e7o ofertado atende \u00e0s especifica\u00e7\u00f5es t\u00e9cnicas solicitadas.<\/em><\/p>\n\n\n\n<p><a href=\"http:\/\/emc.mg.gov.br\/institucional\/wp-content\/uploads\/2023\/02\/catalogo.pdf\" target=\"_blank\" rel=\"noreferrer noopener\">Cat\u00e1logo do 1\u00ba lugar do processo de licita\u00e7\u00e3o<\/a>  [1mb .pdf]<\/p>\n\n\n\n<hr class=\"wp-block-separator has-alpha-channel-opacity\"\/>\n","protected":false},"excerpt":{"rendered":"<p>Documentos complementares de processos de compras Preg\u00e3o Eletr\u00f4nico: 3151005 037\/2022\u200b\u200b\u200b\u200b\u200bObjeto:\u00a0Contrata\u00e7\u00e3o de empresa especializada na presta\u00e7\u00e3o de servi\u00e7o de seguran\u00e7a eletr\u00f4nica, monitoramento, com instala\u00e7\u00e3o, configura\u00e7\u00e3o e manuten\u00e7\u00e3o de um sistema de Circuito Fechado de TV (CFTV) Digital, fechadura eletromagn\u00e9tica e alarme, com fornecimento de equipamentos em regime de comodato, conforme especifica\u00e7\u00f5es, exig\u00eancias e quantidades estabelecidas neste [&hellip;]<\/p>\n","protected":false},"author":2,"featured_media":0,"parent":0,"menu_order":0,"comment_status":"closed","ping_status":"closed","template":"","meta":{"ub_ctt_via":""},"featured_image_src":null,"yoast_head":"<!-- This site is optimized with the Yoast SEO plugin v19.5.1 - https:\/\/yoast.com\/wordpress\/plugins\/seo\/ -->\n<title>Licita\u00e7\u00f5es e contratos - EMC<\/title>\n<meta name=\"robots\" content=\"index, follow, max-snippet:-1, max-image-preview:large, max-video-preview:-1\" \/>\n<link rel=\"canonical\" href=\"http:\/\/emc.mg.gov.br\/institucional\/licitacoes-e-contratos\/\" \/>\n<meta property=\"og:locale\" content=\"pt_BR\" \/>\n<meta property=\"og:type\" content=\"article\" \/>\n<meta property=\"og:title\" content=\"Licita\u00e7\u00f5es e contratos - EMC\" \/>\n<meta property=\"og:description\" content=\"Documentos complementares de processos de compras Preg\u00e3o Eletr\u00f4nico: 3151005 037\/2022\u200b\u200b\u200b\u200b\u200bObjeto:\u00a0Contrata\u00e7\u00e3o de empresa especializada na presta\u00e7\u00e3o de servi\u00e7o de seguran\u00e7a eletr\u00f4nica, monitoramento, com instala\u00e7\u00e3o, configura\u00e7\u00e3o e manuten\u00e7\u00e3o de um sistema de Circuito Fechado de TV (CFTV) Digital, fechadura eletromagn\u00e9tica e alarme, com fornecimento de equipamentos em regime de comodato, conforme especifica\u00e7\u00f5es, exig\u00eancias e quantidades estabelecidas neste [&hellip;]\" \/>\n<meta property=\"og:url\" content=\"http:\/\/emc.mg.gov.br\/institucional\/licitacoes-e-contratos\/\" \/>\n<meta property=\"og:site_name\" content=\"EMC\" \/>\n<meta property=\"article:modified_time\" content=\"2023-02-28T18:35:26+00:00\" \/>\n<meta name=\"twitter:card\" content=\"summary_large_image\" \/>\n<meta name=\"twitter:label1\" content=\"Est. tempo de leitura\" \/>\n\t<meta name=\"twitter:data1\" content=\"1 minuto\" \/>\n<script type=\"application\/ld+json\" class=\"yoast-schema-graph\">{\"@context\":\"https:\/\/schema.org\",\"@graph\":[{\"@type\":\"WebPage\",\"@id\":\"http:\/\/emc.mg.gov.br\/institucional\/licitacoes-e-contratos\/\",\"url\":\"http:\/\/emc.mg.gov.br\/institucional\/licitacoes-e-contratos\/\",\"name\":\"Licita\u00e7\u00f5es e contratos - EMC\",\"isPartOf\":{\"@id\":\"https:\/\/emc.mg.gov.br\/institucional\/#website\"},\"datePublished\":\"2023-02-27T12:53:16+00:00\",\"dateModified\":\"2023-02-28T18:35:26+00:00\",\"breadcrumb\":{\"@id\":\"http:\/\/emc.mg.gov.br\/institucional\/licitacoes-e-contratos\/#breadcrumb\"},\"inLanguage\":\"pt-BR\",\"potentialAction\":[{\"@type\":\"ReadAction\",\"target\":[\"http:\/\/emc.mg.gov.br\/institucional\/licitacoes-e-contratos\/\"]}]},{\"@type\":\"BreadcrumbList\",\"@id\":\"http:\/\/emc.mg.gov.br\/institucional\/licitacoes-e-contratos\/#breadcrumb\",\"itemListElement\":[{\"@type\":\"ListItem\",\"position\":1,\"name\":\"In\u00edcio\",\"item\":\"https:\/\/emc.mg.gov.br\/institucional\/\"},{\"@type\":\"ListItem\",\"position\":2,\"name\":\"Licita\u00e7\u00f5es e contratos\"}]},{\"@type\":\"WebSite\",\"@id\":\"https:\/\/emc.mg.gov.br\/institucional\/#website\",\"url\":\"https:\/\/emc.mg.gov.br\/institucional\/\",\"name\":\"EMC\",\"description\":\"Empresa Mineira de Comunica\u00e7\u00e3o\",\"publisher\":{\"@id\":\"https:\/\/emc.mg.gov.br\/institucional\/#organization\"},\"potentialAction\":[{\"@type\":\"SearchAction\",\"target\":{\"@type\":\"EntryPoint\",\"urlTemplate\":\"https:\/\/emc.mg.gov.br\/institucional\/?s={search_term_string}\"},\"query-input\":\"required name=search_term_string\"}],\"inLanguage\":\"pt-BR\"},{\"@type\":\"Organization\",\"@id\":\"https:\/\/emc.mg.gov.br\/institucional\/#organization\",\"name\":\"EMC\",\"url\":\"https:\/\/emc.mg.gov.br\/institucional\/\",\"sameAs\":[],\"logo\":{\"@type\":\"ImageObject\",\"inLanguage\":\"pt-BR\",\"@id\":\"https:\/\/emc.mg.gov.br\/institucional\/#\/schema\/logo\/image\/\",\"url\":\"http:\/\/emc.mg.gov.br\/institucional\/wp-content\/uploads\/2022\/06\/EMCmarca.png\",\"contentUrl\":\"http:\/\/emc.mg.gov.br\/institucional\/wp-content\/uploads\/2022\/06\/EMCmarca.png\",\"width\":133,\"height\":89,\"caption\":\"EMC \"},\"image\":{\"@id\":\"https:\/\/emc.mg.gov.br\/institucional\/#\/schema\/logo\/image\/\"}}]}<\/script>\n<!-- \/ Yoast SEO plugin. -->","yoast_head_json":{"title":"Licita\u00e7\u00f5es e contratos - EMC","robots":{"index":"index","follow":"follow","max-snippet":"max-snippet:-1","max-image-preview":"max-image-preview:large","max-video-preview":"max-video-preview:-1"},"canonical":"http:\/\/emc.mg.gov.br\/institucional\/licitacoes-e-contratos\/","og_locale":"pt_BR","og_type":"article","og_title":"Licita\u00e7\u00f5es e contratos - EMC","og_description":"Documentos complementares de processos de compras Preg\u00e3o Eletr\u00f4nico: 3151005 037\/2022\u200b\u200b\u200b\u200b\u200bObjeto:\u00a0Contrata\u00e7\u00e3o de empresa especializada na presta\u00e7\u00e3o de servi\u00e7o de seguran\u00e7a eletr\u00f4nica, monitoramento, com instala\u00e7\u00e3o, configura\u00e7\u00e3o e manuten\u00e7\u00e3o de um sistema de Circuito Fechado de TV (CFTV) Digital, fechadura eletromagn\u00e9tica e alarme, com fornecimento de equipamentos em regime de comodato, conforme especifica\u00e7\u00f5es, exig\u00eancias e quantidades estabelecidas neste [&hellip;]","og_url":"http:\/\/emc.mg.gov.br\/institucional\/licitacoes-e-contratos\/","og_site_name":"EMC","article_modified_time":"2023-02-28T18:35:26+00:00","twitter_card":"summary_large_image","twitter_misc":{"Est. tempo de leitura":"1 minuto"},"schema":{"@context":"https:\/\/schema.org","@graph":[{"@type":"WebPage","@id":"http:\/\/emc.mg.gov.br\/institucional\/licitacoes-e-contratos\/","url":"http:\/\/emc.mg.gov.br\/institucional\/licitacoes-e-contratos\/","name":"Licita\u00e7\u00f5es e contratos - EMC","isPartOf":{"@id":"https:\/\/emc.mg.gov.br\/institucional\/#website"},"datePublished":"2023-02-27T12:53:16+00:00","dateModified":"2023-02-28T18:35:26+00:00","breadcrumb":{"@id":"http:\/\/emc.mg.gov.br\/institucional\/licitacoes-e-contratos\/#breadcrumb"},"inLanguage":"pt-BR","potentialAction":[{"@type":"ReadAction","target":["http:\/\/emc.mg.gov.br\/institucional\/licitacoes-e-contratos\/"]}]},{"@type":"BreadcrumbList","@id":"http:\/\/emc.mg.gov.br\/institucional\/licitacoes-e-contratos\/#breadcrumb","itemListElement":[{"@type":"ListItem","position":1,"name":"In\u00edcio","item":"https:\/\/emc.mg.gov.br\/institucional\/"},{"@type":"ListItem","position":2,"name":"Licita\u00e7\u00f5es e contratos"}]},{"@type":"WebSite","@id":"https:\/\/emc.mg.gov.br\/institucional\/#website","url":"https:\/\/emc.mg.gov.br\/institucional\/","name":"EMC","description":"Empresa Mineira de Comunica\u00e7\u00e3o","publisher":{"@id":"https:\/\/emc.mg.gov.br\/institucional\/#organization"},"potentialAction":[{"@type":"SearchAction","target":{"@type":"EntryPoint","urlTemplate":"https:\/\/emc.mg.gov.br\/institucional\/?s={search_term_string}"},"query-input":"required name=search_term_string"}],"inLanguage":"pt-BR"},{"@type":"Organization","@id":"https:\/\/emc.mg.gov.br\/institucional\/#organization","name":"EMC","url":"https:\/\/emc.mg.gov.br\/institucional\/","sameAs":[],"logo":{"@type":"ImageObject","inLanguage":"pt-BR","@id":"https:\/\/emc.mg.gov.br\/institucional\/#\/schema\/logo\/image\/","url":"http:\/\/emc.mg.gov.br\/institucional\/wp-content\/uploads\/2022\/06\/EMCmarca.png","contentUrl":"http:\/\/emc.mg.gov.br\/institucional\/wp-content\/uploads\/2022\/06\/EMCmarca.png","width":133,"height":89,"caption":"EMC "},"image":{"@id":"https:\/\/emc.mg.gov.br\/institucional\/#\/schema\/logo\/image\/"}}]}},"_links":{"self":[{"href":"http:\/\/emc.mg.gov.br\/institucional\/wp-json\/wp\/v2\/pages\/1974"}],"collection":[{"href":"http:\/\/emc.mg.gov.br\/institucional\/wp-json\/wp\/v2\/pages"}],"about":[{"href":"http:\/\/emc.mg.gov.br\/institucional\/wp-json\/wp\/v2\/types\/page"}],"author":[{"embeddable":true,"href":"http:\/\/emc.mg.gov.br\/institucional\/wp-json\/wp\/v2\/users\/2"}],"replies":[{"embeddable":true,"href":"http:\/\/emc.mg.gov.br\/institucional\/wp-json\/wp\/v2\/comments?post=1974"}],"version-history":[{"count":12,"href":"http:\/\/emc.mg.gov.br\/institucional\/wp-json\/wp\/v2\/pages\/1974\/revisions"}],"predecessor-version":[{"id":1990,"href":"http:\/\/emc.mg.gov.br\/institucional\/wp-json\/wp\/v2\/pages\/1974\/revisions\/1990"}],"wp:attachment":[{"href":"http:\/\/emc.mg.gov.br\/institucional\/wp-json\/wp\/v2\/media?parent=1974"}],"curies":[{"name":"wp","href":"https:\/\/api.w.org\/{rel}","templated":true}]}}