{"id":15,"date":"2022-06-06T13:47:32","date_gmt":"2022-06-06T16:47:32","guid":{"rendered":"http:\/\/emc.mg.gov.br\/institucional\/?page_id=15"},"modified":"2022-06-30T12:14:37","modified_gmt":"2022-06-30T15:14:37","slug":"cobertura","status":"publish","type":"page","link":"http:\/\/emc.mg.gov.br\/institucional\/cobertura\/","title":{"rendered":"Cobertura"},"content":{"rendered":"\n<h3>SINTONIZE A R\u00c1DIO INCONFID\u00caNCIA VIA SAT\u00c9LITE<\/h3>\n\n\n\n<p>Sat\u00e9lite: Starone C2 (70\u00baW)<\/p>\n\n\n\n<p>Freq\u00fc\u00eancia central do Transponder: 4033,5 MHz<\/p>\n\n\n\n<p>Polariza\u00e7\u00e3o: Vertical (V)<\/p>\n\n\n\n<p>Symbol Rate: 8280 KSps; FEC: 3\/4; Modula\u00e7\u00e3o: 8PSK<\/p>\n\n\n\n<p>Padr\u00e3o: DVB-S2<\/p>\n\n\n\n<p><strong>Mux \u2013 Rede Minas \u2013 Canal HD<\/strong><\/p>\n\n\n\n<p>Canal de \u00c1udio 1: Rede Minas \u2013 Programa\u00e7\u00e3o<\/p>\n\n\n\n<p>Canal de \u00c1udio 2: Rede Minas \u2013 \u00c1udio Descri\u00e7\u00e3o<\/p>\n\n\n\n<p>Canal de \u00c1udio 3: Rede Minas<\/p>\n\n\n\n<p>Canal de \u00c1udio 4: R\u00e1dio Inconfid\u00eancia AM (Stereo AAC)<\/p>\n\n\n\n<p>Canal de \u00c1udio 5: R\u00e1dio Inconfid\u00eancia FM (Stereo AAC )<\/p>\n\n\n\n<p>Di\u00e2metro da Antena parab\u00f3lica: 2,85 m (tamanho ideal)<\/p>\n\n\n\n<p>Obs: O receptor dever\u00e1 ser obrigatoriamente compat\u00edvel com o padr\u00e3o DVB-S2.<\/p>\n\n\n\n<p><a rel=\"noreferrer noopener\" href=\"http:\/\/redeminas.tv\/como-sintonizar\/\" target=\"_blank\">Para saber informa\u00e7\u00f5es sobre a sintonia da Rede Minas acesse esse link<\/a>.<\/p>\n","protected":false},"excerpt":{"rendered":"<p>SINTONIZE A R\u00c1DIO INCONFID\u00caNCIA VIA SAT\u00c9LITE Sat\u00e9lite: Starone C2 (70\u00baW) Freq\u00fc\u00eancia central do Transponder: 4033,5 MHz Polariza\u00e7\u00e3o: Vertical (V) Symbol Rate: 8280 KSps; FEC: 3\/4; Modula\u00e7\u00e3o: 8PSK Padr\u00e3o: DVB-S2 Mux \u2013 Rede Minas \u2013 Canal HD Canal de \u00c1udio 1: Rede Minas \u2013 Programa\u00e7\u00e3o Canal de \u00c1udio 2: Rede Minas \u2013 \u00c1udio Descri\u00e7\u00e3o Canal de [&hellip;]<\/p>\n","protected":false},"author":1,"featured_media":0,"parent":0,"menu_order":0,"comment_status":"closed","ping_status":"closed","template":"","meta":{"ub_ctt_via":""},"featured_image_src":null,"yoast_head":"<!-- This site is optimized with the Yoast SEO plugin v19.5.1 - https:\/\/yoast.com\/wordpress\/plugins\/seo\/ -->\n<title>Cobertura - EMC<\/title>\n<meta name=\"robots\" content=\"index, follow, max-snippet:-1, max-image-preview:large, max-video-preview:-1\" \/>\n<link rel=\"canonical\" href=\"http:\/\/emc.mg.gov.br\/institucional\/cobertura\/\" \/>\n<meta property=\"og:locale\" content=\"pt_BR\" \/>\n<meta property=\"og:type\" content=\"article\" \/>\n<meta property=\"og:title\" content=\"Cobertura - EMC\" \/>\n<meta property=\"og:description\" content=\"SINTONIZE A R\u00c1DIO INCONFID\u00caNCIA VIA SAT\u00c9LITE Sat\u00e9lite: Starone C2 (70\u00baW) Freq\u00fc\u00eancia central do Transponder: 4033,5 MHz Polariza\u00e7\u00e3o: Vertical (V) Symbol Rate: 8280 KSps; FEC: 3\/4; Modula\u00e7\u00e3o: 8PSK Padr\u00e3o: DVB-S2 Mux \u2013 Rede Minas \u2013 Canal HD Canal de \u00c1udio 1: Rede Minas \u2013 Programa\u00e7\u00e3o Canal de \u00c1udio 2: Rede Minas \u2013 \u00c1udio Descri\u00e7\u00e3o Canal de [&hellip;]\" \/>\n<meta property=\"og:url\" content=\"http:\/\/emc.mg.gov.br\/institucional\/cobertura\/\" \/>\n<meta property=\"og:site_name\" content=\"EMC\" \/>\n<meta property=\"article:modified_time\" content=\"2022-06-30T15:14:37+00:00\" \/>\n<meta name=\"twitter:card\" content=\"summary_large_image\" \/>\n<meta name=\"twitter:label1\" content=\"Est. tempo de leitura\" \/>\n\t<meta name=\"twitter:data1\" content=\"1 minuto\" \/>\n<script type=\"application\/ld+json\" class=\"yoast-schema-graph\">{\"@context\":\"https:\/\/schema.org\",\"@graph\":[{\"@type\":\"WebPage\",\"@id\":\"http:\/\/emc.mg.gov.br\/institucional\/cobertura\/\",\"url\":\"http:\/\/emc.mg.gov.br\/institucional\/cobertura\/\",\"name\":\"Cobertura - EMC\",\"isPartOf\":{\"@id\":\"https:\/\/emc.mg.gov.br\/institucional\/#website\"},\"datePublished\":\"2022-06-06T16:47:32+00:00\",\"dateModified\":\"2022-06-30T15:14:37+00:00\",\"breadcrumb\":{\"@id\":\"http:\/\/emc.mg.gov.br\/institucional\/cobertura\/#breadcrumb\"},\"inLanguage\":\"pt-BR\",\"potentialAction\":[{\"@type\":\"ReadAction\",\"target\":[\"http:\/\/emc.mg.gov.br\/institucional\/cobertura\/\"]}]},{\"@type\":\"BreadcrumbList\",\"@id\":\"http:\/\/emc.mg.gov.br\/institucional\/cobertura\/#breadcrumb\",\"itemListElement\":[{\"@type\":\"ListItem\",\"position\":1,\"name\":\"In\u00edcio\",\"item\":\"https:\/\/emc.mg.gov.br\/institucional\/\"},{\"@type\":\"ListItem\",\"position\":2,\"name\":\"Cobertura\"}]},{\"@type\":\"WebSite\",\"@id\":\"https:\/\/emc.mg.gov.br\/institucional\/#website\",\"url\":\"https:\/\/emc.mg.gov.br\/institucional\/\",\"name\":\"EMC\",\"description\":\"Empresa Mineira de Comunica\u00e7\u00e3o\",\"publisher\":{\"@id\":\"https:\/\/emc.mg.gov.br\/institucional\/#organization\"},\"potentialAction\":[{\"@type\":\"SearchAction\",\"target\":{\"@type\":\"EntryPoint\",\"urlTemplate\":\"https:\/\/emc.mg.gov.br\/institucional\/?s={search_term_string}\"},\"query-input\":\"required name=search_term_string\"}],\"inLanguage\":\"pt-BR\"},{\"@type\":\"Organization\",\"@id\":\"https:\/\/emc.mg.gov.br\/institucional\/#organization\",\"name\":\"EMC\",\"url\":\"https:\/\/emc.mg.gov.br\/institucional\/\",\"sameAs\":[],\"logo\":{\"@type\":\"ImageObject\",\"inLanguage\":\"pt-BR\",\"@id\":\"https:\/\/emc.mg.gov.br\/institucional\/#\/schema\/logo\/image\/\",\"url\":\"http:\/\/emc.mg.gov.br\/institucional\/wp-content\/uploads\/2022\/06\/EMCmarca.png\",\"contentUrl\":\"http:\/\/emc.mg.gov.br\/institucional\/wp-content\/uploads\/2022\/06\/EMCmarca.png\",\"width\":133,\"height\":89,\"caption\":\"EMC \"},\"image\":{\"@id\":\"https:\/\/emc.mg.gov.br\/institucional\/#\/schema\/logo\/image\/\"}}]}<\/script>\n<!-- \/ Yoast SEO plugin. -->","yoast_head_json":{"title":"Cobertura - EMC","robots":{"index":"index","follow":"follow","max-snippet":"max-snippet:-1","max-image-preview":"max-image-preview:large","max-video-preview":"max-video-preview:-1"},"canonical":"http:\/\/emc.mg.gov.br\/institucional\/cobertura\/","og_locale":"pt_BR","og_type":"article","og_title":"Cobertura - EMC","og_description":"SINTONIZE A R\u00c1DIO INCONFID\u00caNCIA VIA SAT\u00c9LITE Sat\u00e9lite: Starone C2 (70\u00baW) Freq\u00fc\u00eancia central do Transponder: 4033,5 MHz Polariza\u00e7\u00e3o: Vertical (V) Symbol Rate: 8280 KSps; FEC: 3\/4; Modula\u00e7\u00e3o: 8PSK Padr\u00e3o: DVB-S2 Mux \u2013 Rede Minas \u2013 Canal HD Canal de \u00c1udio 1: Rede Minas \u2013 Programa\u00e7\u00e3o Canal de \u00c1udio 2: Rede Minas \u2013 \u00c1udio Descri\u00e7\u00e3o Canal de [&hellip;]","og_url":"http:\/\/emc.mg.gov.br\/institucional\/cobertura\/","og_site_name":"EMC","article_modified_time":"2022-06-30T15:14:37+00:00","twitter_card":"summary_large_image","twitter_misc":{"Est. tempo de leitura":"1 minuto"},"schema":{"@context":"https:\/\/schema.org","@graph":[{"@type":"WebPage","@id":"http:\/\/emc.mg.gov.br\/institucional\/cobertura\/","url":"http:\/\/emc.mg.gov.br\/institucional\/cobertura\/","name":"Cobertura - EMC","isPartOf":{"@id":"https:\/\/emc.mg.gov.br\/institucional\/#website"},"datePublished":"2022-06-06T16:47:32+00:00","dateModified":"2022-06-30T15:14:37+00:00","breadcrumb":{"@id":"http:\/\/emc.mg.gov.br\/institucional\/cobertura\/#breadcrumb"},"inLanguage":"pt-BR","potentialAction":[{"@type":"ReadAction","target":["http:\/\/emc.mg.gov.br\/institucional\/cobertura\/"]}]},{"@type":"BreadcrumbList","@id":"http:\/\/emc.mg.gov.br\/institucional\/cobertura\/#breadcrumb","itemListElement":[{"@type":"ListItem","position":1,"name":"In\u00edcio","item":"https:\/\/emc.mg.gov.br\/institucional\/"},{"@type":"ListItem","position":2,"name":"Cobertura"}]},{"@type":"WebSite","@id":"https:\/\/emc.mg.gov.br\/institucional\/#website","url":"https:\/\/emc.mg.gov.br\/institucional\/","name":"EMC","description":"Empresa Mineira de Comunica\u00e7\u00e3o","publisher":{"@id":"https:\/\/emc.mg.gov.br\/institucional\/#organization"},"potentialAction":[{"@type":"SearchAction","target":{"@type":"EntryPoint","urlTemplate":"https:\/\/emc.mg.gov.br\/institucional\/?s={search_term_string}"},"query-input":"required name=search_term_string"}],"inLanguage":"pt-BR"},{"@type":"Organization","@id":"https:\/\/emc.mg.gov.br\/institucional\/#organization","name":"EMC","url":"https:\/\/emc.mg.gov.br\/institucional\/","sameAs":[],"logo":{"@type":"ImageObject","inLanguage":"pt-BR","@id":"https:\/\/emc.mg.gov.br\/institucional\/#\/schema\/logo\/image\/","url":"http:\/\/emc.mg.gov.br\/institucional\/wp-content\/uploads\/2022\/06\/EMCmarca.png","contentUrl":"http:\/\/emc.mg.gov.br\/institucional\/wp-content\/uploads\/2022\/06\/EMCmarca.png","width":133,"height":89,"caption":"EMC "},"image":{"@id":"https:\/\/emc.mg.gov.br\/institucional\/#\/schema\/logo\/image\/"}}]}},"_links":{"self":[{"href":"http:\/\/emc.mg.gov.br\/institucional\/wp-json\/wp\/v2\/pages\/15"}],"collection":[{"href":"http:\/\/emc.mg.gov.br\/institucional\/wp-json\/wp\/v2\/pages"}],"about":[{"href":"http:\/\/emc.mg.gov.br\/institucional\/wp-json\/wp\/v2\/types\/page"}],"author":[{"embeddable":true,"href":"http:\/\/emc.mg.gov.br\/institucional\/wp-json\/wp\/v2\/users\/1"}],"replies":[{"embeddable":true,"href":"http:\/\/emc.mg.gov.br\/institucional\/wp-json\/wp\/v2\/comments?post=15"}],"version-history":[{"count":4,"href":"http:\/\/emc.mg.gov.br\/institucional\/wp-json\/wp\/v2\/pages\/15\/revisions"}],"predecessor-version":[{"id":572,"href":"http:\/\/emc.mg.gov.br\/institucional\/wp-json\/wp\/v2\/pages\/15\/revisions\/572"}],"wp:attachment":[{"href":"http:\/\/emc.mg.gov.br\/institucional\/wp-json\/wp\/v2\/media?parent=15"}],"curies":[{"name":"wp","href":"https:\/\/api.w.org\/{rel}","templated":true}]}}