{"id":1222,"date":"2022-10-07T10:46:52","date_gmt":"2022-10-07T13:46:52","guid":{"rendered":"http:\/\/emc.mg.gov.br\/institucional\/?page_id=1222"},"modified":"2026-02-24T08:32:26","modified_gmt":"2026-02-24T11:32:26","slug":"cartas","status":"publish","type":"page","link":"http:\/\/emc.mg.gov.br\/institucional\/governanca\/cartas\/","title":{"rendered":"Cartas"},"content":{"rendered":"\n<p><strong>Carta Anual de Governan\u00e7a Corporativa<\/strong>, preconizada pela Lei 13.303\/16, explicita os compromissos de consecu\u00e7\u00e3o dos objetivos de pol\u00edticas p\u00fablicas pela empresa p\u00fablica em atendimento ao interesse coletivo que justifica a sua cria\u00e7\u00e3o, com defini\u00e7\u00e3o clara dos recursos a serem empregados para esse fim, bem como dos impactos econ\u00f4mico-financeiros da consecu\u00e7\u00e3o desses objetivos, mensur\u00e1veis por meio de indicadores objetivos. <\/p>\n\n\n\n<p>A EMC \u2013 Empresa Mineira de Comunica\u00e7\u00e3o disponibiliza abaixo as Cartas Anuais de Governan\u00e7a Corporativa. Qualquer d\u00favida, entre em contato por meio do&nbsp;<a href=\"http:\/\/emc.mg.gov.br\/institucional\/?page_id=166\">Fale Conosco<\/a>.<\/p>\n\n\n\n<p><a href=\"http:\/\/emc.mg.gov.br\/institucional\/wp-content\/uploads\/2026\/02\/CartaAnual_2025-ref.-2024_compressed.pdf\" target=\"_blank\" rel=\"noreferrer noopener\">Carta Anual de Governan\u00e7a Corporativa 2024<\/a> [.pdf 2m]<\/p>\n\n\n\n<p><a href=\"http:\/\/emc.mg.gov.br\/institucional\/wp-content\/uploads\/2024\/05\/cartaAnual2024_compacta-1.pdf\" target=\"_blank\" rel=\"noreferrer noopener\">Carta Anual de Governan\u00e7a Corporativa 2023<\/a>&nbsp;[.pdf 722kb]<\/p>\n\n\n\n<p><a href=\"http:\/\/emc.mg.gov.br\/institucional\/wp-content\/uploads\/2023\/06\/cartaAnual2023_maio_final_compressed.pdf\" target=\"_blank\" rel=\"noreferrer noopener\">Carta Anual de Governan\u00e7a Corporativa 2022<\/a>&nbsp;[.pdf 672kb]<\/p>\n\n\n\n<p><a href=\"http:\/\/emc.mg.gov.br\/institucional\/wp-content\/uploads\/2022\/07\/cartaGovernanca2021.pdf\" target=\"_blank\" rel=\"noreferrer noopener\">Carta Anual de Governan\u00e7a Corporativa 2021<\/a>&nbsp;[.pdf 505kb]<\/p>\n\n\n\n<p><a href=\"http:\/\/emc.mg.gov.br\/institucional\/wp-content\/uploads\/2022\/07\/cartaGovernanca2020.pdf\" target=\"_blank\" rel=\"noreferrer noopener\">Carta Anual de Governan\u00e7a Corporativa 2020<\/a>&nbsp;[.pdf 459kb]<\/p>\n","protected":false},"excerpt":{"rendered":"<p>Carta Anual de Governan\u00e7a Corporativa, preconizada pela Lei 13.303\/16, explicita os compromissos de consecu\u00e7\u00e3o dos objetivos de pol\u00edticas p\u00fablicas pela empresa p\u00fablica em atendimento ao interesse coletivo que justifica a sua cria\u00e7\u00e3o, com defini\u00e7\u00e3o clara dos recursos a serem empregados para esse fim, bem como dos impactos econ\u00f4mico-financeiros da consecu\u00e7\u00e3o desses objetivos, mensur\u00e1veis por meio [&hellip;]<\/p>\n","protected":false},"author":2,"featured_media":0,"parent":610,"menu_order":0,"comment_status":"closed","ping_status":"closed","template":"","meta":{"ub_ctt_via":""},"featured_image_src":null,"yoast_head":"<!-- This site is optimized with the Yoast SEO plugin v19.5.1 - https:\/\/yoast.com\/wordpress\/plugins\/seo\/ -->\n<title>Cartas - EMC<\/title>\n<meta name=\"robots\" content=\"index, follow, max-snippet:-1, max-image-preview:large, max-video-preview:-1\" \/>\n<link rel=\"canonical\" href=\"http:\/\/emc.mg.gov.br\/institucional\/governanca\/cartas\/\" \/>\n<meta property=\"og:locale\" content=\"pt_BR\" \/>\n<meta property=\"og:type\" content=\"article\" \/>\n<meta property=\"og:title\" content=\"Cartas - EMC\" \/>\n<meta property=\"og:description\" content=\"Carta Anual de Governan\u00e7a Corporativa, preconizada pela Lei 13.303\/16, explicita os compromissos de consecu\u00e7\u00e3o dos objetivos de pol\u00edticas p\u00fablicas pela empresa p\u00fablica em atendimento ao interesse coletivo que justifica a sua cria\u00e7\u00e3o, com defini\u00e7\u00e3o clara dos recursos a serem empregados para esse fim, bem como dos impactos econ\u00f4mico-financeiros da consecu\u00e7\u00e3o desses objetivos, mensur\u00e1veis por meio [&hellip;]\" \/>\n<meta property=\"og:url\" content=\"http:\/\/emc.mg.gov.br\/institucional\/governanca\/cartas\/\" \/>\n<meta property=\"og:site_name\" content=\"EMC\" \/>\n<meta property=\"article:modified_time\" content=\"2026-02-24T11:32:26+00:00\" \/>\n<meta name=\"twitter:card\" content=\"summary_large_image\" \/>\n<meta name=\"twitter:label1\" content=\"Est. tempo de leitura\" \/>\n\t<meta name=\"twitter:data1\" content=\"1 minuto\" \/>\n<script type=\"application\/ld+json\" class=\"yoast-schema-graph\">{\"@context\":\"https:\/\/schema.org\",\"@graph\":[{\"@type\":\"WebPage\",\"@id\":\"http:\/\/emc.mg.gov.br\/institucional\/governanca\/cartas\/\",\"url\":\"http:\/\/emc.mg.gov.br\/institucional\/governanca\/cartas\/\",\"name\":\"Cartas - EMC\",\"isPartOf\":{\"@id\":\"https:\/\/emc.mg.gov.br\/institucional\/#website\"},\"datePublished\":\"2022-10-07T13:46:52+00:00\",\"dateModified\":\"2026-02-24T11:32:26+00:00\",\"breadcrumb\":{\"@id\":\"http:\/\/emc.mg.gov.br\/institucional\/governanca\/cartas\/#breadcrumb\"},\"inLanguage\":\"pt-BR\",\"potentialAction\":[{\"@type\":\"ReadAction\",\"target\":[\"http:\/\/emc.mg.gov.br\/institucional\/governanca\/cartas\/\"]}]},{\"@type\":\"BreadcrumbList\",\"@id\":\"http:\/\/emc.mg.gov.br\/institucional\/governanca\/cartas\/#breadcrumb\",\"itemListElement\":[{\"@type\":\"ListItem\",\"position\":1,\"name\":\"In\u00edcio\",\"item\":\"https:\/\/emc.mg.gov.br\/institucional\/\"},{\"@type\":\"ListItem\",\"position\":2,\"name\":\"Governan\u00e7a\",\"item\":\"https:\/\/emc.mg.gov.br\/institucional\/governanca\/\"},{\"@type\":\"ListItem\",\"position\":3,\"name\":\"Cartas\"}]},{\"@type\":\"WebSite\",\"@id\":\"https:\/\/emc.mg.gov.br\/institucional\/#website\",\"url\":\"https:\/\/emc.mg.gov.br\/institucional\/\",\"name\":\"EMC\",\"description\":\"Empresa Mineira de Comunica\u00e7\u00e3o\",\"publisher\":{\"@id\":\"https:\/\/emc.mg.gov.br\/institucional\/#organization\"},\"potentialAction\":[{\"@type\":\"SearchAction\",\"target\":{\"@type\":\"EntryPoint\",\"urlTemplate\":\"https:\/\/emc.mg.gov.br\/institucional\/?s={search_term_string}\"},\"query-input\":\"required name=search_term_string\"}],\"inLanguage\":\"pt-BR\"},{\"@type\":\"Organization\",\"@id\":\"https:\/\/emc.mg.gov.br\/institucional\/#organization\",\"name\":\"EMC\",\"url\":\"https:\/\/emc.mg.gov.br\/institucional\/\",\"sameAs\":[],\"logo\":{\"@type\":\"ImageObject\",\"inLanguage\":\"pt-BR\",\"@id\":\"https:\/\/emc.mg.gov.br\/institucional\/#\/schema\/logo\/image\/\",\"url\":\"http:\/\/emc.mg.gov.br\/institucional\/wp-content\/uploads\/2022\/06\/EMCmarca.png\",\"contentUrl\":\"http:\/\/emc.mg.gov.br\/institucional\/wp-content\/uploads\/2022\/06\/EMCmarca.png\",\"width\":133,\"height\":89,\"caption\":\"EMC \"},\"image\":{\"@id\":\"https:\/\/emc.mg.gov.br\/institucional\/#\/schema\/logo\/image\/\"}}]}<\/script>\n<!-- \/ Yoast SEO plugin. -->","yoast_head_json":{"title":"Cartas - EMC","robots":{"index":"index","follow":"follow","max-snippet":"max-snippet:-1","max-image-preview":"max-image-preview:large","max-video-preview":"max-video-preview:-1"},"canonical":"http:\/\/emc.mg.gov.br\/institucional\/governanca\/cartas\/","og_locale":"pt_BR","og_type":"article","og_title":"Cartas - EMC","og_description":"Carta Anual de Governan\u00e7a Corporativa, preconizada pela Lei 13.303\/16, explicita os compromissos de consecu\u00e7\u00e3o dos objetivos de pol\u00edticas p\u00fablicas pela empresa p\u00fablica em atendimento ao interesse coletivo que justifica a sua cria\u00e7\u00e3o, com defini\u00e7\u00e3o clara dos recursos a serem empregados para esse fim, bem como dos impactos econ\u00f4mico-financeiros da consecu\u00e7\u00e3o desses objetivos, mensur\u00e1veis por meio [&hellip;]","og_url":"http:\/\/emc.mg.gov.br\/institucional\/governanca\/cartas\/","og_site_name":"EMC","article_modified_time":"2026-02-24T11:32:26+00:00","twitter_card":"summary_large_image","twitter_misc":{"Est. tempo de leitura":"1 minuto"},"schema":{"@context":"https:\/\/schema.org","@graph":[{"@type":"WebPage","@id":"http:\/\/emc.mg.gov.br\/institucional\/governanca\/cartas\/","url":"http:\/\/emc.mg.gov.br\/institucional\/governanca\/cartas\/","name":"Cartas - EMC","isPartOf":{"@id":"https:\/\/emc.mg.gov.br\/institucional\/#website"},"datePublished":"2022-10-07T13:46:52+00:00","dateModified":"2026-02-24T11:32:26+00:00","breadcrumb":{"@id":"http:\/\/emc.mg.gov.br\/institucional\/governanca\/cartas\/#breadcrumb"},"inLanguage":"pt-BR","potentialAction":[{"@type":"ReadAction","target":["http:\/\/emc.mg.gov.br\/institucional\/governanca\/cartas\/"]}]},{"@type":"BreadcrumbList","@id":"http:\/\/emc.mg.gov.br\/institucional\/governanca\/cartas\/#breadcrumb","itemListElement":[{"@type":"ListItem","position":1,"name":"In\u00edcio","item":"https:\/\/emc.mg.gov.br\/institucional\/"},{"@type":"ListItem","position":2,"name":"Governan\u00e7a","item":"https:\/\/emc.mg.gov.br\/institucional\/governanca\/"},{"@type":"ListItem","position":3,"name":"Cartas"}]},{"@type":"WebSite","@id":"https:\/\/emc.mg.gov.br\/institucional\/#website","url":"https:\/\/emc.mg.gov.br\/institucional\/","name":"EMC","description":"Empresa Mineira de Comunica\u00e7\u00e3o","publisher":{"@id":"https:\/\/emc.mg.gov.br\/institucional\/#organization"},"potentialAction":[{"@type":"SearchAction","target":{"@type":"EntryPoint","urlTemplate":"https:\/\/emc.mg.gov.br\/institucional\/?s={search_term_string}"},"query-input":"required name=search_term_string"}],"inLanguage":"pt-BR"},{"@type":"Organization","@id":"https:\/\/emc.mg.gov.br\/institucional\/#organization","name":"EMC","url":"https:\/\/emc.mg.gov.br\/institucional\/","sameAs":[],"logo":{"@type":"ImageObject","inLanguage":"pt-BR","@id":"https:\/\/emc.mg.gov.br\/institucional\/#\/schema\/logo\/image\/","url":"http:\/\/emc.mg.gov.br\/institucional\/wp-content\/uploads\/2022\/06\/EMCmarca.png","contentUrl":"http:\/\/emc.mg.gov.br\/institucional\/wp-content\/uploads\/2022\/06\/EMCmarca.png","width":133,"height":89,"caption":"EMC "},"image":{"@id":"https:\/\/emc.mg.gov.br\/institucional\/#\/schema\/logo\/image\/"}}]}},"_links":{"self":[{"href":"http:\/\/emc.mg.gov.br\/institucional\/wp-json\/wp\/v2\/pages\/1222"}],"collection":[{"href":"http:\/\/emc.mg.gov.br\/institucional\/wp-json\/wp\/v2\/pages"}],"about":[{"href":"http:\/\/emc.mg.gov.br\/institucional\/wp-json\/wp\/v2\/types\/page"}],"author":[{"embeddable":true,"href":"http:\/\/emc.mg.gov.br\/institucional\/wp-json\/wp\/v2\/users\/2"}],"replies":[{"embeddable":true,"href":"http:\/\/emc.mg.gov.br\/institucional\/wp-json\/wp\/v2\/comments?post=1222"}],"version-history":[{"count":8,"href":"http:\/\/emc.mg.gov.br\/institucional\/wp-json\/wp\/v2\/pages\/1222\/revisions"}],"predecessor-version":[{"id":4095,"href":"http:\/\/emc.mg.gov.br\/institucional\/wp-json\/wp\/v2\/pages\/1222\/revisions\/4095"}],"up":[{"embeddable":true,"href":"http:\/\/emc.mg.gov.br\/institucional\/wp-json\/wp\/v2\/pages\/610"}],"wp:attachment":[{"href":"http:\/\/emc.mg.gov.br\/institucional\/wp-json\/wp\/v2\/media?parent=1222"}],"curies":[{"name":"wp","href":"https:\/\/api.w.org\/{rel}","templated":true}]}}