{"id":1193,"date":"2022-10-07T10:21:46","date_gmt":"2022-10-07T13:21:46","guid":{"rendered":"http:\/\/emc.mg.gov.br\/institucional\/?page_id=1193"},"modified":"2024-01-16T15:24:59","modified_gmt":"2024-01-16T18:24:59","slug":"legislacao","status":"publish","type":"page","link":"http:\/\/emc.mg.gov.br\/institucional\/governanca\/legislacao\/","title":{"rendered":"Legisla\u00e7\u00e3o"},"content":{"rendered":"\n<p><a href=\"https:\/\/www.almg.gov.br\/consulte\/legislacao\/completa\/completa.html?tipo=DEC&amp;num=47750&amp;comp=&amp;ano=2019\" target=\"_blank\" rel=\"noreferrer noopener\">Decreto 47750, de 12\/11\/2019<\/a>&nbsp;\u2013&nbsp;<a href=\"http:\/\/emc.mg.gov.br\/institucional\/wp-content\/uploads\/2022\/08\/EstatutoEMC2022.pdf\" target=\"_blank\" rel=\"noreferrer noopener\">Aprova o Estatuto Social da Empresa Mineira de Comunica\u00e7\u00e3o Ltda e d\u00e1 outras provid\u00eancias.<\/a>&nbsp;[.pdf 260kb]<\/p>\n\n\n\n<p><a href=\"http:\/\/www.planalto.gov.br\/ccivil_03\/_ato2015-2018\/2016\/lei\/l13303.htm\" target=\"_blank\" rel=\"noreferrer noopener\">Lei Federal n\u00ba 13.303<\/a>&nbsp;\u2013 Disp\u00f5e sobre o estatuto jur\u00eddico da empresa p\u00fablica, da sociedade de economia mista e de suas subsidi\u00e1rias, no \u00e2mbito da Uni\u00e3o, dos Estados, do Distrito Federal e dos Munic\u00edpios.<\/p>\n\n\n\n<p><a href=\"https:\/\/www.almg.gov.br\/consulte\/legislacao\/completa\/completa.html?tipo=LEI&amp;num=22294&amp;comp=&amp;ano=2016\" target=\"_blank\" rel=\"noreferrer noopener\">Lei 22.294, de 20\/09\/2016<\/a>&nbsp;\u2013&nbsp;<a href=\"http:\/\/emc.mg.gov.br\/institucional\/wp-content\/uploads\/2022\/08\/Lei-22.294-de-20092016.pdf\" target=\"_blank\" rel=\"noreferrer noopener\">Altera a denomina\u00e7\u00e3o da R\u00e1dio Inconfid\u00eancia Ltda. para Empresa Mineira de Comunica\u00e7\u00e3o \u2013 EMC \u2013, extingue a Funda\u00e7\u00e3o TV Minas \u2013 Cultural e Educativa \u2013 TV Minas \u2013 e d\u00e1 outras provid\u00eancias.<\/a>&nbsp;[.pdf 157kb ]<\/p>\n\n\n\n<p><a href=\"https:\/\/www.almg.gov.br\/consulte\/legislacao\/completa\/completa.html?num=7219&amp;ano=1978&amp;tipo=LEI\" target=\"_blank\" rel=\"noreferrer noopener\">Lei 7219, de 25\/04\/1978<\/a>\u00a0\u2013\u00a0<a href=\"http:\/\/emc.mg.gov.br\/institucional\/wp-content\/uploads\/2022\/08\/RadioInconfidenciaLei721925abril1978.pdf\" target=\"_blank\" rel=\"noreferrer noopener\">Autoriza o Poder Executivo a constituir a R\u00e1dio Inconfid\u00eancia Ltda. e d\u00e1 outras provid\u00eancias.<\/a>\u00a0[.pdf 90kb]<\/p>\n\n\n\n<p><a href=\"http:\/\/emc.mg.gov.br\/institucional\/wp-content\/uploads\/2024\/01\/REGIMENTO_INTERNO_EMC-caderno1_2023-05-20_compressed.pdf\">Regimento Interno Empresa Mineira de Comunica\u00e7\u00e3o<\/a><a href=\"http:\/\/emc.mg.gov.br\/institucional\/wp-content\/uploads\/2022\/08\/EstatutoEMC2022.pdf\" target=\"_blank\" rel=\"noreferrer noopener\">.<\/a>\u00a0[.pdf 260kb]<\/p>\n\n\n\n<p><a href=\"http:\/\/redeminas.tv\/legislacao\/\" target=\"_blank\" rel=\"noreferrer noopener\">Legisla\u00e7\u00e3o Rede Minas<\/a><\/p>\n","protected":false},"excerpt":{"rendered":"<p>Decreto 47750, de 12\/11\/2019&nbsp;\u2013&nbsp;Aprova o Estatuto Social da Empresa Mineira de Comunica\u00e7\u00e3o Ltda e d\u00e1 outras provid\u00eancias.&nbsp;[.pdf 260kb] Lei Federal n\u00ba 13.303&nbsp;\u2013 Disp\u00f5e sobre o estatuto jur\u00eddico da empresa p\u00fablica, da sociedade de economia mista e de suas subsidi\u00e1rias, no \u00e2mbito da Uni\u00e3o, dos Estados, do Distrito Federal e dos Munic\u00edpios. Lei 22.294, de 20\/09\/2016&nbsp;\u2013&nbsp;Altera [&hellip;]<\/p>\n","protected":false},"author":2,"featured_media":0,"parent":610,"menu_order":0,"comment_status":"closed","ping_status":"closed","template":"","meta":{"ub_ctt_via":""},"featured_image_src":null,"yoast_head":"<!-- This site is optimized with the Yoast SEO plugin v19.5.1 - https:\/\/yoast.com\/wordpress\/plugins\/seo\/ -->\n<title>Legisla\u00e7\u00e3o - EMC<\/title>\n<meta name=\"robots\" content=\"index, follow, max-snippet:-1, max-image-preview:large, max-video-preview:-1\" \/>\n<link rel=\"canonical\" href=\"https:\/\/emc.mg.gov.br\/institucional\/governanca\/legislacao\/\" \/>\n<meta property=\"og:locale\" content=\"pt_BR\" \/>\n<meta property=\"og:type\" content=\"article\" \/>\n<meta property=\"og:title\" content=\"Legisla\u00e7\u00e3o - EMC\" \/>\n<meta property=\"og:description\" content=\"Decreto 47750, de 12\/11\/2019&nbsp;\u2013&nbsp;Aprova o Estatuto Social da Empresa Mineira de Comunica\u00e7\u00e3o Ltda e d\u00e1 outras provid\u00eancias.&nbsp;[.pdf 260kb] Lei Federal n\u00ba 13.303&nbsp;\u2013 Disp\u00f5e sobre o estatuto jur\u00eddico da empresa p\u00fablica, da sociedade de economia mista e de suas subsidi\u00e1rias, no \u00e2mbito da Uni\u00e3o, dos Estados, do Distrito Federal e dos Munic\u00edpios. Lei 22.294, de 20\/09\/2016&nbsp;\u2013&nbsp;Altera [&hellip;]\" \/>\n<meta property=\"og:url\" content=\"https:\/\/emc.mg.gov.br\/institucional\/governanca\/legislacao\/\" \/>\n<meta property=\"og:site_name\" content=\"EMC\" \/>\n<meta property=\"article:modified_time\" content=\"2024-01-16T18:24:59+00:00\" \/>\n<meta name=\"twitter:card\" content=\"summary_large_image\" \/>\n<meta name=\"twitter:label1\" content=\"Est. tempo de leitura\" \/>\n\t<meta name=\"twitter:data1\" content=\"1 minuto\" \/>\n<script type=\"application\/ld+json\" class=\"yoast-schema-graph\">{\"@context\":\"https:\/\/schema.org\",\"@graph\":[{\"@type\":\"WebPage\",\"@id\":\"https:\/\/emc.mg.gov.br\/institucional\/governanca\/legislacao\/\",\"url\":\"https:\/\/emc.mg.gov.br\/institucional\/governanca\/legislacao\/\",\"name\":\"Legisla\u00e7\u00e3o - EMC\",\"isPartOf\":{\"@id\":\"https:\/\/emc.mg.gov.br\/institucional\/#website\"},\"datePublished\":\"2022-10-07T13:21:46+00:00\",\"dateModified\":\"2024-01-16T18:24:59+00:00\",\"breadcrumb\":{\"@id\":\"https:\/\/emc.mg.gov.br\/institucional\/governanca\/legislacao\/#breadcrumb\"},\"inLanguage\":\"pt-BR\",\"potentialAction\":[{\"@type\":\"ReadAction\",\"target\":[\"https:\/\/emc.mg.gov.br\/institucional\/governanca\/legislacao\/\"]}]},{\"@type\":\"BreadcrumbList\",\"@id\":\"https:\/\/emc.mg.gov.br\/institucional\/governanca\/legislacao\/#breadcrumb\",\"itemListElement\":[{\"@type\":\"ListItem\",\"position\":1,\"name\":\"In\u00edcio\",\"item\":\"https:\/\/emc.mg.gov.br\/institucional\/\"},{\"@type\":\"ListItem\",\"position\":2,\"name\":\"Governan\u00e7a\",\"item\":\"https:\/\/emc.mg.gov.br\/institucional\/governanca\/\"},{\"@type\":\"ListItem\",\"position\":3,\"name\":\"Legisla\u00e7\u00e3o\"}]},{\"@type\":\"WebSite\",\"@id\":\"https:\/\/emc.mg.gov.br\/institucional\/#website\",\"url\":\"https:\/\/emc.mg.gov.br\/institucional\/\",\"name\":\"EMC\",\"description\":\"Empresa Mineira de Comunica\u00e7\u00e3o\",\"publisher\":{\"@id\":\"https:\/\/emc.mg.gov.br\/institucional\/#organization\"},\"potentialAction\":[{\"@type\":\"SearchAction\",\"target\":{\"@type\":\"EntryPoint\",\"urlTemplate\":\"https:\/\/emc.mg.gov.br\/institucional\/?s={search_term_string}\"},\"query-input\":\"required name=search_term_string\"}],\"inLanguage\":\"pt-BR\"},{\"@type\":\"Organization\",\"@id\":\"https:\/\/emc.mg.gov.br\/institucional\/#organization\",\"name\":\"EMC\",\"url\":\"https:\/\/emc.mg.gov.br\/institucional\/\",\"sameAs\":[],\"logo\":{\"@type\":\"ImageObject\",\"inLanguage\":\"pt-BR\",\"@id\":\"https:\/\/emc.mg.gov.br\/institucional\/#\/schema\/logo\/image\/\",\"url\":\"http:\/\/emc.mg.gov.br\/institucional\/wp-content\/uploads\/2022\/06\/EMCmarca.png\",\"contentUrl\":\"http:\/\/emc.mg.gov.br\/institucional\/wp-content\/uploads\/2022\/06\/EMCmarca.png\",\"width\":133,\"height\":89,\"caption\":\"EMC \"},\"image\":{\"@id\":\"https:\/\/emc.mg.gov.br\/institucional\/#\/schema\/logo\/image\/\"}}]}<\/script>\n<!-- \/ Yoast SEO plugin. -->","yoast_head_json":{"title":"Legisla\u00e7\u00e3o - EMC","robots":{"index":"index","follow":"follow","max-snippet":"max-snippet:-1","max-image-preview":"max-image-preview:large","max-video-preview":"max-video-preview:-1"},"canonical":"https:\/\/emc.mg.gov.br\/institucional\/governanca\/legislacao\/","og_locale":"pt_BR","og_type":"article","og_title":"Legisla\u00e7\u00e3o - EMC","og_description":"Decreto 47750, de 12\/11\/2019&nbsp;\u2013&nbsp;Aprova o Estatuto Social da Empresa Mineira de Comunica\u00e7\u00e3o Ltda e d\u00e1 outras provid\u00eancias.&nbsp;[.pdf 260kb] Lei Federal n\u00ba 13.303&nbsp;\u2013 Disp\u00f5e sobre o estatuto jur\u00eddico da empresa p\u00fablica, da sociedade de economia mista e de suas subsidi\u00e1rias, no \u00e2mbito da Uni\u00e3o, dos Estados, do Distrito Federal e dos Munic\u00edpios. Lei 22.294, de 20\/09\/2016&nbsp;\u2013&nbsp;Altera [&hellip;]","og_url":"https:\/\/emc.mg.gov.br\/institucional\/governanca\/legislacao\/","og_site_name":"EMC","article_modified_time":"2024-01-16T18:24:59+00:00","twitter_card":"summary_large_image","twitter_misc":{"Est. tempo de leitura":"1 minuto"},"schema":{"@context":"https:\/\/schema.org","@graph":[{"@type":"WebPage","@id":"https:\/\/emc.mg.gov.br\/institucional\/governanca\/legislacao\/","url":"https:\/\/emc.mg.gov.br\/institucional\/governanca\/legislacao\/","name":"Legisla\u00e7\u00e3o - EMC","isPartOf":{"@id":"https:\/\/emc.mg.gov.br\/institucional\/#website"},"datePublished":"2022-10-07T13:21:46+00:00","dateModified":"2024-01-16T18:24:59+00:00","breadcrumb":{"@id":"https:\/\/emc.mg.gov.br\/institucional\/governanca\/legislacao\/#breadcrumb"},"inLanguage":"pt-BR","potentialAction":[{"@type":"ReadAction","target":["https:\/\/emc.mg.gov.br\/institucional\/governanca\/legislacao\/"]}]},{"@type":"BreadcrumbList","@id":"https:\/\/emc.mg.gov.br\/institucional\/governanca\/legislacao\/#breadcrumb","itemListElement":[{"@type":"ListItem","position":1,"name":"In\u00edcio","item":"https:\/\/emc.mg.gov.br\/institucional\/"},{"@type":"ListItem","position":2,"name":"Governan\u00e7a","item":"https:\/\/emc.mg.gov.br\/institucional\/governanca\/"},{"@type":"ListItem","position":3,"name":"Legisla\u00e7\u00e3o"}]},{"@type":"WebSite","@id":"https:\/\/emc.mg.gov.br\/institucional\/#website","url":"https:\/\/emc.mg.gov.br\/institucional\/","name":"EMC","description":"Empresa Mineira de Comunica\u00e7\u00e3o","publisher":{"@id":"https:\/\/emc.mg.gov.br\/institucional\/#organization"},"potentialAction":[{"@type":"SearchAction","target":{"@type":"EntryPoint","urlTemplate":"https:\/\/emc.mg.gov.br\/institucional\/?s={search_term_string}"},"query-input":"required name=search_term_string"}],"inLanguage":"pt-BR"},{"@type":"Organization","@id":"https:\/\/emc.mg.gov.br\/institucional\/#organization","name":"EMC","url":"https:\/\/emc.mg.gov.br\/institucional\/","sameAs":[],"logo":{"@type":"ImageObject","inLanguage":"pt-BR","@id":"https:\/\/emc.mg.gov.br\/institucional\/#\/schema\/logo\/image\/","url":"http:\/\/emc.mg.gov.br\/institucional\/wp-content\/uploads\/2022\/06\/EMCmarca.png","contentUrl":"http:\/\/emc.mg.gov.br\/institucional\/wp-content\/uploads\/2022\/06\/EMCmarca.png","width":133,"height":89,"caption":"EMC "},"image":{"@id":"https:\/\/emc.mg.gov.br\/institucional\/#\/schema\/logo\/image\/"}}]}},"_links":{"self":[{"href":"http:\/\/emc.mg.gov.br\/institucional\/wp-json\/wp\/v2\/pages\/1193"}],"collection":[{"href":"http:\/\/emc.mg.gov.br\/institucional\/wp-json\/wp\/v2\/pages"}],"about":[{"href":"http:\/\/emc.mg.gov.br\/institucional\/wp-json\/wp\/v2\/types\/page"}],"author":[{"embeddable":true,"href":"http:\/\/emc.mg.gov.br\/institucional\/wp-json\/wp\/v2\/users\/2"}],"replies":[{"embeddable":true,"href":"http:\/\/emc.mg.gov.br\/institucional\/wp-json\/wp\/v2\/comments?post=1193"}],"version-history":[{"count":2,"href":"http:\/\/emc.mg.gov.br\/institucional\/wp-json\/wp\/v2\/pages\/1193\/revisions"}],"predecessor-version":[{"id":2593,"href":"http:\/\/emc.mg.gov.br\/institucional\/wp-json\/wp\/v2\/pages\/1193\/revisions\/2593"}],"up":[{"embeddable":true,"href":"http:\/\/emc.mg.gov.br\/institucional\/wp-json\/wp\/v2\/pages\/610"}],"wp:attachment":[{"href":"http:\/\/emc.mg.gov.br\/institucional\/wp-json\/wp\/v2\/media?parent=1193"}],"curies":[{"name":"wp","href":"https:\/\/api.w.org\/{rel}","templated":true}]}}