{"id":1110,"date":"2022-10-10T09:57:50","date_gmt":"2022-10-10T12:57:50","guid":{"rendered":"http:\/\/emc.mg.gov.br\/institucional\/?page_id=1110"},"modified":"2025-11-25T13:08:23","modified_gmt":"2025-11-25T16:08:23","slug":"conselhos","status":"publish","type":"page","link":"http:\/\/emc.mg.gov.br\/institucional\/conselhos\/","title":{"rendered":"Conselhos"},"content":{"rendered":"\n<div class=\"wp-container-4 wp-block-columns\">\n<div class=\"wp-container-1 wp-block-column\">\n<p><strong>Conselho Administrativo \u2013 CONSAD<\/strong><\/p>\n\n\n\n<p>Pelo Cotista Majorit\u00e1rio: Bruno Prates Cardieri<\/p>\n\n\n\n<p>Pelo Cotista Minorit\u00e1rio: Erick Serrat&nbsp;Magnani Alves<\/p>\n\n\n\n<p>Pelo Cotista Majorit\u00e1rio:  Andreza Gischewski Costa<\/p>\n\n\n\n<p>Pelos Empregados da EMC: Celso Guimar\u00e3es Ferreira Junior<\/p>\n\n\n\n<p>Pelo Cotista Majorit\u00e1rio: Gustavo Batista Medeiros<\/p>\n\n\n\n<p><a href=\"http:\/\/emc.mg.gov.br\/institucional\/wp-content\/uploads\/2025\/11\/Regimento-Interno-CONSAD-Versa\u0303o-aprovada-EMC-2025.pdf\" target=\"_blank\" rel=\"noreferrer noopener\">Regimento Interno<\/a> [.pdf <strong>324 KB<\/strong>]<\/p>\n<\/div>\n\n\n\n<div class=\"wp-container-2 wp-block-column\">\n<p><strong>Conselho Fiscal<\/strong><\/p>\n\n\n\n<p>Titular I: Ricardo Augusto Zadra<\/p>\n\n\n\n<p>Titular II: Aline Gon\u00e7alves Pinheiro<\/p>\n\n\n\n<p>Titular III: Liliane Bebiano Lima&nbsp;<\/p>\n\n\n\n<p>Suplente I: Elbert Figueira Ara\u00fajo Santos<\/p>\n\n\n\n<p>Suplente II: Risa Maria Souza Silva<\/p>\n\n\n\n<p>Suplente III: Luc\u00e9lia Takako Morioka<\/p>\n<\/div>\n\n\n\n<div class=\"wp-container-3 wp-block-column\">\n<p><strong>Conselho Curador<\/strong><\/p>\n\n\n\n<p>Secretaria de Estado de Cultura e Turismo de Minas Gerais: <em>vago<\/em><\/p>\n\n\n\n<p>Pela Sociedade Civil: M\u00e1rcio Cardoso Marcolino<\/p>\n\n\n\n<p>Pelos funcion\u00e1rios efetivos da EMC: Vaneli Valeska Falci Carvalho Silva<\/p>\n\n\n\n<p>Pela Secretaria-Geral:&nbsp;Paulo Rog\u00e9rio Ayres Lage<\/p>\n<\/div>\n<\/div>\n\n\n\n<div class=\"wp-container-5 wp-block-buttons\"><\/div>\n\n\n\n<p><br><\/p>\n\n\n\n<p><\/p>\n\n\n\n<p><\/p>\n\n\n\n<p><\/p>\n\n\n\n<p><\/p>\n\n\n\n<p><\/p>\n","protected":false},"excerpt":{"rendered":"<p>Conselho Administrativo \u2013 CONSAD Pelo Cotista Majorit\u00e1rio: Bruno Prates Cardieri Pelo Cotista Minorit\u00e1rio: Erick Serrat&nbsp;Magnani Alves Pelo Cotista Majorit\u00e1rio: Andreza Gischewski Costa Pelos Empregados da EMC: Celso Guimar\u00e3es Ferreira Junior Pelo Cotista Majorit\u00e1rio: Gustavo Batista Medeiros Regimento Interno [.pdf 324 KB] Conselho Fiscal Titular I: Ricardo Augusto Zadra Titular II: Aline Gon\u00e7alves Pinheiro Titular III: [&hellip;]<\/p>\n","protected":false},"author":2,"featured_media":0,"parent":0,"menu_order":0,"comment_status":"closed","ping_status":"closed","template":"","meta":{"ub_ctt_via":""},"featured_image_src":null,"yoast_head":"<!-- This site is optimized with the Yoast SEO plugin v19.5.1 - https:\/\/yoast.com\/wordpress\/plugins\/seo\/ -->\n<title>Conselhos - EMC<\/title>\n<meta name=\"robots\" content=\"index, follow, max-snippet:-1, max-image-preview:large, max-video-preview:-1\" \/>\n<link rel=\"canonical\" href=\"http:\/\/emc.mg.gov.br\/institucional\/conselhos\/\" \/>\n<meta property=\"og:locale\" content=\"pt_BR\" \/>\n<meta property=\"og:type\" content=\"article\" \/>\n<meta property=\"og:title\" content=\"Conselhos - EMC\" \/>\n<meta property=\"og:description\" content=\"Conselho Administrativo \u2013 CONSAD Pelo Cotista Majorit\u00e1rio: Bruno Prates Cardieri Pelo Cotista Minorit\u00e1rio: Erick Serrat&nbsp;Magnani Alves Pelo Cotista Majorit\u00e1rio: Andreza Gischewski Costa Pelos Empregados da EMC: Celso Guimar\u00e3es Ferreira Junior Pelo Cotista Majorit\u00e1rio: Gustavo Batista Medeiros Regimento Interno [.pdf 324 KB] Conselho Fiscal Titular I: Ricardo Augusto Zadra Titular II: Aline Gon\u00e7alves Pinheiro Titular III: [&hellip;]\" \/>\n<meta property=\"og:url\" content=\"http:\/\/emc.mg.gov.br\/institucional\/conselhos\/\" \/>\n<meta property=\"og:site_name\" content=\"EMC\" \/>\n<meta property=\"article:modified_time\" content=\"2025-11-25T16:08:23+00:00\" \/>\n<meta name=\"twitter:card\" content=\"summary_large_image\" \/>\n<meta name=\"twitter:label1\" content=\"Est. tempo de leitura\" \/>\n\t<meta name=\"twitter:data1\" content=\"1 minuto\" \/>\n<script type=\"application\/ld+json\" class=\"yoast-schema-graph\">{\"@context\":\"https:\/\/schema.org\",\"@graph\":[{\"@type\":\"WebPage\",\"@id\":\"http:\/\/emc.mg.gov.br\/institucional\/conselhos\/\",\"url\":\"http:\/\/emc.mg.gov.br\/institucional\/conselhos\/\",\"name\":\"Conselhos - EMC\",\"isPartOf\":{\"@id\":\"https:\/\/emc.mg.gov.br\/institucional\/#website\"},\"datePublished\":\"2022-10-10T12:57:50+00:00\",\"dateModified\":\"2025-11-25T16:08:23+00:00\",\"breadcrumb\":{\"@id\":\"http:\/\/emc.mg.gov.br\/institucional\/conselhos\/#breadcrumb\"},\"inLanguage\":\"pt-BR\",\"potentialAction\":[{\"@type\":\"ReadAction\",\"target\":[\"http:\/\/emc.mg.gov.br\/institucional\/conselhos\/\"]}]},{\"@type\":\"BreadcrumbList\",\"@id\":\"http:\/\/emc.mg.gov.br\/institucional\/conselhos\/#breadcrumb\",\"itemListElement\":[{\"@type\":\"ListItem\",\"position\":1,\"name\":\"In\u00edcio\",\"item\":\"https:\/\/emc.mg.gov.br\/institucional\/\"},{\"@type\":\"ListItem\",\"position\":2,\"name\":\"Conselhos\"}]},{\"@type\":\"WebSite\",\"@id\":\"https:\/\/emc.mg.gov.br\/institucional\/#website\",\"url\":\"https:\/\/emc.mg.gov.br\/institucional\/\",\"name\":\"EMC\",\"description\":\"Empresa Mineira de Comunica\u00e7\u00e3o\",\"publisher\":{\"@id\":\"https:\/\/emc.mg.gov.br\/institucional\/#organization\"},\"potentialAction\":[{\"@type\":\"SearchAction\",\"target\":{\"@type\":\"EntryPoint\",\"urlTemplate\":\"https:\/\/emc.mg.gov.br\/institucional\/?s={search_term_string}\"},\"query-input\":\"required name=search_term_string\"}],\"inLanguage\":\"pt-BR\"},{\"@type\":\"Organization\",\"@id\":\"https:\/\/emc.mg.gov.br\/institucional\/#organization\",\"name\":\"EMC\",\"url\":\"https:\/\/emc.mg.gov.br\/institucional\/\",\"sameAs\":[],\"logo\":{\"@type\":\"ImageObject\",\"inLanguage\":\"pt-BR\",\"@id\":\"https:\/\/emc.mg.gov.br\/institucional\/#\/schema\/logo\/image\/\",\"url\":\"http:\/\/emc.mg.gov.br\/institucional\/wp-content\/uploads\/2022\/06\/EMCmarca.png\",\"contentUrl\":\"http:\/\/emc.mg.gov.br\/institucional\/wp-content\/uploads\/2022\/06\/EMCmarca.png\",\"width\":133,\"height\":89,\"caption\":\"EMC \"},\"image\":{\"@id\":\"https:\/\/emc.mg.gov.br\/institucional\/#\/schema\/logo\/image\/\"}}]}<\/script>\n<!-- \/ Yoast SEO plugin. -->","yoast_head_json":{"title":"Conselhos - EMC","robots":{"index":"index","follow":"follow","max-snippet":"max-snippet:-1","max-image-preview":"max-image-preview:large","max-video-preview":"max-video-preview:-1"},"canonical":"http:\/\/emc.mg.gov.br\/institucional\/conselhos\/","og_locale":"pt_BR","og_type":"article","og_title":"Conselhos - EMC","og_description":"Conselho Administrativo \u2013 CONSAD Pelo Cotista Majorit\u00e1rio: Bruno Prates Cardieri Pelo Cotista Minorit\u00e1rio: Erick Serrat&nbsp;Magnani Alves Pelo Cotista Majorit\u00e1rio: Andreza Gischewski Costa Pelos Empregados da EMC: Celso Guimar\u00e3es Ferreira Junior Pelo Cotista Majorit\u00e1rio: Gustavo Batista Medeiros Regimento Interno [.pdf 324 KB] Conselho Fiscal Titular I: Ricardo Augusto Zadra Titular II: Aline Gon\u00e7alves Pinheiro Titular III: [&hellip;]","og_url":"http:\/\/emc.mg.gov.br\/institucional\/conselhos\/","og_site_name":"EMC","article_modified_time":"2025-11-25T16:08:23+00:00","twitter_card":"summary_large_image","twitter_misc":{"Est. tempo de leitura":"1 minuto"},"schema":{"@context":"https:\/\/schema.org","@graph":[{"@type":"WebPage","@id":"http:\/\/emc.mg.gov.br\/institucional\/conselhos\/","url":"http:\/\/emc.mg.gov.br\/institucional\/conselhos\/","name":"Conselhos - EMC","isPartOf":{"@id":"https:\/\/emc.mg.gov.br\/institucional\/#website"},"datePublished":"2022-10-10T12:57:50+00:00","dateModified":"2025-11-25T16:08:23+00:00","breadcrumb":{"@id":"http:\/\/emc.mg.gov.br\/institucional\/conselhos\/#breadcrumb"},"inLanguage":"pt-BR","potentialAction":[{"@type":"ReadAction","target":["http:\/\/emc.mg.gov.br\/institucional\/conselhos\/"]}]},{"@type":"BreadcrumbList","@id":"http:\/\/emc.mg.gov.br\/institucional\/conselhos\/#breadcrumb","itemListElement":[{"@type":"ListItem","position":1,"name":"In\u00edcio","item":"https:\/\/emc.mg.gov.br\/institucional\/"},{"@type":"ListItem","position":2,"name":"Conselhos"}]},{"@type":"WebSite","@id":"https:\/\/emc.mg.gov.br\/institucional\/#website","url":"https:\/\/emc.mg.gov.br\/institucional\/","name":"EMC","description":"Empresa Mineira de Comunica\u00e7\u00e3o","publisher":{"@id":"https:\/\/emc.mg.gov.br\/institucional\/#organization"},"potentialAction":[{"@type":"SearchAction","target":{"@type":"EntryPoint","urlTemplate":"https:\/\/emc.mg.gov.br\/institucional\/?s={search_term_string}"},"query-input":"required name=search_term_string"}],"inLanguage":"pt-BR"},{"@type":"Organization","@id":"https:\/\/emc.mg.gov.br\/institucional\/#organization","name":"EMC","url":"https:\/\/emc.mg.gov.br\/institucional\/","sameAs":[],"logo":{"@type":"ImageObject","inLanguage":"pt-BR","@id":"https:\/\/emc.mg.gov.br\/institucional\/#\/schema\/logo\/image\/","url":"http:\/\/emc.mg.gov.br\/institucional\/wp-content\/uploads\/2022\/06\/EMCmarca.png","contentUrl":"http:\/\/emc.mg.gov.br\/institucional\/wp-content\/uploads\/2022\/06\/EMCmarca.png","width":133,"height":89,"caption":"EMC "},"image":{"@id":"https:\/\/emc.mg.gov.br\/institucional\/#\/schema\/logo\/image\/"}}]}},"_links":{"self":[{"href":"http:\/\/emc.mg.gov.br\/institucional\/wp-json\/wp\/v2\/pages\/1110"}],"collection":[{"href":"http:\/\/emc.mg.gov.br\/institucional\/wp-json\/wp\/v2\/pages"}],"about":[{"href":"http:\/\/emc.mg.gov.br\/institucional\/wp-json\/wp\/v2\/types\/page"}],"author":[{"embeddable":true,"href":"http:\/\/emc.mg.gov.br\/institucional\/wp-json\/wp\/v2\/users\/2"}],"replies":[{"embeddable":true,"href":"http:\/\/emc.mg.gov.br\/institucional\/wp-json\/wp\/v2\/comments?post=1110"}],"version-history":[{"count":20,"href":"http:\/\/emc.mg.gov.br\/institucional\/wp-json\/wp\/v2\/pages\/1110\/revisions"}],"predecessor-version":[{"id":3940,"href":"http:\/\/emc.mg.gov.br\/institucional\/wp-json\/wp\/v2\/pages\/1110\/revisions\/3940"}],"wp:attachment":[{"href":"http:\/\/emc.mg.gov.br\/institucional\/wp-json\/wp\/v2\/media?parent=1110"}],"curies":[{"name":"wp","href":"https:\/\/api.w.org\/{rel}","templated":true}]}}