{"id":1086,"date":"2022-10-06T10:35:55","date_gmt":"2022-10-06T13:35:55","guid":{"rendered":"http:\/\/emc.mg.gov.br\/institucional\/?page_id=1086"},"modified":"2025-04-15T09:17:51","modified_gmt":"2025-04-15T12:17:51","slug":"licitacoes-compras","status":"publish","type":"page","link":"http:\/\/emc.mg.gov.br\/institucional\/licitacoes-compras\/","title":{"rendered":"Licita\u00e7\u00f5es e compras"},"content":{"rendered":"\n<div class=\"wp-container-4 wp-block-columns\">\n<div class=\"wp-container-1 wp-block-column\" style=\"flex-basis:66.66%\">\n<p>A EMC \u2013 Empresa Mineira de Comunica\u00e7\u00e3o disponibiliza informa\u00e7\u00f5es sobre licita\u00e7\u00f5es e editais de compra e fornecimento de servi\u00e7os. Qualquer d\u00favida, entre em contato por meio do&nbsp;<a href=\"http:\/\/emc.mg.gov.br\/institucional\/?page_id=166\">Fale Conosco<\/a>.<\/p>\n\n\n\n<p><\/p>\n\n\n\n<p><\/p>\n<\/div>\n\n\n\n<div class=\"wp-container-3 wp-block-column\" style=\"flex-basis:33.33%\">\n<div class=\"wp-container-2 wp-block-buttons\"><\/div>\n<\/div>\n<\/div>\n\n\n\n<p>Acesse o Portal de Compras para consultar os&nbsp;<a href=\"https:\/\/www.compras.mg.gov.br\/\" target=\"_blank\" rel=\"noreferrer noopener\">Procedimentos Licitat\u00f3rios<\/a>&nbsp;em andamento na EMC \u2013 Empresa Mineira de Comunica\u00e7\u00e3o.  (3150 &#8211; Empresa Mineira de Comunica\u00e7\u00e3o)<\/p>\n\n\n\n<p><\/p>\n\n\n\n<p>Acesse os\u00a0<a href=\"https:\/\/www.transparencia.mg.gov.br\/licitacoes-e-contratos\" target=\"_blank\" rel=\"noreferrer noopener\">processos de compras<\/a>\u00a0conclu\u00eddo pela EMC \u2013 Empresa Mineira de Comunica\u00e7\u00e3o.<\/p>\n\n\n\n<p><\/p>\n\n\n\n<p>Consulte e emita o&nbsp;<a href=\"https:\/\/www.cagef.mg.gov.br\/fornecedor-web\/br\/gov\/prodemge\/seplag\/fornecedor\/publico\/index.zul\" target=\"_blank\" rel=\"noreferrer noopener\">Certificado de Regularidade<\/a>&nbsp;para Participar de Licita\u00e7\u00f5es P\u00fablicas no \u00e2mbito do Poder Executivo do Estado de Minas Gerais.<\/p>\n","protected":false},"excerpt":{"rendered":"<p>A EMC \u2013 Empresa Mineira de Comunica\u00e7\u00e3o disponibiliza informa\u00e7\u00f5es sobre licita\u00e7\u00f5es e editais de compra e fornecimento de servi\u00e7os. Qualquer d\u00favida, entre em contato por meio do&nbsp;Fale Conosco. Acesse o Portal de Compras para consultar os&nbsp;Procedimentos Licitat\u00f3rios&nbsp;em andamento na EMC \u2013 Empresa Mineira de Comunica\u00e7\u00e3o. (3150 &#8211; Empresa Mineira de Comunica\u00e7\u00e3o) Acesse os\u00a0processos de compras\u00a0conclu\u00eddo [&hellip;]<\/p>\n","protected":false},"author":2,"featured_media":0,"parent":0,"menu_order":0,"comment_status":"closed","ping_status":"closed","template":"","meta":{"ub_ctt_via":""},"featured_image_src":null,"yoast_head":"<!-- This site is optimized with the Yoast SEO plugin v19.5.1 - https:\/\/yoast.com\/wordpress\/plugins\/seo\/ -->\n<title>Licita\u00e7\u00f5es e compras - EMC<\/title>\n<meta name=\"robots\" content=\"index, follow, max-snippet:-1, max-image-preview:large, max-video-preview:-1\" \/>\n<link rel=\"canonical\" href=\"http:\/\/emc.mg.gov.br\/institucional\/licitacoes-compras\/\" \/>\n<meta property=\"og:locale\" content=\"pt_BR\" \/>\n<meta property=\"og:type\" content=\"article\" \/>\n<meta property=\"og:title\" content=\"Licita\u00e7\u00f5es e compras - EMC\" \/>\n<meta property=\"og:description\" content=\"A EMC \u2013 Empresa Mineira de Comunica\u00e7\u00e3o disponibiliza informa\u00e7\u00f5es sobre licita\u00e7\u00f5es e editais de compra e fornecimento de servi\u00e7os. Qualquer d\u00favida, entre em contato por meio do&nbsp;Fale Conosco. Acesse o Portal de Compras para consultar os&nbsp;Procedimentos Licitat\u00f3rios&nbsp;em andamento na EMC \u2013 Empresa Mineira de Comunica\u00e7\u00e3o. (3150 &#8211; Empresa Mineira de Comunica\u00e7\u00e3o) Acesse os\u00a0processos de compras\u00a0conclu\u00eddo [&hellip;]\" \/>\n<meta property=\"og:url\" content=\"http:\/\/emc.mg.gov.br\/institucional\/licitacoes-compras\/\" \/>\n<meta property=\"og:site_name\" content=\"EMC\" \/>\n<meta property=\"article:modified_time\" content=\"2025-04-15T12:17:51+00:00\" \/>\n<meta name=\"twitter:card\" content=\"summary_large_image\" \/>\n<meta name=\"twitter:label1\" content=\"Est. tempo de leitura\" \/>\n\t<meta name=\"twitter:data1\" content=\"1 minuto\" \/>\n<script type=\"application\/ld+json\" class=\"yoast-schema-graph\">{\"@context\":\"https:\/\/schema.org\",\"@graph\":[{\"@type\":\"WebPage\",\"@id\":\"http:\/\/emc.mg.gov.br\/institucional\/licitacoes-compras\/\",\"url\":\"http:\/\/emc.mg.gov.br\/institucional\/licitacoes-compras\/\",\"name\":\"Licita\u00e7\u00f5es e compras - EMC\",\"isPartOf\":{\"@id\":\"http:\/\/emc.mg.gov.br\/institucional\/#website\"},\"datePublished\":\"2022-10-06T13:35:55+00:00\",\"dateModified\":\"2025-04-15T12:17:51+00:00\",\"breadcrumb\":{\"@id\":\"http:\/\/emc.mg.gov.br\/institucional\/licitacoes-compras\/#breadcrumb\"},\"inLanguage\":\"pt-BR\",\"potentialAction\":[{\"@type\":\"ReadAction\",\"target\":[\"http:\/\/emc.mg.gov.br\/institucional\/licitacoes-compras\/\"]}]},{\"@type\":\"BreadcrumbList\",\"@id\":\"http:\/\/emc.mg.gov.br\/institucional\/licitacoes-compras\/#breadcrumb\",\"itemListElement\":[{\"@type\":\"ListItem\",\"position\":1,\"name\":\"In\u00edcio\",\"item\":\"http:\/\/emc.mg.gov.br\/institucional\/\"},{\"@type\":\"ListItem\",\"position\":2,\"name\":\"Licita\u00e7\u00f5es e compras\"}]},{\"@type\":\"WebSite\",\"@id\":\"http:\/\/emc.mg.gov.br\/institucional\/#website\",\"url\":\"http:\/\/emc.mg.gov.br\/institucional\/\",\"name\":\"EMC\",\"description\":\"Empresa Mineira de Comunica\u00e7\u00e3o\",\"publisher\":{\"@id\":\"http:\/\/emc.mg.gov.br\/institucional\/#organization\"},\"potentialAction\":[{\"@type\":\"SearchAction\",\"target\":{\"@type\":\"EntryPoint\",\"urlTemplate\":\"http:\/\/emc.mg.gov.br\/institucional\/?s={search_term_string}\"},\"query-input\":\"required name=search_term_string\"}],\"inLanguage\":\"pt-BR\"},{\"@type\":\"Organization\",\"@id\":\"http:\/\/emc.mg.gov.br\/institucional\/#organization\",\"name\":\"EMC\",\"url\":\"http:\/\/emc.mg.gov.br\/institucional\/\",\"sameAs\":[],\"logo\":{\"@type\":\"ImageObject\",\"inLanguage\":\"pt-BR\",\"@id\":\"http:\/\/emc.mg.gov.br\/institucional\/#\/schema\/logo\/image\/\",\"url\":\"http:\/\/emc.mg.gov.br\/institucional\/wp-content\/uploads\/2022\/06\/EMCmarca.png\",\"contentUrl\":\"http:\/\/emc.mg.gov.br\/institucional\/wp-content\/uploads\/2022\/06\/EMCmarca.png\",\"width\":133,\"height\":89,\"caption\":\"EMC \"},\"image\":{\"@id\":\"http:\/\/emc.mg.gov.br\/institucional\/#\/schema\/logo\/image\/\"}}]}<\/script>\n<!-- \/ Yoast SEO plugin. -->","yoast_head_json":{"title":"Licita\u00e7\u00f5es e compras - EMC","robots":{"index":"index","follow":"follow","max-snippet":"max-snippet:-1","max-image-preview":"max-image-preview:large","max-video-preview":"max-video-preview:-1"},"canonical":"http:\/\/emc.mg.gov.br\/institucional\/licitacoes-compras\/","og_locale":"pt_BR","og_type":"article","og_title":"Licita\u00e7\u00f5es e compras - EMC","og_description":"A EMC \u2013 Empresa Mineira de Comunica\u00e7\u00e3o disponibiliza informa\u00e7\u00f5es sobre licita\u00e7\u00f5es e editais de compra e fornecimento de servi\u00e7os. Qualquer d\u00favida, entre em contato por meio do&nbsp;Fale Conosco. Acesse o Portal de Compras para consultar os&nbsp;Procedimentos Licitat\u00f3rios&nbsp;em andamento na EMC \u2013 Empresa Mineira de Comunica\u00e7\u00e3o. (3150 &#8211; Empresa Mineira de Comunica\u00e7\u00e3o) Acesse os\u00a0processos de compras\u00a0conclu\u00eddo [&hellip;]","og_url":"http:\/\/emc.mg.gov.br\/institucional\/licitacoes-compras\/","og_site_name":"EMC","article_modified_time":"2025-04-15T12:17:51+00:00","twitter_card":"summary_large_image","twitter_misc":{"Est. tempo de leitura":"1 minuto"},"schema":{"@context":"https:\/\/schema.org","@graph":[{"@type":"WebPage","@id":"http:\/\/emc.mg.gov.br\/institucional\/licitacoes-compras\/","url":"http:\/\/emc.mg.gov.br\/institucional\/licitacoes-compras\/","name":"Licita\u00e7\u00f5es e compras - EMC","isPartOf":{"@id":"http:\/\/emc.mg.gov.br\/institucional\/#website"},"datePublished":"2022-10-06T13:35:55+00:00","dateModified":"2025-04-15T12:17:51+00:00","breadcrumb":{"@id":"http:\/\/emc.mg.gov.br\/institucional\/licitacoes-compras\/#breadcrumb"},"inLanguage":"pt-BR","potentialAction":[{"@type":"ReadAction","target":["http:\/\/emc.mg.gov.br\/institucional\/licitacoes-compras\/"]}]},{"@type":"BreadcrumbList","@id":"http:\/\/emc.mg.gov.br\/institucional\/licitacoes-compras\/#breadcrumb","itemListElement":[{"@type":"ListItem","position":1,"name":"In\u00edcio","item":"http:\/\/emc.mg.gov.br\/institucional\/"},{"@type":"ListItem","position":2,"name":"Licita\u00e7\u00f5es e compras"}]},{"@type":"WebSite","@id":"http:\/\/emc.mg.gov.br\/institucional\/#website","url":"http:\/\/emc.mg.gov.br\/institucional\/","name":"EMC","description":"Empresa Mineira de Comunica\u00e7\u00e3o","publisher":{"@id":"http:\/\/emc.mg.gov.br\/institucional\/#organization"},"potentialAction":[{"@type":"SearchAction","target":{"@type":"EntryPoint","urlTemplate":"http:\/\/emc.mg.gov.br\/institucional\/?s={search_term_string}"},"query-input":"required name=search_term_string"}],"inLanguage":"pt-BR"},{"@type":"Organization","@id":"http:\/\/emc.mg.gov.br\/institucional\/#organization","name":"EMC","url":"http:\/\/emc.mg.gov.br\/institucional\/","sameAs":[],"logo":{"@type":"ImageObject","inLanguage":"pt-BR","@id":"http:\/\/emc.mg.gov.br\/institucional\/#\/schema\/logo\/image\/","url":"http:\/\/emc.mg.gov.br\/institucional\/wp-content\/uploads\/2022\/06\/EMCmarca.png","contentUrl":"http:\/\/emc.mg.gov.br\/institucional\/wp-content\/uploads\/2022\/06\/EMCmarca.png","width":133,"height":89,"caption":"EMC "},"image":{"@id":"http:\/\/emc.mg.gov.br\/institucional\/#\/schema\/logo\/image\/"}}]}},"_links":{"self":[{"href":"http:\/\/emc.mg.gov.br\/institucional\/wp-json\/wp\/v2\/pages\/1086"}],"collection":[{"href":"http:\/\/emc.mg.gov.br\/institucional\/wp-json\/wp\/v2\/pages"}],"about":[{"href":"http:\/\/emc.mg.gov.br\/institucional\/wp-json\/wp\/v2\/types\/page"}],"author":[{"embeddable":true,"href":"http:\/\/emc.mg.gov.br\/institucional\/wp-json\/wp\/v2\/users\/2"}],"replies":[{"embeddable":true,"href":"http:\/\/emc.mg.gov.br\/institucional\/wp-json\/wp\/v2\/comments?post=1086"}],"version-history":[{"count":24,"href":"http:\/\/emc.mg.gov.br\/institucional\/wp-json\/wp\/v2\/pages\/1086\/revisions"}],"predecessor-version":[{"id":3444,"href":"http:\/\/emc.mg.gov.br\/institucional\/wp-json\/wp\/v2\/pages\/1086\/revisions\/3444"}],"wp:attachment":[{"href":"http:\/\/emc.mg.gov.br\/institucional\/wp-json\/wp\/v2\/media?parent=1086"}],"curies":[{"name":"wp","href":"https:\/\/api.w.org\/{rel}","templated":true}]}}