{"id":1057,"date":"2022-10-05T12:07:32","date_gmt":"2022-10-05T15:07:32","guid":{"rendered":"http:\/\/emc.mg.gov.br\/institucional\/?page_id=1057"},"modified":"2025-08-01T12:29:00","modified_gmt":"2025-08-01T15:29:00","slug":"comissao-de-etica","status":"publish","type":"page","link":"http:\/\/emc.mg.gov.br\/institucional\/comissao-de-etica\/","title":{"rendered":"Comiss\u00e3o de \u00e9tica"},"content":{"rendered":"\n<p>Conforme consta na Portaria Conjunta EMC e FTVM n\u00ba. N\u00ba 02, DE 10 DE JULHO DE 2025, publicada em 15\/07\/2025, a Comiss\u00e3o de \u00c9tica da Empresa Mineira de Comunica\u00e7\u00e3o e Funda\u00e7\u00e3o TV Minas Cultural e Educativa \u00e9 formada pelos seguintes membros:<\/p>\n\n\n\n<p>I \u2013 Raphael Raggi da Silva Ribeiro Lima \u2013 Matr\u00edcula: 1901 \u2013 Membro Efetivo;<br>II \u2013 La\u00eds de Sales Coelho \u2013 Matr\u00edcula: 1799 \u2013 Membro Efetivo;<br>III \u2013 Luiz Fl\u00e1vio Miranda Lima \u2013 MASP: 1140371-4 \u2013 Membro Efetivo;<br>IV \u2013 Ot\u00e1vio Jos\u00e9 Fraga Cardoso \u2013 Matr\u00edcula: 1663 \u2013 Membro Suplente;<br>V \u2013 Bruna Fernanda Cevidanes Fernandes \u2013 MASP: 1.368.185-3 \u2013 Membro Suplente;<\/p>\n\n\n\n<p>Acesse o <a href=\"http:\/\/emc.mg.gov.br\/institucional\/wp-content\/uploads\/2022\/07\/CodigoEticaEMC.pdf\" target=\"_blank\" rel=\"noreferrer noopener\">C\u00f3digo de \u00c9tica e Conduta<\/a>&nbsp;[.pdf 646kb]<\/p>\n\n\n\n<p>Contato: <a href=\"mailto:comissaodeetica@inconfidencia.com.br\" target=\"_blank\" rel=\"noreferrer noopener\">comissaodeetica@inconfidencia.com.br<\/a><\/p>\n","protected":false},"excerpt":{"rendered":"<p>Conforme consta na Portaria Conjunta EMC e FTVM n\u00ba. N\u00ba 02, DE 10 DE JULHO DE 2025, publicada em 15\/07\/2025, a Comiss\u00e3o de \u00c9tica da Empresa Mineira de Comunica\u00e7\u00e3o e Funda\u00e7\u00e3o TV Minas Cultural e Educativa \u00e9 formada pelos seguintes membros: I \u2013 Raphael Raggi da Silva Ribeiro Lima \u2013 Matr\u00edcula: 1901 \u2013 Membro Efetivo;II [&hellip;]<\/p>\n","protected":false},"author":2,"featured_media":0,"parent":0,"menu_order":0,"comment_status":"closed","ping_status":"closed","template":"","meta":{"ub_ctt_via":""},"featured_image_src":null,"yoast_head":"<!-- This site is optimized with the Yoast SEO plugin v19.5.1 - https:\/\/yoast.com\/wordpress\/plugins\/seo\/ -->\n<title>Comiss\u00e3o de \u00e9tica - EMC<\/title>\n<meta name=\"robots\" content=\"index, follow, max-snippet:-1, max-image-preview:large, max-video-preview:-1\" \/>\n<link rel=\"canonical\" href=\"https:\/\/emc.mg.gov.br\/institucional\/comissao-de-etica\/\" \/>\n<meta property=\"og:locale\" content=\"pt_BR\" \/>\n<meta property=\"og:type\" content=\"article\" \/>\n<meta property=\"og:title\" content=\"Comiss\u00e3o de \u00e9tica - EMC\" \/>\n<meta property=\"og:description\" content=\"Conforme consta na Portaria Conjunta EMC e FTVM n\u00ba. N\u00ba 02, DE 10 DE JULHO DE 2025, publicada em 15\/07\/2025, a Comiss\u00e3o de \u00c9tica da Empresa Mineira de Comunica\u00e7\u00e3o e Funda\u00e7\u00e3o TV Minas Cultural e Educativa \u00e9 formada pelos seguintes membros: I \u2013 Raphael Raggi da Silva Ribeiro Lima \u2013 Matr\u00edcula: 1901 \u2013 Membro Efetivo;II [&hellip;]\" \/>\n<meta property=\"og:url\" content=\"https:\/\/emc.mg.gov.br\/institucional\/comissao-de-etica\/\" \/>\n<meta property=\"og:site_name\" content=\"EMC\" \/>\n<meta property=\"article:modified_time\" content=\"2025-08-01T15:29:00+00:00\" \/>\n<meta name=\"twitter:card\" content=\"summary_large_image\" \/>\n<meta name=\"twitter:label1\" content=\"Est. tempo de leitura\" \/>\n\t<meta name=\"twitter:data1\" content=\"1 minuto\" \/>\n<script type=\"application\/ld+json\" class=\"yoast-schema-graph\">{\"@context\":\"https:\/\/schema.org\",\"@graph\":[{\"@type\":\"WebPage\",\"@id\":\"https:\/\/emc.mg.gov.br\/institucional\/comissao-de-etica\/\",\"url\":\"https:\/\/emc.mg.gov.br\/institucional\/comissao-de-etica\/\",\"name\":\"Comiss\u00e3o de \u00e9tica - EMC\",\"isPartOf\":{\"@id\":\"http:\/\/emc.mg.gov.br\/institucional\/#website\"},\"datePublished\":\"2022-10-05T15:07:32+00:00\",\"dateModified\":\"2025-08-01T15:29:00+00:00\",\"breadcrumb\":{\"@id\":\"https:\/\/emc.mg.gov.br\/institucional\/comissao-de-etica\/#breadcrumb\"},\"inLanguage\":\"pt-BR\",\"potentialAction\":[{\"@type\":\"ReadAction\",\"target\":[\"https:\/\/emc.mg.gov.br\/institucional\/comissao-de-etica\/\"]}]},{\"@type\":\"BreadcrumbList\",\"@id\":\"https:\/\/emc.mg.gov.br\/institucional\/comissao-de-etica\/#breadcrumb\",\"itemListElement\":[{\"@type\":\"ListItem\",\"position\":1,\"name\":\"In\u00edcio\",\"item\":\"http:\/\/emc.mg.gov.br\/institucional\/\"},{\"@type\":\"ListItem\",\"position\":2,\"name\":\"Comiss\u00e3o de \u00e9tica\"}]},{\"@type\":\"WebSite\",\"@id\":\"http:\/\/emc.mg.gov.br\/institucional\/#website\",\"url\":\"http:\/\/emc.mg.gov.br\/institucional\/\",\"name\":\"EMC\",\"description\":\"Empresa Mineira de Comunica\u00e7\u00e3o\",\"publisher\":{\"@id\":\"http:\/\/emc.mg.gov.br\/institucional\/#organization\"},\"potentialAction\":[{\"@type\":\"SearchAction\",\"target\":{\"@type\":\"EntryPoint\",\"urlTemplate\":\"http:\/\/emc.mg.gov.br\/institucional\/?s={search_term_string}\"},\"query-input\":\"required name=search_term_string\"}],\"inLanguage\":\"pt-BR\"},{\"@type\":\"Organization\",\"@id\":\"http:\/\/emc.mg.gov.br\/institucional\/#organization\",\"name\":\"EMC\",\"url\":\"http:\/\/emc.mg.gov.br\/institucional\/\",\"sameAs\":[],\"logo\":{\"@type\":\"ImageObject\",\"inLanguage\":\"pt-BR\",\"@id\":\"http:\/\/emc.mg.gov.br\/institucional\/#\/schema\/logo\/image\/\",\"url\":\"http:\/\/emc.mg.gov.br\/institucional\/wp-content\/uploads\/2022\/06\/EMCmarca.png\",\"contentUrl\":\"http:\/\/emc.mg.gov.br\/institucional\/wp-content\/uploads\/2022\/06\/EMCmarca.png\",\"width\":133,\"height\":89,\"caption\":\"EMC \"},\"image\":{\"@id\":\"http:\/\/emc.mg.gov.br\/institucional\/#\/schema\/logo\/image\/\"}}]}<\/script>\n<!-- \/ Yoast SEO plugin. -->","yoast_head_json":{"title":"Comiss\u00e3o de \u00e9tica - EMC","robots":{"index":"index","follow":"follow","max-snippet":"max-snippet:-1","max-image-preview":"max-image-preview:large","max-video-preview":"max-video-preview:-1"},"canonical":"https:\/\/emc.mg.gov.br\/institucional\/comissao-de-etica\/","og_locale":"pt_BR","og_type":"article","og_title":"Comiss\u00e3o de \u00e9tica - EMC","og_description":"Conforme consta na Portaria Conjunta EMC e FTVM n\u00ba. N\u00ba 02, DE 10 DE JULHO DE 2025, publicada em 15\/07\/2025, a Comiss\u00e3o de \u00c9tica da Empresa Mineira de Comunica\u00e7\u00e3o e Funda\u00e7\u00e3o TV Minas Cultural e Educativa \u00e9 formada pelos seguintes membros: I \u2013 Raphael Raggi da Silva Ribeiro Lima \u2013 Matr\u00edcula: 1901 \u2013 Membro Efetivo;II [&hellip;]","og_url":"https:\/\/emc.mg.gov.br\/institucional\/comissao-de-etica\/","og_site_name":"EMC","article_modified_time":"2025-08-01T15:29:00+00:00","twitter_card":"summary_large_image","twitter_misc":{"Est. tempo de leitura":"1 minuto"},"schema":{"@context":"https:\/\/schema.org","@graph":[{"@type":"WebPage","@id":"https:\/\/emc.mg.gov.br\/institucional\/comissao-de-etica\/","url":"https:\/\/emc.mg.gov.br\/institucional\/comissao-de-etica\/","name":"Comiss\u00e3o de \u00e9tica - EMC","isPartOf":{"@id":"http:\/\/emc.mg.gov.br\/institucional\/#website"},"datePublished":"2022-10-05T15:07:32+00:00","dateModified":"2025-08-01T15:29:00+00:00","breadcrumb":{"@id":"https:\/\/emc.mg.gov.br\/institucional\/comissao-de-etica\/#breadcrumb"},"inLanguage":"pt-BR","potentialAction":[{"@type":"ReadAction","target":["https:\/\/emc.mg.gov.br\/institucional\/comissao-de-etica\/"]}]},{"@type":"BreadcrumbList","@id":"https:\/\/emc.mg.gov.br\/institucional\/comissao-de-etica\/#breadcrumb","itemListElement":[{"@type":"ListItem","position":1,"name":"In\u00edcio","item":"http:\/\/emc.mg.gov.br\/institucional\/"},{"@type":"ListItem","position":2,"name":"Comiss\u00e3o de \u00e9tica"}]},{"@type":"WebSite","@id":"http:\/\/emc.mg.gov.br\/institucional\/#website","url":"http:\/\/emc.mg.gov.br\/institucional\/","name":"EMC","description":"Empresa Mineira de Comunica\u00e7\u00e3o","publisher":{"@id":"http:\/\/emc.mg.gov.br\/institucional\/#organization"},"potentialAction":[{"@type":"SearchAction","target":{"@type":"EntryPoint","urlTemplate":"http:\/\/emc.mg.gov.br\/institucional\/?s={search_term_string}"},"query-input":"required name=search_term_string"}],"inLanguage":"pt-BR"},{"@type":"Organization","@id":"http:\/\/emc.mg.gov.br\/institucional\/#organization","name":"EMC","url":"http:\/\/emc.mg.gov.br\/institucional\/","sameAs":[],"logo":{"@type":"ImageObject","inLanguage":"pt-BR","@id":"http:\/\/emc.mg.gov.br\/institucional\/#\/schema\/logo\/image\/","url":"http:\/\/emc.mg.gov.br\/institucional\/wp-content\/uploads\/2022\/06\/EMCmarca.png","contentUrl":"http:\/\/emc.mg.gov.br\/institucional\/wp-content\/uploads\/2022\/06\/EMCmarca.png","width":133,"height":89,"caption":"EMC "},"image":{"@id":"http:\/\/emc.mg.gov.br\/institucional\/#\/schema\/logo\/image\/"}}]}},"_links":{"self":[{"href":"http:\/\/emc.mg.gov.br\/institucional\/wp-json\/wp\/v2\/pages\/1057"}],"collection":[{"href":"http:\/\/emc.mg.gov.br\/institucional\/wp-json\/wp\/v2\/pages"}],"about":[{"href":"http:\/\/emc.mg.gov.br\/institucional\/wp-json\/wp\/v2\/types\/page"}],"author":[{"embeddable":true,"href":"http:\/\/emc.mg.gov.br\/institucional\/wp-json\/wp\/v2\/users\/2"}],"replies":[{"embeddable":true,"href":"http:\/\/emc.mg.gov.br\/institucional\/wp-json\/wp\/v2\/comments?post=1057"}],"version-history":[{"count":10,"href":"http:\/\/emc.mg.gov.br\/institucional\/wp-json\/wp\/v2\/pages\/1057\/revisions"}],"predecessor-version":[{"id":3663,"href":"http:\/\/emc.mg.gov.br\/institucional\/wp-json\/wp\/v2\/pages\/1057\/revisions\/3663"}],"wp:attachment":[{"href":"http:\/\/emc.mg.gov.br\/institucional\/wp-json\/wp\/v2\/media?parent=1057"}],"curies":[{"name":"wp","href":"https:\/\/api.w.org\/{rel}","templated":true}]}}