{"id":1032,"date":"2022-10-05T11:40:54","date_gmt":"2022-10-05T14:40:54","guid":{"rendered":"http:\/\/emc.mg.gov.br\/institucional\/?page_id=1032"},"modified":"2025-05-26T08:37:28","modified_gmt":"2025-05-26T11:37:28","slug":"a-emc","status":"publish","type":"page","link":"http:\/\/emc.mg.gov.br\/institucional\/a-emc\/","title":{"rendered":"Empresa Mineira de Comunica\u00e7\u00e3o \u2013 EMC"},"content":{"rendered":"\n<p><\/p>\n\n\n\n<div class=\"wp-container-12 wp-block-columns\">\n<div class=\"wp-container-10 wp-block-column\" style=\"flex-basis:66.66%\">\n<p>Vinculada \u00e0 Secretaria de Estado de Comunica\u00e7\u00e3o\u2013 Secom, a EMC, criada em 26 de abril de 2017, \u00e9 uma <strong>Empresa P\u00fablica, que une estrategicamente as R\u00e1dios Inconfid\u00eancia AM e FM, a Rede Minas e a plataforma de streaming Minasplay<\/strong>. Essa iniciativa visa fortalecer a comunica\u00e7\u00e3o p\u00fablica em Minas Gerais por meio da coopera\u00e7\u00e3o e inova\u00e7\u00e3o no desenvolvimento de produtos para <strong>r\u00e1dio, TV e streaming<\/strong>, na conquista de novos mercados e p\u00fablicos. A EMC reconhece os desafios atuais e a import\u00e2ncia de uma gest\u00e3o eficiente de conte\u00fados art\u00edsticos, culturais e educativos, com base na trajet\u00f3ria e na experi\u00eancia ao longo da hist\u00f3ria de suas emissoras.<\/p>\n\n\n\n<p><strong>POSICIONAMENTO<\/strong><\/p>\n\n\n\n<p>Contribuir para a promo\u00e7\u00e3o da cidadania, da \u00e9tica e do conhecimento por meio de uma programa\u00e7\u00e3o pautada pela universalidade, cidadania, pluralidade e transpar\u00eancia, abordando temas de interesse p\u00fablico que levem \u00e0 reflex\u00e3o e ao envolvimento com quest\u00f5es relevantes da sociedade.<\/p>\n\n\n\n<div class=\"wp-container-9 wp-block-columns\">\n<div class=\"wp-container-4 wp-block-column\">\n<div class=\"wp-container-3 wp-block-columns\">\n<div class=\"wp-container-1 wp-block-column\">\n<p><strong>MISS\u00c3O<\/strong><\/p>\n\n\n\n<p>Ser uma refer\u00eancia em conectar os mineiros \u00e0 sua cultura, promovendo educa\u00e7\u00e3o, valoriza\u00e7\u00e3o e inova\u00e7\u00e3o, e garantindo o acesso \u00e0 informa\u00e7\u00e3o de qualidade para contribuir com o desenvolvimento socioecon\u00f4mico e o bem-estar da sociedade.<\/p>\n<\/div>\n\n\n\n<div class=\"wp-container-2 wp-block-column\">\n<p><strong>VIS\u00c3O<\/strong><\/p>\n\n\n\n<p>Conectar as pessoas por meio de conte\u00fados que informem, eduquem e entretenham, promovendo o desenvolvimento socioecon\u00f4mico do estado.<\/p>\n<\/div>\n<\/div>\n<\/div>\n\n\n\n<div class=\"wp-container-8 wp-block-column\">\n<p><strong>VALORES<\/strong><\/p>\n\n\n\n<div class=\"wp-container-7 wp-block-columns\">\n<div class=\"wp-container-5 wp-block-column\">\n<p>\u2022 \u00c9tica e Transpar\u00eancia<br>\u2022 Equil\u00edbrio Editorial<br>\u2022 Linguagem Pr\u00f3pria<br>\u2022 Democratiza\u00e7\u00e3o da Informa\u00e7\u00e3o e do Conhecimento<br>\u2022 Desenvolvimento Sustent\u00e1vel<\/p>\n<\/div>\n\n\n\n<div class=\"wp-container-6 wp-block-column\">\n<p>\u2022 Representatividade e Pluralidade<br>\u2022 Integra\u00e7\u00e3o e Profissionalismo<br>\u2022 Valoriza\u00e7\u00e3o do Capital Intelectual, Inova\u00e7\u00e3o e Criatividade<\/p>\n<\/div>\n<\/div>\n<\/div>\n<\/div>\n<\/div>\n\n\n\n<div class=\"wp-container-11 wp-block-column\" style=\"flex-basis:33.33%\">\n<figure class=\"wp-block-image size-full\"><img loading=\"lazy\" width=\"527\" height=\"733\" src=\"http:\/\/emc.mg.gov.br\/institucional\/wp-content\/uploads\/2022\/10\/EMC_quemSomos.png\" alt=\"\" class=\"wp-image-1075\" srcset=\"http:\/\/emc.mg.gov.br\/institucional\/wp-content\/uploads\/2022\/10\/EMC_quemSomos.png 527w, http:\/\/emc.mg.gov.br\/institucional\/wp-content\/uploads\/2022\/10\/EMC_quemSomos-216x300.png 216w\" sizes=\"(max-width: 527px) 100vw, 527px\" \/><\/figure>\n<\/div>\n<\/div>\n\n\n\n<figure class=\"wp-block-pullquote\"><blockquote><p>R\u00e1dio, TV e Streaming juntos, contando hist\u00f3rias pelos caminhos da Mineiridade.<\/p><\/blockquote><\/figure>\n\n\n\n<div class=\"wp-container-21 wp-block-columns caixas has-background\" style=\"background-color:#e3e5e8\">\n<div class=\"wp-container-16 wp-block-column\">\n<div class=\"wp-container-15 wp-block-columns\">\n<div class=\"wp-container-13 wp-block-column\">\n<p><strong>R\u00e1dio Inconfid\u00eancia AM<\/strong><\/p>\n\n\n\n<p>Fundada em 1936, a Inconfid\u00eancia \u00e9 hoje ponto de encontro do ouvinte mineiro, oferecendo informa\u00e7\u00e3o, esporte, cidadania, presta\u00e7\u00e3o de servi\u00e7os e a diversidade musical brasileira. Com programas atraentes e tradicional\u00edssimos, a R\u00e1dio privilegia a intera\u00e7\u00e3o constante com ouvintes, artistas, formadores de opini\u00e3o e entidades civis organizadas ao produzir conte\u00fados com a m\u00e1xima qualidade para o p\u00fablico de todas as classes sociais.<\/p>\n<\/div>\n\n\n\n<div class=\"wp-container-14 wp-block-column\">\n<p><strong>R\u00e1dio Inconfid\u00eancia FM- Brasileir\u00edssima<\/strong><\/p>\n\n\n\n<p>Em sintonia com a Inconfid\u00eancia AM, a Brasileir\u00edssima FM nasceu no final dos anos 1970 como espelho da diversidade de Minas e do Brasil, com suas tradi\u00e7\u00f5es, ousadias, inova\u00e7\u00f5es, mem\u00f3rias e reinven\u00e7\u00f5es, agregando o diferencial de levar ao p\u00fablico o melhor da m\u00fasica nacional.<\/p>\n<\/div>\n<\/div>\n<\/div>\n\n\n\n<div class=\"wp-container-20 wp-block-column\">\n<div class=\"wp-container-19 wp-block-columns\">\n<div class=\"wp-container-17 wp-block-column\">\n<p><strong>Rede Minas<\/strong><\/p>\n\n\n\n<p>De car\u00e1ter cultural e educativo, \u00e9 considerada atualmente uma das maiores televis\u00f5es p\u00fablicas do Brasil. Desde a sua funda\u00e7\u00e3o, em 1984, a emissora contribui para o desenvolvimento cultural, social e econ\u00f4mico de Minas Gerais, por meio de informa\u00e7\u00e3o jornal\u00edstica, presta\u00e7\u00e3o de servi\u00e7o, entretenimento e artes, entre outros conte\u00fados diversificados. A Rede Minas busca constantemente inovar e ampliar a qualidade de seus produtos televisivos junto aos valores da sociedade, promovendo a cidadania e a difus\u00e3o da arte e da cultura no Estado. Hoje, ela tamb\u00e9m conta com forte presen\u00e7a na internet e nas redes sociais.<\/p>\n<\/div>\n\n\n\n<div class=\"wp-container-18 wp-block-column\">\n<p><strong>Minasplay<\/strong>&nbsp;&#8211; <strong>O Streaming de Minas Gerais<\/strong><\/p>\n\n\n\n<p>Plataforma de streaming p\u00fablica e gratuita com conte\u00fados audiovisuais \u00fanicos que valorizam a cultura \u2013 a identidade, o patrim\u00f4nio, a arte e as singularidades de Minas Gerais.<\/p>\n\n\n\n<p>Com a produ\u00e7\u00e3o audiovisual mineira independente, o melhor do acervo da Rede Minas, programa\u00e7\u00e3o atual e TV ao vivo. Uma plataforma com a cara de Minas Gerais que pode ser acessada na palma da m\u00e3o, em qualquer lugar e a qualquer hora. No site <a href=\"https:\/\/minasplay.com\/\" target=\"_blank\" rel=\"noreferrer noopener\">minasplay.com<\/a> ou no aplicativo para <a href=\"https:\/\/play.google.com\/store\/apps\/details?id=com.emcplay\" target=\"_blank\" rel=\"noreferrer noopener\">Android<\/a> e <a href=\"https:\/\/apps.apple.com\/br\/app\/emcplay\/id1614556852\" target=\"_blank\" rel=\"noreferrer noopener\">iOS<\/a>.<\/p>\n\n\n\n<p><\/p>\n<\/div>\n<\/div>\n<\/div>\n<\/div>\n","protected":false},"excerpt":{"rendered":"<p>Vinculada \u00e0 Secretaria de Estado de Comunica\u00e7\u00e3o\u2013 Secom, a EMC, criada em 26 de abril de 2017, \u00e9 uma Empresa P\u00fablica, que une estrategicamente as R\u00e1dios Inconfid\u00eancia AM e FM, a Rede Minas e a plataforma de streaming Minasplay. Essa iniciativa visa fortalecer a comunica\u00e7\u00e3o p\u00fablica em Minas Gerais por meio da coopera\u00e7\u00e3o e inova\u00e7\u00e3o [&hellip;]<\/p>\n","protected":false},"author":2,"featured_media":0,"parent":0,"menu_order":0,"comment_status":"closed","ping_status":"closed","template":"","meta":{"ub_ctt_via":""},"featured_image_src":null,"yoast_head":"<!-- This site is optimized with the Yoast SEO plugin v19.5.1 - https:\/\/yoast.com\/wordpress\/plugins\/seo\/ -->\n<title>Empresa Mineira de Comunica\u00e7\u00e3o \u2013 EMC - EMC<\/title>\n<meta name=\"robots\" content=\"index, follow, max-snippet:-1, max-image-preview:large, max-video-preview:-1\" \/>\n<link rel=\"canonical\" href=\"https:\/\/emc.mg.gov.br\/institucional\/a-emc\/\" \/>\n<meta property=\"og:locale\" content=\"pt_BR\" \/>\n<meta property=\"og:type\" content=\"article\" \/>\n<meta property=\"og:title\" content=\"Empresa Mineira de Comunica\u00e7\u00e3o \u2013 EMC - EMC\" \/>\n<meta property=\"og:description\" content=\"Vinculada \u00e0 Secretaria de Estado de Comunica\u00e7\u00e3o\u2013 Secom, a EMC, criada em 26 de abril de 2017, \u00e9 uma Empresa P\u00fablica, que une estrategicamente as R\u00e1dios Inconfid\u00eancia AM e FM, a Rede Minas e a plataforma de streaming Minasplay. Essa iniciativa visa fortalecer a comunica\u00e7\u00e3o p\u00fablica em Minas Gerais por meio da coopera\u00e7\u00e3o e inova\u00e7\u00e3o [&hellip;]\" \/>\n<meta property=\"og:url\" content=\"https:\/\/emc.mg.gov.br\/institucional\/a-emc\/\" \/>\n<meta property=\"og:site_name\" content=\"EMC\" \/>\n<meta property=\"article:modified_time\" content=\"2025-05-26T11:37:28+00:00\" \/>\n<meta property=\"og:image\" content=\"http:\/\/emc.mg.gov.br\/institucional\/wp-content\/uploads\/2022\/10\/EMC_quemSomos.png\" \/>\n<meta name=\"twitter:card\" content=\"summary_large_image\" \/>\n<meta name=\"twitter:label1\" content=\"Est. tempo de leitura\" \/>\n\t<meta name=\"twitter:data1\" content=\"3 minutos\" \/>\n<script type=\"application\/ld+json\" class=\"yoast-schema-graph\">{\"@context\":\"https:\/\/schema.org\",\"@graph\":[{\"@type\":\"WebPage\",\"@id\":\"https:\/\/emc.mg.gov.br\/institucional\/a-emc\/\",\"url\":\"https:\/\/emc.mg.gov.br\/institucional\/a-emc\/\",\"name\":\"Empresa Mineira de Comunica\u00e7\u00e3o \u2013 EMC - EMC\",\"isPartOf\":{\"@id\":\"http:\/\/emc.mg.gov.br\/institucional\/#website\"},\"datePublished\":\"2022-10-05T14:40:54+00:00\",\"dateModified\":\"2025-05-26T11:37:28+00:00\",\"breadcrumb\":{\"@id\":\"https:\/\/emc.mg.gov.br\/institucional\/a-emc\/#breadcrumb\"},\"inLanguage\":\"pt-BR\",\"potentialAction\":[{\"@type\":\"ReadAction\",\"target\":[\"https:\/\/emc.mg.gov.br\/institucional\/a-emc\/\"]}]},{\"@type\":\"BreadcrumbList\",\"@id\":\"https:\/\/emc.mg.gov.br\/institucional\/a-emc\/#breadcrumb\",\"itemListElement\":[{\"@type\":\"ListItem\",\"position\":1,\"name\":\"In\u00edcio\",\"item\":\"http:\/\/emc.mg.gov.br\/institucional\/\"},{\"@type\":\"ListItem\",\"position\":2,\"name\":\"Empresa Mineira de Comunica\u00e7\u00e3o \u2013 EMC\"}]},{\"@type\":\"WebSite\",\"@id\":\"http:\/\/emc.mg.gov.br\/institucional\/#website\",\"url\":\"http:\/\/emc.mg.gov.br\/institucional\/\",\"name\":\"EMC\",\"description\":\"Empresa Mineira de Comunica\u00e7\u00e3o\",\"publisher\":{\"@id\":\"http:\/\/emc.mg.gov.br\/institucional\/#organization\"},\"potentialAction\":[{\"@type\":\"SearchAction\",\"target\":{\"@type\":\"EntryPoint\",\"urlTemplate\":\"http:\/\/emc.mg.gov.br\/institucional\/?s={search_term_string}\"},\"query-input\":\"required name=search_term_string\"}],\"inLanguage\":\"pt-BR\"},{\"@type\":\"Organization\",\"@id\":\"http:\/\/emc.mg.gov.br\/institucional\/#organization\",\"name\":\"EMC\",\"url\":\"http:\/\/emc.mg.gov.br\/institucional\/\",\"sameAs\":[],\"logo\":{\"@type\":\"ImageObject\",\"inLanguage\":\"pt-BR\",\"@id\":\"http:\/\/emc.mg.gov.br\/institucional\/#\/schema\/logo\/image\/\",\"url\":\"http:\/\/emc.mg.gov.br\/institucional\/wp-content\/uploads\/2022\/06\/EMCmarca.png\",\"contentUrl\":\"http:\/\/emc.mg.gov.br\/institucional\/wp-content\/uploads\/2022\/06\/EMCmarca.png\",\"width\":133,\"height\":89,\"caption\":\"EMC \"},\"image\":{\"@id\":\"http:\/\/emc.mg.gov.br\/institucional\/#\/schema\/logo\/image\/\"}}]}<\/script>\n<!-- \/ Yoast SEO plugin. -->","yoast_head_json":{"title":"Empresa Mineira de Comunica\u00e7\u00e3o \u2013 EMC - EMC","robots":{"index":"index","follow":"follow","max-snippet":"max-snippet:-1","max-image-preview":"max-image-preview:large","max-video-preview":"max-video-preview:-1"},"canonical":"https:\/\/emc.mg.gov.br\/institucional\/a-emc\/","og_locale":"pt_BR","og_type":"article","og_title":"Empresa Mineira de Comunica\u00e7\u00e3o \u2013 EMC - EMC","og_description":"Vinculada \u00e0 Secretaria de Estado de Comunica\u00e7\u00e3o\u2013 Secom, a EMC, criada em 26 de abril de 2017, \u00e9 uma Empresa P\u00fablica, que une estrategicamente as R\u00e1dios Inconfid\u00eancia AM e FM, a Rede Minas e a plataforma de streaming Minasplay. Essa iniciativa visa fortalecer a comunica\u00e7\u00e3o p\u00fablica em Minas Gerais por meio da coopera\u00e7\u00e3o e inova\u00e7\u00e3o [&hellip;]","og_url":"https:\/\/emc.mg.gov.br\/institucional\/a-emc\/","og_site_name":"EMC","article_modified_time":"2025-05-26T11:37:28+00:00","og_image":[{"url":"http:\/\/emc.mg.gov.br\/institucional\/wp-content\/uploads\/2022\/10\/EMC_quemSomos.png"}],"twitter_card":"summary_large_image","twitter_misc":{"Est. tempo de leitura":"3 minutos"},"schema":{"@context":"https:\/\/schema.org","@graph":[{"@type":"WebPage","@id":"https:\/\/emc.mg.gov.br\/institucional\/a-emc\/","url":"https:\/\/emc.mg.gov.br\/institucional\/a-emc\/","name":"Empresa Mineira de Comunica\u00e7\u00e3o \u2013 EMC - EMC","isPartOf":{"@id":"http:\/\/emc.mg.gov.br\/institucional\/#website"},"datePublished":"2022-10-05T14:40:54+00:00","dateModified":"2025-05-26T11:37:28+00:00","breadcrumb":{"@id":"https:\/\/emc.mg.gov.br\/institucional\/a-emc\/#breadcrumb"},"inLanguage":"pt-BR","potentialAction":[{"@type":"ReadAction","target":["https:\/\/emc.mg.gov.br\/institucional\/a-emc\/"]}]},{"@type":"BreadcrumbList","@id":"https:\/\/emc.mg.gov.br\/institucional\/a-emc\/#breadcrumb","itemListElement":[{"@type":"ListItem","position":1,"name":"In\u00edcio","item":"http:\/\/emc.mg.gov.br\/institucional\/"},{"@type":"ListItem","position":2,"name":"Empresa Mineira de Comunica\u00e7\u00e3o \u2013 EMC"}]},{"@type":"WebSite","@id":"http:\/\/emc.mg.gov.br\/institucional\/#website","url":"http:\/\/emc.mg.gov.br\/institucional\/","name":"EMC","description":"Empresa Mineira de Comunica\u00e7\u00e3o","publisher":{"@id":"http:\/\/emc.mg.gov.br\/institucional\/#organization"},"potentialAction":[{"@type":"SearchAction","target":{"@type":"EntryPoint","urlTemplate":"http:\/\/emc.mg.gov.br\/institucional\/?s={search_term_string}"},"query-input":"required name=search_term_string"}],"inLanguage":"pt-BR"},{"@type":"Organization","@id":"http:\/\/emc.mg.gov.br\/institucional\/#organization","name":"EMC","url":"http:\/\/emc.mg.gov.br\/institucional\/","sameAs":[],"logo":{"@type":"ImageObject","inLanguage":"pt-BR","@id":"http:\/\/emc.mg.gov.br\/institucional\/#\/schema\/logo\/image\/","url":"http:\/\/emc.mg.gov.br\/institucional\/wp-content\/uploads\/2022\/06\/EMCmarca.png","contentUrl":"http:\/\/emc.mg.gov.br\/institucional\/wp-content\/uploads\/2022\/06\/EMCmarca.png","width":133,"height":89,"caption":"EMC "},"image":{"@id":"http:\/\/emc.mg.gov.br\/institucional\/#\/schema\/logo\/image\/"}}]}},"_links":{"self":[{"href":"http:\/\/emc.mg.gov.br\/institucional\/wp-json\/wp\/v2\/pages\/1032"}],"collection":[{"href":"http:\/\/emc.mg.gov.br\/institucional\/wp-json\/wp\/v2\/pages"}],"about":[{"href":"http:\/\/emc.mg.gov.br\/institucional\/wp-json\/wp\/v2\/types\/page"}],"author":[{"embeddable":true,"href":"http:\/\/emc.mg.gov.br\/institucional\/wp-json\/wp\/v2\/users\/2"}],"replies":[{"embeddable":true,"href":"http:\/\/emc.mg.gov.br\/institucional\/wp-json\/wp\/v2\/comments?post=1032"}],"version-history":[{"count":22,"href":"http:\/\/emc.mg.gov.br\/institucional\/wp-json\/wp\/v2\/pages\/1032\/revisions"}],"predecessor-version":[{"id":3579,"href":"http:\/\/emc.mg.gov.br\/institucional\/wp-json\/wp\/v2\/pages\/1032\/revisions\/3579"}],"wp:attachment":[{"href":"http:\/\/emc.mg.gov.br\/institucional\/wp-json\/wp\/v2\/media?parent=1032"}],"curies":[{"name":"wp","href":"https:\/\/api.w.org\/{rel}","templated":true}]}}