{"id":1031,"date":"2022-10-05T11:48:23","date_gmt":"2022-10-05T14:48:23","guid":{"rendered":"http:\/\/emc.mg.gov.br\/institucional\/?page_id=1031"},"modified":"2025-02-13T13:43:26","modified_gmt":"2025-02-13T16:43:26","slug":"organograma","status":"publish","type":"page","link":"http:\/\/emc.mg.gov.br\/institucional\/organograma\/","title":{"rendered":"Organograma EMC"},"content":{"rendered":"\n<p>I \u2013 Unidade Colegiada:<\/p>\n\n\n\n<p>a) Conselho Curador;<\/p>\n\n\n\n<p>b) Conselho de Administra\u00e7\u00e3o<\/p>\n\n\n\n<p>c) Conselho Fiscal<\/p>\n\n\n\n<p>II \u2013 Dire\u00e7\u00e3o Superior:<\/p>\n\n\n\n<p>a) Diretoria Executiva;<\/p>\n\n\n\n<p>b) Presidente;<\/p>\n\n\n\n<p>c) Diretoria Geral;<\/p>\n\n\n\n<p>III \u2013 Unidades Administrativas:<\/p>\n\n\n\n<p>a) Assessoria de Comunica\u00e7\u00e3o;<\/p>\n\n\n\n<p>b) Assessoria de Tecnologia da Informa\u00e7\u00e3o;<\/p>\n\n\n\n<p>c) Auditoria Interna;<\/p>\n\n\n\n<p>d) Assessoria Jur\u00eddica;<\/p>\n\n\n\n<p>e) Diretoria T\u00e9cnica e Pol\u00edticas de Telecomunica\u00e7\u00e3o:<\/p>\n\n\n\n<p>1 \u2013 Ger\u00eancia de Manuten\u00e7\u00e3o e Opera\u00e7\u00f5es;<\/p>\n\n\n\n<p>\u2013 Supervis\u00e3o de Manuten\u00e7\u00e3o de TI de TV e R\u00e1dio<\/p>\n\n\n\n<p>\u2013 Supervis\u00e3o de Opera\u00e7\u00f5es de R\u00e1dio<\/p>\n\n\n\n<p>2 \u2013 Ger\u00eancia de Telecomunica\u00e7\u00f5es;<\/p>\n\n\n\n<p>\u2013 Supervis\u00e3o de Projetos de Engenharia e Expans\u00e3o<\/p>\n\n\n\n<p>\u2013 Supervis\u00e3o de Radiodifus\u00e3o e Opera\u00e7\u00f5es do Interior<\/p>\n\n\n\n<p>f) Diretoria de Conte\u00fado e Programa\u00e7\u00e3o:<\/p>\n\n\n\n<p>1 \u2013 Ger\u00eancia de Programa\u00e7\u00e3o;<\/p>\n\n\n\n<p>\u2013 Supervis\u00e3o de Chamadas<\/p>\n\n\n\n<p>\u2013 Supervis\u00e3o de Arte<\/p>\n\n\n\n<p>\u2013 Supervis\u00e3o de Programa\u00e7\u00e3o de R\u00e1dio e TV<\/p>\n\n\n\n<p>2 \u2013 Ger\u00eancia de Produ\u00e7\u00e3o;<\/p>\n\n\n\n<p>\u2013 Supervis\u00e3o de Acervo e Gest\u00e3o de M\u00eddias Digitais<\/p>\n\n\n\n<p>\u2013 Supervis\u00e3o de Grava\u00e7\u00e3o em Externas<\/p>\n\n\n\n<p>\u2013 Supervis\u00e3o de Produ\u00e7\u00e3o de TV e R\u00e1dio<\/p>\n\n\n\n<p>3 \u2013 Ger\u00eancia de Jornalismo e Esportes;<\/p>\n\n\n\n<p>\u2013 Supervis\u00e3o de Jornalismo e Esportes<\/p>\n\n\n\n<p>4 \u2013 Ger\u00eancia Art\u00edstica<\/p>\n\n\n\n<p>g) Diretoria de Marketing e Projetos:<\/p>\n\n\n\n<p>1 \u2013 Ger\u00eancia de Marketing e Comercial;<\/p>\n\n\n\n<p>2 \u2013 Ger\u00eancia de Parcerias e Projetos;<\/p>\n\n\n\n<p>h) Diretoria de Planejamento, Gest\u00e3o e Finan\u00e7as:<\/p>\n\n\n\n<p>1 \u2013 Ger\u00eancia de Log\u00edstica e Patrim\u00f4nio;<\/p>\n\n\n\n<p>\u2013 Supervis\u00e3o de Log\u00edstica, Manuten\u00e7\u00e3o e Patrim\u00f4nio<\/p>\n\n\n\n<p>\u2013 Supervis\u00e3o de Compras<\/p>\n\n\n\n<p>\u2013 Supervis\u00e3o de Contratos<\/p>\n\n\n\n<p>2 \u2013 Ger\u00eancia de Gest\u00e3o de Pessoas;<\/p>\n\n\n\n<p>\u2013 Supervis\u00e3o de RH e Desenvolvimento de Pessoas<\/p>\n\n\n\n<p>3 \u2013 Ger\u00eancia de Planejamento, Contabilidade e Finan\u00e7as.<\/p>\n\n\n\n<p>i) Diretoria do Audiovisual e Projetos Digitais<\/p>\n\n\n\n<p>1 \u2013 Ger\u00eancia de Produ\u00e7\u00e3o e Programa\u00e7\u00e3o Audiovisual Multiplataformas<\/p>\n\n\n\n<p>\u2013 Supervis\u00e3o de Produ\u00e7\u00e3o e Programa\u00e7\u00e3o de Conte\u00fado para Web<\/p>\n","protected":false},"excerpt":{"rendered":"<p>I \u2013 Unidade Colegiada: a) Conselho Curador; b) Conselho de Administra\u00e7\u00e3o c) Conselho Fiscal II \u2013 Dire\u00e7\u00e3o Superior: a) Diretoria Executiva; b) Presidente; c) Diretoria Geral; III \u2013 Unidades Administrativas: a) Assessoria de Comunica\u00e7\u00e3o; b) Assessoria de Tecnologia da Informa\u00e7\u00e3o; c) Auditoria Interna; d) Assessoria Jur\u00eddica; e) Diretoria T\u00e9cnica e Pol\u00edticas de Telecomunica\u00e7\u00e3o: 1 \u2013 [&hellip;]<\/p>\n","protected":false},"author":2,"featured_media":0,"parent":0,"menu_order":0,"comment_status":"closed","ping_status":"closed","template":"","meta":{"ub_ctt_via":""},"featured_image_src":null,"yoast_head":"<!-- This site is optimized with the Yoast SEO plugin v19.5.1 - https:\/\/yoast.com\/wordpress\/plugins\/seo\/ -->\n<title>Organograma EMC - EMC<\/title>\n<meta name=\"robots\" content=\"index, follow, max-snippet:-1, max-image-preview:large, max-video-preview:-1\" \/>\n<link rel=\"canonical\" href=\"http:\/\/emc.mg.gov.br\/institucional\/organograma\/\" \/>\n<meta property=\"og:locale\" content=\"pt_BR\" \/>\n<meta property=\"og:type\" content=\"article\" \/>\n<meta property=\"og:title\" content=\"Organograma EMC - EMC\" \/>\n<meta property=\"og:description\" content=\"I \u2013 Unidade Colegiada: a) Conselho Curador; b) Conselho de Administra\u00e7\u00e3o c) Conselho Fiscal II \u2013 Dire\u00e7\u00e3o Superior: a) Diretoria Executiva; b) Presidente; c) Diretoria Geral; III \u2013 Unidades Administrativas: a) Assessoria de Comunica\u00e7\u00e3o; b) Assessoria de Tecnologia da Informa\u00e7\u00e3o; c) Auditoria Interna; d) Assessoria Jur\u00eddica; e) Diretoria T\u00e9cnica e Pol\u00edticas de Telecomunica\u00e7\u00e3o: 1 \u2013 [&hellip;]\" \/>\n<meta property=\"og:url\" content=\"http:\/\/emc.mg.gov.br\/institucional\/organograma\/\" \/>\n<meta property=\"og:site_name\" content=\"EMC\" \/>\n<meta property=\"article:modified_time\" content=\"2025-02-13T16:43:26+00:00\" \/>\n<meta name=\"twitter:card\" content=\"summary_large_image\" \/>\n<meta name=\"twitter:label1\" content=\"Est. tempo de leitura\" \/>\n\t<meta name=\"twitter:data1\" content=\"1 minuto\" \/>\n<script type=\"application\/ld+json\" class=\"yoast-schema-graph\">{\"@context\":\"https:\/\/schema.org\",\"@graph\":[{\"@type\":\"WebPage\",\"@id\":\"http:\/\/emc.mg.gov.br\/institucional\/organograma\/\",\"url\":\"http:\/\/emc.mg.gov.br\/institucional\/organograma\/\",\"name\":\"Organograma EMC - EMC\",\"isPartOf\":{\"@id\":\"https:\/\/emc.mg.gov.br\/institucional\/#website\"},\"datePublished\":\"2022-10-05T14:48:23+00:00\",\"dateModified\":\"2025-02-13T16:43:26+00:00\",\"breadcrumb\":{\"@id\":\"http:\/\/emc.mg.gov.br\/institucional\/organograma\/#breadcrumb\"},\"inLanguage\":\"pt-BR\",\"potentialAction\":[{\"@type\":\"ReadAction\",\"target\":[\"http:\/\/emc.mg.gov.br\/institucional\/organograma\/\"]}]},{\"@type\":\"BreadcrumbList\",\"@id\":\"http:\/\/emc.mg.gov.br\/institucional\/organograma\/#breadcrumb\",\"itemListElement\":[{\"@type\":\"ListItem\",\"position\":1,\"name\":\"In\u00edcio\",\"item\":\"https:\/\/emc.mg.gov.br\/institucional\/\"},{\"@type\":\"ListItem\",\"position\":2,\"name\":\"Organograma EMC\"}]},{\"@type\":\"WebSite\",\"@id\":\"https:\/\/emc.mg.gov.br\/institucional\/#website\",\"url\":\"https:\/\/emc.mg.gov.br\/institucional\/\",\"name\":\"EMC\",\"description\":\"Empresa Mineira de Comunica\u00e7\u00e3o\",\"publisher\":{\"@id\":\"https:\/\/emc.mg.gov.br\/institucional\/#organization\"},\"potentialAction\":[{\"@type\":\"SearchAction\",\"target\":{\"@type\":\"EntryPoint\",\"urlTemplate\":\"https:\/\/emc.mg.gov.br\/institucional\/?s={search_term_string}\"},\"query-input\":\"required name=search_term_string\"}],\"inLanguage\":\"pt-BR\"},{\"@type\":\"Organization\",\"@id\":\"https:\/\/emc.mg.gov.br\/institucional\/#organization\",\"name\":\"EMC\",\"url\":\"https:\/\/emc.mg.gov.br\/institucional\/\",\"sameAs\":[],\"logo\":{\"@type\":\"ImageObject\",\"inLanguage\":\"pt-BR\",\"@id\":\"https:\/\/emc.mg.gov.br\/institucional\/#\/schema\/logo\/image\/\",\"url\":\"http:\/\/emc.mg.gov.br\/institucional\/wp-content\/uploads\/2022\/06\/EMCmarca.png\",\"contentUrl\":\"http:\/\/emc.mg.gov.br\/institucional\/wp-content\/uploads\/2022\/06\/EMCmarca.png\",\"width\":133,\"height\":89,\"caption\":\"EMC \"},\"image\":{\"@id\":\"https:\/\/emc.mg.gov.br\/institucional\/#\/schema\/logo\/image\/\"}}]}<\/script>\n<!-- \/ Yoast SEO plugin. -->","yoast_head_json":{"title":"Organograma EMC - EMC","robots":{"index":"index","follow":"follow","max-snippet":"max-snippet:-1","max-image-preview":"max-image-preview:large","max-video-preview":"max-video-preview:-1"},"canonical":"http:\/\/emc.mg.gov.br\/institucional\/organograma\/","og_locale":"pt_BR","og_type":"article","og_title":"Organograma EMC - EMC","og_description":"I \u2013 Unidade Colegiada: a) Conselho Curador; b) Conselho de Administra\u00e7\u00e3o c) Conselho Fiscal II \u2013 Dire\u00e7\u00e3o Superior: a) Diretoria Executiva; b) Presidente; c) Diretoria Geral; III \u2013 Unidades Administrativas: a) Assessoria de Comunica\u00e7\u00e3o; b) Assessoria de Tecnologia da Informa\u00e7\u00e3o; c) Auditoria Interna; d) Assessoria Jur\u00eddica; e) Diretoria T\u00e9cnica e Pol\u00edticas de Telecomunica\u00e7\u00e3o: 1 \u2013 [&hellip;]","og_url":"http:\/\/emc.mg.gov.br\/institucional\/organograma\/","og_site_name":"EMC","article_modified_time":"2025-02-13T16:43:26+00:00","twitter_card":"summary_large_image","twitter_misc":{"Est. tempo de leitura":"1 minuto"},"schema":{"@context":"https:\/\/schema.org","@graph":[{"@type":"WebPage","@id":"http:\/\/emc.mg.gov.br\/institucional\/organograma\/","url":"http:\/\/emc.mg.gov.br\/institucional\/organograma\/","name":"Organograma EMC - EMC","isPartOf":{"@id":"https:\/\/emc.mg.gov.br\/institucional\/#website"},"datePublished":"2022-10-05T14:48:23+00:00","dateModified":"2025-02-13T16:43:26+00:00","breadcrumb":{"@id":"http:\/\/emc.mg.gov.br\/institucional\/organograma\/#breadcrumb"},"inLanguage":"pt-BR","potentialAction":[{"@type":"ReadAction","target":["http:\/\/emc.mg.gov.br\/institucional\/organograma\/"]}]},{"@type":"BreadcrumbList","@id":"http:\/\/emc.mg.gov.br\/institucional\/organograma\/#breadcrumb","itemListElement":[{"@type":"ListItem","position":1,"name":"In\u00edcio","item":"https:\/\/emc.mg.gov.br\/institucional\/"},{"@type":"ListItem","position":2,"name":"Organograma EMC"}]},{"@type":"WebSite","@id":"https:\/\/emc.mg.gov.br\/institucional\/#website","url":"https:\/\/emc.mg.gov.br\/institucional\/","name":"EMC","description":"Empresa Mineira de Comunica\u00e7\u00e3o","publisher":{"@id":"https:\/\/emc.mg.gov.br\/institucional\/#organization"},"potentialAction":[{"@type":"SearchAction","target":{"@type":"EntryPoint","urlTemplate":"https:\/\/emc.mg.gov.br\/institucional\/?s={search_term_string}"},"query-input":"required name=search_term_string"}],"inLanguage":"pt-BR"},{"@type":"Organization","@id":"https:\/\/emc.mg.gov.br\/institucional\/#organization","name":"EMC","url":"https:\/\/emc.mg.gov.br\/institucional\/","sameAs":[],"logo":{"@type":"ImageObject","inLanguage":"pt-BR","@id":"https:\/\/emc.mg.gov.br\/institucional\/#\/schema\/logo\/image\/","url":"http:\/\/emc.mg.gov.br\/institucional\/wp-content\/uploads\/2022\/06\/EMCmarca.png","contentUrl":"http:\/\/emc.mg.gov.br\/institucional\/wp-content\/uploads\/2022\/06\/EMCmarca.png","width":133,"height":89,"caption":"EMC "},"image":{"@id":"https:\/\/emc.mg.gov.br\/institucional\/#\/schema\/logo\/image\/"}}]}},"_links":{"self":[{"href":"http:\/\/emc.mg.gov.br\/institucional\/wp-json\/wp\/v2\/pages\/1031"}],"collection":[{"href":"http:\/\/emc.mg.gov.br\/institucional\/wp-json\/wp\/v2\/pages"}],"about":[{"href":"http:\/\/emc.mg.gov.br\/institucional\/wp-json\/wp\/v2\/types\/page"}],"author":[{"embeddable":true,"href":"http:\/\/emc.mg.gov.br\/institucional\/wp-json\/wp\/v2\/users\/2"}],"replies":[{"embeddable":true,"href":"http:\/\/emc.mg.gov.br\/institucional\/wp-json\/wp\/v2\/comments?post=1031"}],"version-history":[{"count":4,"href":"http:\/\/emc.mg.gov.br\/institucional\/wp-json\/wp\/v2\/pages\/1031\/revisions"}],"predecessor-version":[{"id":3286,"href":"http:\/\/emc.mg.gov.br\/institucional\/wp-json\/wp\/v2\/pages\/1031\/revisions\/3286"}],"wp:attachment":[{"href":"http:\/\/emc.mg.gov.br\/institucional\/wp-json\/wp\/v2\/media?parent=1031"}],"curies":[{"name":"wp","href":"https:\/\/api.w.org\/{rel}","templated":true}]}}