{"id":1010,"date":"2022-09-30T14:28:36","date_gmt":"2022-09-30T17:28:36","guid":{"rendered":"http:\/\/emc.mg.gov.br\/institucional\/?page_id=1010"},"modified":"2026-02-26T08:05:06","modified_gmt":"2026-02-26T11:05:06","slug":"veiculacao","status":"publish","type":"page","link":"http:\/\/emc.mg.gov.br\/institucional\/veiculacao\/","title":{"rendered":"Veicula\u00e7\u00e3o"},"content":{"rendered":"\n<div class=\"wp-container-3 wp-block-columns\">\n<div class=\"wp-container-1 wp-block-column\" style=\"flex-basis:66.66%\">\n<p><strong>A EMC &#8211; Empresa Mineira de Comunica\u00e7\u00e3o disponibiliza abaixo a tabela de pre\u00e7os da R\u00e1dio Inconfid\u00eancia AM e FM. <\/strong> <\/p>\n\n\n\n<div class=\"wp-block-file\"><object class=\"wp-block-file__embed\" data=\"http:\/\/emc.mg.gov.br\/institucional\/wp-content\/uploads\/2026\/02\/TABELAS-2026-RA\u0301DIO-INCONFIDE\u0302NCIA-AM-E-FM.pdf\" type=\"application\/pdf\" style=\"width:100%;height:600px\" aria-label=\"Incorporado de TABELA 2026 - RA\u0301DIO INCONFIDE\u0302NCIA AM E FM.\"><\/object><a id=\"wp-block-file--media-7fd556b0-3ce7-48a4-9a26-29d66f4024df\" href=\"http:\/\/emc.mg.gov.br\/institucional\/wp-content\/uploads\/2026\/02\/TABELAS-2026-RA\u0301DIO-INCONFIDE\u0302NCIA-AM-E-FM.pdf\" target=\"_blank\" rel=\"noreferrer noopener\">TABELA 2026 &#8211; RA\u0301DIO INCONFIDE\u0302NCIA AM E FM<\/a><\/div>\n\n\n\n<p>Para verificar a tabela de pre\u00e7os da Rede Minas, <a href=\"http:\/\/redeminas.tv\/tabela-de-precos\/\" target=\"_blank\" rel=\"noreferrer noopener\">acesse esse link<\/a>.<\/p>\n<\/div>\n\n\n\n<div class=\"wp-container-2 wp-block-column\" style=\"flex-basis:33.33%\">\n<p><\/p>\n\n\n\n<div style=\"height:17px\" aria-hidden=\"true\" class=\"wp-block-spacer\"><\/div>\n\n\n\n<p>Consulte o Departamento de Capta\u00e7\u00e3o, Projetos e Parcerias sobre outros formatos e oportunidades de patroc\u00ednio de programas, quadros, eventos e coberturas atrav\u00e9s do e-mail: comercial@inconfidencia.com.br.<\/p>\n\n\n\n<h4><\/h4>\n\n\n\n<p><\/p>\n\n\n\n<h4><\/h4>\n\n\n\n<p><\/p>\n<\/div>\n<\/div>\n\n\n\n<p><\/p>\n","protected":false},"excerpt":{"rendered":"<p>A EMC &#8211; Empresa Mineira de Comunica\u00e7\u00e3o disponibiliza abaixo a tabela de pre\u00e7os da R\u00e1dio Inconfid\u00eancia AM e FM. Para verificar a tabela de pre\u00e7os da Rede Minas, acesse esse link. Consulte o Departamento de Capta\u00e7\u00e3o, Projetos e Parcerias sobre outros formatos e oportunidades de patroc\u00ednio de programas, quadros, eventos e coberturas atrav\u00e9s do e-mail: [&hellip;]<\/p>\n","protected":false},"author":2,"featured_media":0,"parent":0,"menu_order":0,"comment_status":"closed","ping_status":"closed","template":"","meta":{"ub_ctt_via":""},"featured_image_src":null,"yoast_head":"<!-- This site is optimized with the Yoast SEO plugin v19.5.1 - https:\/\/yoast.com\/wordpress\/plugins\/seo\/ -->\n<title>Veicula\u00e7\u00e3o - EMC<\/title>\n<meta name=\"robots\" content=\"index, follow, max-snippet:-1, max-image-preview:large, max-video-preview:-1\" \/>\n<link rel=\"canonical\" href=\"https:\/\/emc.mg.gov.br\/institucional\/veiculacao\/\" \/>\n<meta property=\"og:locale\" content=\"pt_BR\" \/>\n<meta property=\"og:type\" content=\"article\" \/>\n<meta property=\"og:title\" content=\"Veicula\u00e7\u00e3o - EMC\" \/>\n<meta property=\"og:description\" content=\"A EMC &#8211; Empresa Mineira de Comunica\u00e7\u00e3o disponibiliza abaixo a tabela de pre\u00e7os da R\u00e1dio Inconfid\u00eancia AM e FM. Para verificar a tabela de pre\u00e7os da Rede Minas, acesse esse link. Consulte o Departamento de Capta\u00e7\u00e3o, Projetos e Parcerias sobre outros formatos e oportunidades de patroc\u00ednio de programas, quadros, eventos e coberturas atrav\u00e9s do e-mail: [&hellip;]\" \/>\n<meta property=\"og:url\" content=\"https:\/\/emc.mg.gov.br\/institucional\/veiculacao\/\" \/>\n<meta property=\"og:site_name\" content=\"EMC\" \/>\n<meta property=\"article:modified_time\" content=\"2026-02-26T11:05:06+00:00\" \/>\n<meta name=\"twitter:card\" content=\"summary_large_image\" \/>\n<script type=\"application\/ld+json\" class=\"yoast-schema-graph\">{\"@context\":\"https:\/\/schema.org\",\"@graph\":[{\"@type\":\"WebPage\",\"@id\":\"https:\/\/emc.mg.gov.br\/institucional\/veiculacao\/\",\"url\":\"https:\/\/emc.mg.gov.br\/institucional\/veiculacao\/\",\"name\":\"Veicula\u00e7\u00e3o - EMC\",\"isPartOf\":{\"@id\":\"https:\/\/emc.mg.gov.br\/institucional\/#website\"},\"datePublished\":\"2022-09-30T17:28:36+00:00\",\"dateModified\":\"2026-02-26T11:05:06+00:00\",\"breadcrumb\":{\"@id\":\"https:\/\/emc.mg.gov.br\/institucional\/veiculacao\/#breadcrumb\"},\"inLanguage\":\"pt-BR\",\"potentialAction\":[{\"@type\":\"ReadAction\",\"target\":[\"https:\/\/emc.mg.gov.br\/institucional\/veiculacao\/\"]}]},{\"@type\":\"BreadcrumbList\",\"@id\":\"https:\/\/emc.mg.gov.br\/institucional\/veiculacao\/#breadcrumb\",\"itemListElement\":[{\"@type\":\"ListItem\",\"position\":1,\"name\":\"In\u00edcio\",\"item\":\"https:\/\/emc.mg.gov.br\/institucional\/\"},{\"@type\":\"ListItem\",\"position\":2,\"name\":\"Veicula\u00e7\u00e3o\"}]},{\"@type\":\"WebSite\",\"@id\":\"https:\/\/emc.mg.gov.br\/institucional\/#website\",\"url\":\"https:\/\/emc.mg.gov.br\/institucional\/\",\"name\":\"EMC\",\"description\":\"Empresa Mineira de Comunica\u00e7\u00e3o\",\"publisher\":{\"@id\":\"https:\/\/emc.mg.gov.br\/institucional\/#organization\"},\"potentialAction\":[{\"@type\":\"SearchAction\",\"target\":{\"@type\":\"EntryPoint\",\"urlTemplate\":\"https:\/\/emc.mg.gov.br\/institucional\/?s={search_term_string}\"},\"query-input\":\"required name=search_term_string\"}],\"inLanguage\":\"pt-BR\"},{\"@type\":\"Organization\",\"@id\":\"https:\/\/emc.mg.gov.br\/institucional\/#organization\",\"name\":\"EMC\",\"url\":\"https:\/\/emc.mg.gov.br\/institucional\/\",\"sameAs\":[],\"logo\":{\"@type\":\"ImageObject\",\"inLanguage\":\"pt-BR\",\"@id\":\"https:\/\/emc.mg.gov.br\/institucional\/#\/schema\/logo\/image\/\",\"url\":\"http:\/\/emc.mg.gov.br\/institucional\/wp-content\/uploads\/2022\/06\/EMCmarca.png\",\"contentUrl\":\"http:\/\/emc.mg.gov.br\/institucional\/wp-content\/uploads\/2022\/06\/EMCmarca.png\",\"width\":133,\"height\":89,\"caption\":\"EMC \"},\"image\":{\"@id\":\"https:\/\/emc.mg.gov.br\/institucional\/#\/schema\/logo\/image\/\"}}]}<\/script>\n<!-- \/ Yoast SEO plugin. -->","yoast_head_json":{"title":"Veicula\u00e7\u00e3o - EMC","robots":{"index":"index","follow":"follow","max-snippet":"max-snippet:-1","max-image-preview":"max-image-preview:large","max-video-preview":"max-video-preview:-1"},"canonical":"https:\/\/emc.mg.gov.br\/institucional\/veiculacao\/","og_locale":"pt_BR","og_type":"article","og_title":"Veicula\u00e7\u00e3o - EMC","og_description":"A EMC &#8211; Empresa Mineira de Comunica\u00e7\u00e3o disponibiliza abaixo a tabela de pre\u00e7os da R\u00e1dio Inconfid\u00eancia AM e FM. Para verificar a tabela de pre\u00e7os da Rede Minas, acesse esse link. Consulte o Departamento de Capta\u00e7\u00e3o, Projetos e Parcerias sobre outros formatos e oportunidades de patroc\u00ednio de programas, quadros, eventos e coberturas atrav\u00e9s do e-mail: [&hellip;]","og_url":"https:\/\/emc.mg.gov.br\/institucional\/veiculacao\/","og_site_name":"EMC","article_modified_time":"2026-02-26T11:05:06+00:00","twitter_card":"summary_large_image","schema":{"@context":"https:\/\/schema.org","@graph":[{"@type":"WebPage","@id":"https:\/\/emc.mg.gov.br\/institucional\/veiculacao\/","url":"https:\/\/emc.mg.gov.br\/institucional\/veiculacao\/","name":"Veicula\u00e7\u00e3o - EMC","isPartOf":{"@id":"https:\/\/emc.mg.gov.br\/institucional\/#website"},"datePublished":"2022-09-30T17:28:36+00:00","dateModified":"2026-02-26T11:05:06+00:00","breadcrumb":{"@id":"https:\/\/emc.mg.gov.br\/institucional\/veiculacao\/#breadcrumb"},"inLanguage":"pt-BR","potentialAction":[{"@type":"ReadAction","target":["https:\/\/emc.mg.gov.br\/institucional\/veiculacao\/"]}]},{"@type":"BreadcrumbList","@id":"https:\/\/emc.mg.gov.br\/institucional\/veiculacao\/#breadcrumb","itemListElement":[{"@type":"ListItem","position":1,"name":"In\u00edcio","item":"https:\/\/emc.mg.gov.br\/institucional\/"},{"@type":"ListItem","position":2,"name":"Veicula\u00e7\u00e3o"}]},{"@type":"WebSite","@id":"https:\/\/emc.mg.gov.br\/institucional\/#website","url":"https:\/\/emc.mg.gov.br\/institucional\/","name":"EMC","description":"Empresa Mineira de Comunica\u00e7\u00e3o","publisher":{"@id":"https:\/\/emc.mg.gov.br\/institucional\/#organization"},"potentialAction":[{"@type":"SearchAction","target":{"@type":"EntryPoint","urlTemplate":"https:\/\/emc.mg.gov.br\/institucional\/?s={search_term_string}"},"query-input":"required name=search_term_string"}],"inLanguage":"pt-BR"},{"@type":"Organization","@id":"https:\/\/emc.mg.gov.br\/institucional\/#organization","name":"EMC","url":"https:\/\/emc.mg.gov.br\/institucional\/","sameAs":[],"logo":{"@type":"ImageObject","inLanguage":"pt-BR","@id":"https:\/\/emc.mg.gov.br\/institucional\/#\/schema\/logo\/image\/","url":"http:\/\/emc.mg.gov.br\/institucional\/wp-content\/uploads\/2022\/06\/EMCmarca.png","contentUrl":"http:\/\/emc.mg.gov.br\/institucional\/wp-content\/uploads\/2022\/06\/EMCmarca.png","width":133,"height":89,"caption":"EMC "},"image":{"@id":"https:\/\/emc.mg.gov.br\/institucional\/#\/schema\/logo\/image\/"}}]}},"_links":{"self":[{"href":"http:\/\/emc.mg.gov.br\/institucional\/wp-json\/wp\/v2\/pages\/1010"}],"collection":[{"href":"http:\/\/emc.mg.gov.br\/institucional\/wp-json\/wp\/v2\/pages"}],"about":[{"href":"http:\/\/emc.mg.gov.br\/institucional\/wp-json\/wp\/v2\/types\/page"}],"author":[{"embeddable":true,"href":"http:\/\/emc.mg.gov.br\/institucional\/wp-json\/wp\/v2\/users\/2"}],"replies":[{"embeddable":true,"href":"http:\/\/emc.mg.gov.br\/institucional\/wp-json\/wp\/v2\/comments?post=1010"}],"version-history":[{"count":41,"href":"http:\/\/emc.mg.gov.br\/institucional\/wp-json\/wp\/v2\/pages\/1010\/revisions"}],"predecessor-version":[{"id":4105,"href":"http:\/\/emc.mg.gov.br\/institucional\/wp-json\/wp\/v2\/pages\/1010\/revisions\/4105"}],"wp:attachment":[{"href":"http:\/\/emc.mg.gov.br\/institucional\/wp-json\/wp\/v2\/media?parent=1010"}],"curies":[{"name":"wp","href":"https:\/\/api.w.org\/{rel}","templated":true}]}}